{"id":995914,"date":"2023-02-24T13:07:45","date_gmt":"2023-02-24T13:07:45","guid":{"rendered":"https:\/\/isfelevator.com\/product\/gcop-1320-cabin-operating-panel\/"},"modified":"2023-02-26T09:48:15","modified_gmt":"2023-02-26T09:48:15","slug":"panel-de-control-de-cabina-gcop-1320","status":"publish","type":"product","link":"https:\/\/isfelevator.com\/es\/producto\/panel-de-control-de-cabina-gcop-1320\/","title":{"rendered":"Panel de control de cabina GCOP 1320"},"content":{"rendered":"<p><strong>Panel de control de cabina GCOP 1320<\/strong><\/p>\n<p><strong>GCOP 1320<\/strong> Fabricado en vidrio Con bot\u00f3n t\u00e1ctil Se puede utilizar con todos los tipos de indicador. Uso en serie con conexi\u00f3n seriel y parralel.<\/p>\n","protected":false},"excerpt":{"rendered":"<p><strong>GCOP 1320<\/strong> Panel de cristal abatible de media altura<\/p>\n","protected":false},"featured_media":993529,"comment_status":"open","ping_status":"closed","template":"","meta":[],"product_brand":[],"product_cat":[812,824],"product_tag":[],"class_list":{"0":"post-995914","1":"product","2":"type-product","3":"status-publish","4":"has-post-thumbnail","6":"product_cat-accesorios-de-ascensor","7":"product_cat-serie-azul","9":"first","10":"instock","11":"shipping-taxable","12":"product-type-simple","13":"prodpage-style2"},"_links":{"self":[{"href":"https:\/\/isfelevator.com\/es\/wp-json\/wp\/v2\/product\/995914","targetHints":{"allow":["GET"]}}],"collection":[{"href":"https:\/\/isfelevator.com\/es\/wp-json\/wp\/v2\/product"}],"about":[{"href":"https:\/\/isfelevator.com\/es\/wp-json\/wp\/v2\/types\/product"}],"replies":[{"embeddable":true,"href":"https:\/\/isfelevator.com\/es\/wp-json\/wp\/v2\/comments?post=995914"}],"wp:featuredmedia":[{"embeddable":true,"href":"https:\/\/isfelevator.com\/es\/wp-json\/wp\/v2\/media\/993529"}],"wp:attachment":[{"href":"https:\/\/isfelevator.com\/es\/wp-json\/wp\/v2\/media?parent=995914"}],"wp:term":[{"taxonomy":"product_brand","embeddable":true,"href":"https:\/\/isfelevator.com\/es\/wp-json\/wp\/v2\/product_brand?post=995914"},{"taxonomy":"product_cat","embeddable":true,"href":"https:\/\/isfelevator.com\/es\/wp-json\/wp\/v2\/product_cat?post=995914"},{"taxonomy":"product_tag","embeddable":true,"href":"https:\/\/isfelevator.com\/es\/wp-json\/wp\/v2\/product_tag?post=995914"}],"curies":[{"name":"wp","href":"https:\/\/api.w.org\/{rel}","templated":true}]}}