{"id":995781,"date":"2023-02-24T13:08:14","date_gmt":"2023-02-24T13:08:14","guid":{"rendered":"https:\/\/isfelevator.com\/product\/junior-lcd-indicators\/"},"modified":"2023-02-25T19:21:15","modified_gmt":"2023-02-25T19:21:15","slug":"junior-lcd-indicators","status":"publish","type":"product","link":"https:\/\/isfelevator.com\/es\/producto\/junior-lcd-indicators\/","title":{"rendered":"Indicadores LCD JUNIOR"},"content":{"rendered":"<p><strong>Indicadores LCD JUNIOR<\/strong><\/p>\n<p><strong>Pantalla LCD JUNIOR<\/strong> Pantalla LCD gr\u00e1fica programable, Resoluci\u00f3n 128\u044564 p\u00edxeles, Tama\u00f1o de la pantalla 70\u04454mm, tama\u00f1o de toda la unidad 110\u044571\u044528mm, Tensi\u00f3n de funcionamiento 12VDC &#8211; 30 VDC, Alimentaci\u00f3n lineal, Codificaci\u00f3n mediante kit de programaci\u00f3n PP200 y ordenador personal.<\/p>\n","protected":false},"excerpt":{"rendered":"<p>Indicador gr\u00e1fico LCD programable JUNIOR<\/p>\n","protected":false},"featured_media":993745,"comment_status":"open","ping_status":"closed","template":"","meta":[],"product_brand":[],"product_cat":[628,639],"product_tag":[],"class_list":{"0":"post-995781","1":"product","2":"type-product","3":"status-publish","4":"has-post-thumbnail","6":"product_cat-componentes-hardware","7":"product_cat-indicadores","9":"first","10":"instock","11":"shipping-taxable","12":"product-type-simple","13":"prodpage-style2"},"_links":{"self":[{"href":"https:\/\/isfelevator.com\/es\/wp-json\/wp\/v2\/product\/995781","targetHints":{"allow":["GET"]}}],"collection":[{"href":"https:\/\/isfelevator.com\/es\/wp-json\/wp\/v2\/product"}],"about":[{"href":"https:\/\/isfelevator.com\/es\/wp-json\/wp\/v2\/types\/product"}],"replies":[{"embeddable":true,"href":"https:\/\/isfelevator.com\/es\/wp-json\/wp\/v2\/comments?post=995781"}],"wp:featuredmedia":[{"embeddable":true,"href":"https:\/\/isfelevator.com\/es\/wp-json\/wp\/v2\/media\/993745"}],"wp:attachment":[{"href":"https:\/\/isfelevator.com\/es\/wp-json\/wp\/v2\/media?parent=995781"}],"wp:term":[{"taxonomy":"product_brand","embeddable":true,"href":"https:\/\/isfelevator.com\/es\/wp-json\/wp\/v2\/product_brand?post=995781"},{"taxonomy":"product_cat","embeddable":true,"href":"https:\/\/isfelevator.com\/es\/wp-json\/wp\/v2\/product_cat?post=995781"},{"taxonomy":"product_tag","embeddable":true,"href":"https:\/\/isfelevator.com\/es\/wp-json\/wp\/v2\/product_tag?post=995781"}],"curies":[{"name":"wp","href":"https:\/\/api.w.org\/{rel}","templated":true}]}}