{"id":995754,"date":"2023-02-24T13:08:14","date_gmt":"2023-02-24T13:08:14","guid":{"rendered":"https:\/\/isfelevator.com\/product\/pkd230gs7-indicators\/"},"modified":"2023-02-25T18:58:13","modified_gmt":"2023-02-25T18:58:13","slug":"pkd230gs7-indicadores","status":"publish","type":"product","link":"https:\/\/isfelevator.com\/es\/producto\/pkd230gs7-indicadores\/","title":{"rendered":"PKD230GS7 Indicadores"},"content":{"rendered":"<p><strong>PKD230GS7 Indicadores<\/strong><\/p>\n<p><strong>PKD230GS7<\/strong> Hasta 32 descansillos, Instalaci\u00f3n r\u00e1pida y sencilla, Pantalla de matriz de puntos de texto corrido, Codificaci\u00f3n mediante kit de programaci\u00f3n PP200 y ordenador personal.<\/p>\n","protected":false},"excerpt":{"rendered":"<p><strong>PKD230GS7<\/strong> Indicador de matriz de puntos<\/p>\n","protected":false},"featured_media":993697,"comment_status":"open","ping_status":"closed","template":"","meta":[],"product_brand":[],"product_cat":[628,639],"product_tag":[],"class_list":{"0":"post-995754","1":"product","2":"type-product","3":"status-publish","4":"has-post-thumbnail","6":"product_cat-componentes-hardware","7":"product_cat-indicadores","9":"first","10":"instock","11":"shipping-taxable","12":"product-type-simple","13":"prodpage-style2"},"_links":{"self":[{"href":"https:\/\/isfelevator.com\/es\/wp-json\/wp\/v2\/product\/995754","targetHints":{"allow":["GET"]}}],"collection":[{"href":"https:\/\/isfelevator.com\/es\/wp-json\/wp\/v2\/product"}],"about":[{"href":"https:\/\/isfelevator.com\/es\/wp-json\/wp\/v2\/types\/product"}],"replies":[{"embeddable":true,"href":"https:\/\/isfelevator.com\/es\/wp-json\/wp\/v2\/comments?post=995754"}],"wp:featuredmedia":[{"embeddable":true,"href":"https:\/\/isfelevator.com\/es\/wp-json\/wp\/v2\/media\/993697"}],"wp:attachment":[{"href":"https:\/\/isfelevator.com\/es\/wp-json\/wp\/v2\/media?parent=995754"}],"wp:term":[{"taxonomy":"product_brand","embeddable":true,"href":"https:\/\/isfelevator.com\/es\/wp-json\/wp\/v2\/product_brand?post=995754"},{"taxonomy":"product_cat","embeddable":true,"href":"https:\/\/isfelevator.com\/es\/wp-json\/wp\/v2\/product_cat?post=995754"},{"taxonomy":"product_tag","embeddable":true,"href":"https:\/\/isfelevator.com\/es\/wp-json\/wp\/v2\/product_tag?post=995754"}],"curies":[{"name":"wp","href":"https:\/\/api.w.org\/{rel}","templated":true}]}}