{"id":995745,"date":"2023-02-24T13:08:14","date_gmt":"2023-02-24T13:08:14","guid":{"rendered":"https:\/\/isfelevator.com\/product\/av-dsar-indicators\/"},"modified":"2023-02-25T18:39:37","modified_gmt":"2023-02-25T18:39:37","slug":"av-dsar-indicators","status":"publish","type":"product","link":"https:\/\/isfelevator.com\/es\/producto\/av-dsar-indicators\/","title":{"rendered":"Indicadores AV-DSAR"},"content":{"rendered":"<p><strong>Indicadores<\/strong> <strong>AV-DSAR<\/strong><\/p>\n<p>La pantalla LED de matriz de puntos <strong>AV-DSAR<\/strong> puede utilizarse en paneles de operador de aterrizaje o de cabina seg\u00fan se programe en vertical u horizontal. -Soporte de rango de aterrizaje de -9 a +19, Instalaci\u00f3n r\u00e1pida y sencilla, Codificaci\u00f3n de entrada firme de 7 segmentos.<\/p>\n","protected":false},"excerpt":{"rendered":"<p>Indicador de 7 segmentos <strong>AV-DSAR<\/strong><\/p>\n","protected":false},"featured_media":993667,"comment_status":"open","ping_status":"closed","template":"","meta":[],"product_brand":[],"product_cat":[628,639],"product_tag":[],"class_list":{"0":"post-995745","1":"product","2":"type-product","3":"status-publish","4":"has-post-thumbnail","6":"product_cat-componentes-hardware","7":"product_cat-indicadores","9":"first","10":"instock","11":"shipping-taxable","12":"product-type-simple","13":"prodpage-style2"},"_links":{"self":[{"href":"https:\/\/isfelevator.com\/es\/wp-json\/wp\/v2\/product\/995745","targetHints":{"allow":["GET"]}}],"collection":[{"href":"https:\/\/isfelevator.com\/es\/wp-json\/wp\/v2\/product"}],"about":[{"href":"https:\/\/isfelevator.com\/es\/wp-json\/wp\/v2\/types\/product"}],"replies":[{"embeddable":true,"href":"https:\/\/isfelevator.com\/es\/wp-json\/wp\/v2\/comments?post=995745"}],"wp:featuredmedia":[{"embeddable":true,"href":"https:\/\/isfelevator.com\/es\/wp-json\/wp\/v2\/media\/993667"}],"wp:attachment":[{"href":"https:\/\/isfelevator.com\/es\/wp-json\/wp\/v2\/media?parent=995745"}],"wp:term":[{"taxonomy":"product_brand","embeddable":true,"href":"https:\/\/isfelevator.com\/es\/wp-json\/wp\/v2\/product_brand?post=995745"},{"taxonomy":"product_cat","embeddable":true,"href":"https:\/\/isfelevator.com\/es\/wp-json\/wp\/v2\/product_cat?post=995745"},{"taxonomy":"product_tag","embeddable":true,"href":"https:\/\/isfelevator.com\/es\/wp-json\/wp\/v2\/product_tag?post=995745"}],"curies":[{"name":"wp","href":"https:\/\/api.w.org\/{rel}","templated":true}]}}