{"id":995668,"date":"2023-02-24T13:08:58","date_gmt":"2023-02-24T13:08:58","guid":{"rendered":"https:\/\/isfelevator.com\/product\/braking-resistors\/"},"modified":"2023-02-25T16:28:58","modified_gmt":"2023-02-25T16:28:58","slug":"resistencias-de-frenado","status":"publish","type":"product","link":"https:\/\/isfelevator.com\/es\/producto\/resistencias-de-frenado\/","title":{"rendered":"Resistencias de frenado"},"content":{"rendered":"<p><strong><span style=\"vertical-align: inherit;\">Resistencias de frenado<\/span><\/strong><\/p>\n<p><span style=\"vertical-align: inherit;\">La <\/span><strong><span style=\"vertical-align: inherit;\">resistencia de frenado<\/span><\/strong><span style=\"vertical-align: inherit;\"> del ascensor es uno de los elementos centrales de <\/span><strong><span style=\"vertical-align: inherit;\">la seguridad del ascensor.\u00a0<\/span><\/strong><span style=\"vertical-align: inherit;\">Vivir en edificios modernos se hizo posible con ascensores modernos y los ascensores modernos son posibles si las personas pueden usarlos de manera segura. El principal problema es poder detener la cabina de un ascensor de forma segura, especialmente en los movimientos descendentes. Aqu\u00ed es donde necesitamos resistencias de frenado.<\/span><\/p>\n<p><span style=\"vertical-align: inherit;\">Seg\u00fan la f\u00edsica b\u00e1sica, cuando un motor el\u00e9ctrico o un sistema mec\u00e1nico se desacelera, el sistema se convierte en una especie de generador que produce una cantidad importante de energ\u00eda el\u00e9ctrica. Esto puede ser un problema peligroso, por lo que usamos resistencias para consumir esta energ\u00eda y disipar el calor. Una <\/span><strong><span style=\"vertical-align: inherit;\">resistencia de frenado din\u00e1mico<\/span><\/strong><span style=\"vertical-align: inherit;\"> detiene o ralentiza r\u00e1pidamente la cabina del ascensor creando una fuerza de frenado. Hay resistencias \u00f3hmicas variables seg\u00fan los proyectos que pueden ayudar a que los motores se detengan y generen m\u00e1s calor.<\/span><\/p>\n<p><span style=\"vertical-align: inherit;\">Como ISF Elevator, sabemos <\/span><strong><span style=\"vertical-align: inherit;\">c\u00f3mo seleccionar resistencias de frenado para VFD<\/span><\/strong><span style=\"vertical-align: inherit;\"> (accionamientos de frecuencia variable) mediante el dise\u00f1o <\/span><strong><span style=\"vertical-align: inherit;\">del c\u00e1lculo de la resistencia de frenado<\/span><\/strong><span style=\"vertical-align: inherit;\"> . Los tipos generales de resistencia son;<\/span><\/p>\n<ul>\n<li>\n<h4 class=\"cbox02A-01 ff-hd-06 productName\"><span style=\"vertical-align: inherit;\">Resistencias de frenado de 10 OHM 1000W<\/span><\/h4>\n<\/li>\n<li>\n<h4 class=\"cbox02A-01 ff-hd-06 productName\"><span style=\"vertical-align: inherit;\">Resistencias de frenado de 18 OHM 1000W<\/span><\/h4>\n<\/li>\n<li>\n<h4 class=\"cbox02A-01 ff-hd-06 productName\"><span style=\"vertical-align: inherit;\">Resistencias de frenado de 25 OHM 1000W<\/span><\/h4>\n<\/li>\n<li>\n<h4 class=\"cbox02A-01 ff-hd-06 productName\"><span style=\"vertical-align: inherit;\">Resistencias de frenado de 40 OHM 1000W<\/span><\/h4>\n<\/li>\n<li>\n<h4 class=\"cbox02A-01 ff-hd-06 productName\"><span style=\"vertical-align: inherit;\">Resistencias de frenado de 50 OHM 1000W<\/span><\/h4>\n<\/li>\n<\/ul>\n","protected":false},"excerpt":{"rendered":"<h4 class=\"cbox02A-01 ff-hd-06 productName\"><span style=\"vertical-align: inherit;\">Resistencias de frenado de 10, 18, 25, 40 y 50 OHM 1000W<\/span><\/h4>\n","protected":false},"featured_media":994021,"comment_status":"open","ping_status":"closed","template":"","meta":[],"product_brand":[],"product_cat":[686,692],"product_tag":[],"class_list":{"0":"post-995668","1":"product","2":"type-product","3":"status-publish","4":"has-post-thumbnail","6":"product_cat-controladores-de-ascensor","7":"product_cat-unidades-auxiliares-controladores-de-ascensor","9":"first","10":"instock","11":"shipping-taxable","12":"product-type-simple","13":"prodpage-style2"},"_links":{"self":[{"href":"https:\/\/isfelevator.com\/es\/wp-json\/wp\/v2\/product\/995668","targetHints":{"allow":["GET"]}}],"collection":[{"href":"https:\/\/isfelevator.com\/es\/wp-json\/wp\/v2\/product"}],"about":[{"href":"https:\/\/isfelevator.com\/es\/wp-json\/wp\/v2\/types\/product"}],"replies":[{"embeddable":true,"href":"https:\/\/isfelevator.com\/es\/wp-json\/wp\/v2\/comments?post=995668"}],"wp:featuredmedia":[{"embeddable":true,"href":"https:\/\/isfelevator.com\/es\/wp-json\/wp\/v2\/media\/994021"}],"wp:attachment":[{"href":"https:\/\/isfelevator.com\/es\/wp-json\/wp\/v2\/media?parent=995668"}],"wp:term":[{"taxonomy":"product_brand","embeddable":true,"href":"https:\/\/isfelevator.com\/es\/wp-json\/wp\/v2\/product_brand?post=995668"},{"taxonomy":"product_cat","embeddable":true,"href":"https:\/\/isfelevator.com\/es\/wp-json\/wp\/v2\/product_cat?post=995668"},{"taxonomy":"product_tag","embeddable":true,"href":"https:\/\/isfelevator.com\/es\/wp-json\/wp\/v2\/product_tag?post=995668"}],"curies":[{"name":"wp","href":"https:\/\/api.w.org\/{rel}","templated":true}]}}