{"id":995659,"date":"2023-02-24T13:08:58","date_gmt":"2023-02-24T13:08:58","guid":{"rendered":"https:\/\/isfelevator.com\/product\/emc-30a-emc-50a-filters\/"},"modified":"2023-02-25T16:09:15","modified_gmt":"2023-02-25T16:09:15","slug":"filtros-emc-30a-y-emc-50a","status":"publish","type":"product","link":"https:\/\/isfelevator.com\/es\/producto\/filtros-emc-30a-y-emc-50a\/","title":{"rendered":"Filtros EMC 30A y EMC 50A"},"content":{"rendered":"<h4><span style=\"vertical-align: inherit;\">Filtros EMC 30A y EMC 50A<\/span><\/h4>\n<p class=\"cbox02A-01 ff-hd-06 productName\"><strong><span style=\"vertical-align: inherit;\">\u00bf Qu\u00e9 es un filtro EMC<\/span><\/strong><span style=\"vertical-align: inherit;\"> ? <\/span><strong><span style=\"vertical-align: inherit;\">\u00bfC\u00f3mo funciona un filtro EMC<\/span><\/strong><span style=\"vertical-align: inherit;\"> ? Primero hablaremos del producto.<\/span><\/p>\n<p class=\"cbox02A-01 ff-hd-06 productName\"><strong><span style=\"vertical-align: inherit;\">Los filtros de compatibilidad electromagn\u00e9tica<\/span><\/strong><span style=\"vertical-align: inherit;\"> o EMC se utilizan para reducir el posible ruido electromagn\u00e9tico que puede ocurrir entre los variadores y la fuente de alimentaci\u00f3n principal. Es una especie de seguro para proporcionar motores el\u00e9ctricos en sistemas complicados que funcionan correctamente. Al interferir con el ruido en la entrada del sistema, el ruido se reducir\u00e1 al nivel m\u00ednimo y el sistema funcionar\u00e1 sin problemas.<\/span><\/p>\n<p><span style=\"vertical-align: inherit;\">En general, existen filtros EMC est\u00e1ndar como 30A o 50A. Pero es posible proporcionar productos especializados si se requiere o desea un mayor nivel de filtrado. En ISF Elevator, proporcionamos filtros de alta calidad que se adaptar\u00e1n totalmente a sus proyectos.<\/span><\/p>\n","protected":false},"excerpt":{"rendered":"<h4 class=\"cbox02A-01 ff-hd-06 productName\"><span style=\"vertical-align: inherit;\">CEM 30A y CEM 50A<\/span><\/h4>\n","protected":false},"featured_media":994009,"comment_status":"open","ping_status":"closed","template":"","meta":[],"product_brand":[],"product_cat":[686,692],"product_tag":[],"class_list":{"0":"post-995659","1":"product","2":"type-product","3":"status-publish","4":"has-post-thumbnail","6":"product_cat-controladores-de-ascensor","7":"product_cat-unidades-auxiliares-controladores-de-ascensor","9":"first","10":"instock","11":"shipping-taxable","12":"product-type-simple","13":"prodpage-style2"},"_links":{"self":[{"href":"https:\/\/isfelevator.com\/es\/wp-json\/wp\/v2\/product\/995659","targetHints":{"allow":["GET"]}}],"collection":[{"href":"https:\/\/isfelevator.com\/es\/wp-json\/wp\/v2\/product"}],"about":[{"href":"https:\/\/isfelevator.com\/es\/wp-json\/wp\/v2\/types\/product"}],"replies":[{"embeddable":true,"href":"https:\/\/isfelevator.com\/es\/wp-json\/wp\/v2\/comments?post=995659"}],"wp:featuredmedia":[{"embeddable":true,"href":"https:\/\/isfelevator.com\/es\/wp-json\/wp\/v2\/media\/994009"}],"wp:attachment":[{"href":"https:\/\/isfelevator.com\/es\/wp-json\/wp\/v2\/media?parent=995659"}],"wp:term":[{"taxonomy":"product_brand","embeddable":true,"href":"https:\/\/isfelevator.com\/es\/wp-json\/wp\/v2\/product_brand?post=995659"},{"taxonomy":"product_cat","embeddable":true,"href":"https:\/\/isfelevator.com\/es\/wp-json\/wp\/v2\/product_cat?post=995659"},{"taxonomy":"product_tag","embeddable":true,"href":"https:\/\/isfelevator.com\/es\/wp-json\/wp\/v2\/product_tag?post=995659"}],"curies":[{"name":"wp","href":"https:\/\/api.w.org\/{rel}","templated":true}]}}