{"id":995646,"date":"2023-02-24T13:08:58","date_gmt":"2023-02-24T13:08:58","guid":{"rendered":"https:\/\/isfelevator.com\/product\/ac-entrance-line-reactor\/"},"modified":"2023-02-25T15:48:05","modified_gmt":"2023-02-25T15:48:05","slug":"reactor-de-linea-de-entrada-de-ca","status":"publish","type":"product","link":"https:\/\/isfelevator.com\/es\/producto\/reactor-de-linea-de-entrada-de-ca\/","title":{"rendered":"Reactor de l\u00ednea de entrada de CA"},"content":{"rendered":"<h4><span style=\"vertical-align: inherit;\">Reactor de l\u00ednea de entrada de CA<\/span><\/h4>\n<h5><span style=\"vertical-align: inherit;\">\u00bfQu\u00e9 es un reactor de l\u00ednea?<\/span><\/h5>\n<p><strong><span style=\"vertical-align: inherit;\">El reactor de l\u00ednea<\/span><\/strong><span style=\"vertical-align: inherit;\"> se utiliza para regular la forma de onda de la unidad de ascensor. Estas formas de onda protegen a los variadores de disparos de l\u00ednea u otros posibles da\u00f1os al estabilizar los voltajes excesivos o insuficientes. Adem\u00e1s, es muy \u00fatil para proteger el variador en caso de situaciones de cortocircuito del motor.<\/span><\/p>\n<p><span style=\"vertical-align: inherit;\">Entonces, <\/span><strong><span style=\"vertical-align: inherit;\">\u00bfpara qu\u00e9 se utiliza un reactor de l\u00ednea de entrada de CA<\/span><\/strong><span style=\"vertical-align: inherit;\"> ? Como dec\u00edamos, es un sistema de garant\u00eda en el caso de cortocircuitos. Cuando el transformador de suministro es m\u00e1s alto que el variador, generalmente se desea usar un reactor de l\u00ednea.<\/span><\/p>\n<p><span style=\"vertical-align: inherit;\">Como ISF Elevator, nuestros tipos de reactores de l\u00ednea son estos;<\/span><\/p>\n<h4 class=\"cbox02A-01 ff-hd-06 productName\"><span style=\"vertical-align: inherit;\">Reactancia de l\u00ednea trif\u00e1sica 14A<\/span><\/h4>\n<h4 class=\"cbox02A-01 ff-hd-06 productName\"><span style=\"vertical-align: inherit;\">Reactancia de l\u00ednea 17A 3 fases<\/span><\/h4>\n<h4 class=\"cbox02A-01 ff-hd-06 productName\"><span style=\"vertical-align: inherit;\">Reactancia de l\u00ednea 26A trif\u00e1sica<\/span><\/h4>\n<h4 class=\"cbox02A-01 ff-hd-06 productName\"><span style=\"vertical-align: inherit;\">Reactancia de l\u00ednea trif\u00e1sica 35A<\/span><\/h4>\n<h4 class=\"cbox02A-01 ff-hd-06 productName\"><span style=\"vertical-align: inherit;\">Reactancia de l\u00ednea trif\u00e1sica 50A<\/span><\/h4>\n<h4 class=\"cbox02A-01 ff-hd-06 productName\"><span style=\"vertical-align: inherit;\">Reactancia de l\u00ednea trif\u00e1sica 75A<\/span><\/h4>\n","protected":false},"excerpt":{"rendered":"<h4 class=\"cbox02A-01 ff-hd-06 productName\"><span style=\"vertical-align: inherit;\">14A, 17A, 26A, 35A, 50A y 75A Reactor trif\u00e1sico de l\u00ednea<\/span><\/h4>\n","protected":false},"featured_media":994003,"comment_status":"open","ping_status":"closed","template":"","meta":[],"product_brand":[],"product_cat":[686,692],"product_tag":[],"class_list":{"0":"post-995646","1":"product","2":"type-product","3":"status-publish","4":"has-post-thumbnail","6":"product_cat-controladores-de-ascensor","7":"product_cat-unidades-auxiliares-controladores-de-ascensor","9":"first","10":"instock","11":"shipping-taxable","12":"product-type-simple","13":"prodpage-style2"},"_links":{"self":[{"href":"https:\/\/isfelevator.com\/es\/wp-json\/wp\/v2\/product\/995646","targetHints":{"allow":["GET"]}}],"collection":[{"href":"https:\/\/isfelevator.com\/es\/wp-json\/wp\/v2\/product"}],"about":[{"href":"https:\/\/isfelevator.com\/es\/wp-json\/wp\/v2\/types\/product"}],"replies":[{"embeddable":true,"href":"https:\/\/isfelevator.com\/es\/wp-json\/wp\/v2\/comments?post=995646"}],"wp:featuredmedia":[{"embeddable":true,"href":"https:\/\/isfelevator.com\/es\/wp-json\/wp\/v2\/media\/994003"}],"wp:attachment":[{"href":"https:\/\/isfelevator.com\/es\/wp-json\/wp\/v2\/media?parent=995646"}],"wp:term":[{"taxonomy":"product_brand","embeddable":true,"href":"https:\/\/isfelevator.com\/es\/wp-json\/wp\/v2\/product_brand?post=995646"},{"taxonomy":"product_cat","embeddable":true,"href":"https:\/\/isfelevator.com\/es\/wp-json\/wp\/v2\/product_cat?post=995646"},{"taxonomy":"product_tag","embeddable":true,"href":"https:\/\/isfelevator.com\/es\/wp-json\/wp\/v2\/product_tag?post=995646"}],"curies":[{"name":"wp","href":"https:\/\/api.w.org\/{rel}","templated":true}]}}