{"id":995637,"date":"2023-02-24T13:08:58","date_gmt":"2023-02-24T13:08:58","guid":{"rendered":"https:\/\/isfelevator.com\/product\/14a-3-phasic-line-reactor\/"},"modified":"2023-02-25T15:40:08","modified_gmt":"2023-02-25T15:40:08","slug":"14a-reactor-de-linea-trifasico","status":"publish","type":"product","link":"https:\/\/isfelevator.com\/es\/producto\/14a-reactor-de-linea-trifasico\/","title":{"rendered":"14A Reactor de l\u00ednea trif\u00e1sico"},"content":{"rendered":"<p>14A Reactor de l\u00ednea trif\u00e1sico.<\/p>\n","protected":false},"excerpt":{"rendered":"<p>14A Reactor de l\u00ednea trif\u00e1sico.<\/p>\n","protected":false},"featured_media":993997,"comment_status":"open","ping_status":"closed","template":"","meta":[],"product_brand":[],"product_cat":[698],"product_tag":[],"class_list":{"0":"post-995637","1":"product","2":"type-product","3":"status-publish","4":"has-post-thumbnail","6":"product_cat-reactor-de-linea-trifasico-de-14a","8":"first","9":"instock","10":"shipping-taxable","11":"product-type-simple","12":"prodpage-style2"},"_links":{"self":[{"href":"https:\/\/isfelevator.com\/es\/wp-json\/wp\/v2\/product\/995637","targetHints":{"allow":["GET"]}}],"collection":[{"href":"https:\/\/isfelevator.com\/es\/wp-json\/wp\/v2\/product"}],"about":[{"href":"https:\/\/isfelevator.com\/es\/wp-json\/wp\/v2\/types\/product"}],"replies":[{"embeddable":true,"href":"https:\/\/isfelevator.com\/es\/wp-json\/wp\/v2\/comments?post=995637"}],"wp:featuredmedia":[{"embeddable":true,"href":"https:\/\/isfelevator.com\/es\/wp-json\/wp\/v2\/media\/993997"}],"wp:attachment":[{"href":"https:\/\/isfelevator.com\/es\/wp-json\/wp\/v2\/media?parent=995637"}],"wp:term":[{"taxonomy":"product_brand","embeddable":true,"href":"https:\/\/isfelevator.com\/es\/wp-json\/wp\/v2\/product_brand?post=995637"},{"taxonomy":"product_cat","embeddable":true,"href":"https:\/\/isfelevator.com\/es\/wp-json\/wp\/v2\/product_cat?post=995637"},{"taxonomy":"product_tag","embeddable":true,"href":"https:\/\/isfelevator.com\/es\/wp-json\/wp\/v2\/product_tag?post=995637"}],"curies":[{"name":"wp","href":"https:\/\/api.w.org\/{rel}","templated":true}]}}