{"id":995625,"date":"2023-02-24T13:08:58","date_gmt":"2023-02-24T13:08:58","guid":{"rendered":"https:\/\/isfelevator.com\/product\/km-30s-door-control-boards\/"},"modified":"2023-02-25T15:35:54","modified_gmt":"2023-02-25T15:35:54","slug":"tableros-de-control-de-puertas-km-30s","status":"publish","type":"product","link":"https:\/\/isfelevator.com\/es\/producto\/tableros-de-control-de-puertas-km-30s\/","title":{"rendered":"Tableros de Control de Puertas KM-30S"},"content":{"rendered":"<p><strong><span style=\"vertical-align: inherit;\">Tableros de Control de Puertas KM-30S<\/span><\/strong><\/p>\n<p><strong><span class=\"blueHeaderA\"><span style=\"vertical-align: inherit;\">Graves e Irregulares<\/span><\/span><\/strong><\/p>\n<p><span style=\"vertical-align: inherit;\">El software avanzado suaviza la S en las rampas de navegaci\u00f3n y permite movimientos suaves pero suaves de los movimientos de la puerta sin l\u00edmite de algoritmo sin interruptor.<\/span><\/p>\n<p><strong><span class=\"blueHeaderA\"><span style=\"vertical-align: inherit;\">No se requiere interruptor de l\u00edmite<\/span><\/span><\/strong><\/p>\n<p><span style=\"vertical-align: inherit;\">El operador de la puerta no necesita un interruptor de l\u00edmite para su funcionamiento. Los tableros de control de puertas KM-30S son muy \u00fatiles en el ancho de la puerta, las posiciones de apertura y cierre de la puerta se detectan autom\u00e1ticamente<\/span><\/p>\n<p><span style=\"vertical-align: inherit;\">Cuando la puerta est\u00e1 atascada, el zumbador se vuelve a encender. El atasco se pasa lentamente por la zona percibida para evitar da\u00f1os a los pasajeros y a la puerta.<\/span><\/p>\n<p><strong><span class=\"blueHeaderA\"><span style=\"vertical-align: inherit;\">Delegaci\u00f3n<\/span><\/span><\/strong><\/p>\n<p><span style=\"vertical-align: inherit;\">En t\u00e9rminos de seguridad, necesidades necesarias y facilidad de configuraci\u00f3n, se ha autorizado el acceso al men\u00fa. Se han asignado diferentes niveles de autoridad para acceder al men\u00fa: nivel productor, nivel b\u00e1sico y nivel restringido<\/span><\/p>\n<p><strong><span class=\"blueHeaderA\"><span style=\"vertical-align: inherit;\">Amplia capacidad de par\u00e1metros<\/span><\/span><\/strong><\/p>\n<p><span style=\"vertical-align: inherit;\">Para los fabricantes, se pueden ingresar par\u00e1metros como la relaci\u00f3n de reducci\u00f3n del motor, las revoluciones del motor, la circunferencia de la polea de transmisi\u00f3n, la zona de apertura de la cuchara, etc. para flexibilidad de aplicaci\u00f3n<\/span><\/p>\n","protected":false},"excerpt":{"rendered":"<ul>\n<li><span style=\"vertical-align: inherit;\"><span style=\"vertical-align: inherit;\">Puerta totalmente abierta\/totalmente cerrada<\/span><\/span><\/li>\n<li><span style=\"vertical-align: inherit;\"><span style=\"vertical-align: inherit;\">Atasco de puerta o salida activa de fotoc\u00e9lula<\/span><\/span><\/li>\n<li><span style=\"vertical-align: inherit;\"><span style=\"vertical-align: inherit;\">Salida de contacto de rel\u00e9. <\/span><span style=\"vertical-align: inherit;\">Para 3A, 250VAC o 30VDC<\/span><\/span><\/li>\n<li><span style=\"vertical-align: inherit;\"><span style=\"vertical-align: inherit;\">Se\u00f1al de puerta abierta\/cerrada<\/span><\/span><\/li>\n<li><span style=\"vertical-align: inherit;\"><span style=\"vertical-align: inherit;\">Se\u00f1al lenta\/se\u00f1al r\u00e1pida<\/span><\/span><\/li>\n<li><span style=\"vertical-align: inherit;\"><span style=\"vertical-align: inherit;\">Se\u00f1al de fotoc\u00e9lula<\/span><\/span><\/li>\n<li><span style=\"vertical-align: inherit;\"><span style=\"vertical-align: inherit;\">se\u00f1al de tierra<\/span><\/span><\/li>\n<li><span style=\"vertical-align: inherit;\"><span style=\"vertical-align: inherit;\">La tarjeta de puerta KM-30S es adecuada para usar en puertas de ascensores contra incendios<\/span><\/span><\/li>\n<li><span style=\"vertical-align: inherit;\"><span style=\"vertical-align: inherit;\">Con la entrada de se\u00f1al de baja velocidad, la se\u00f1al de la fotoc\u00e9lula se bloquea en el corte de la fotoc\u00e9lula de larga duraci\u00f3n y las puertas se cierran a baja velocidad (modo Empujar)<\/span><\/span><\/li>\n<li><span style=\"vertical-align: inherit;\"><span style=\"vertical-align: inherit;\">Velocidad de la puerta, posici\u00f3n de la puerta y estado operativo en funcionamiento normal, y error en caso de funcionamiento normal<\/span><\/span><\/li>\n<\/ul>\n","protected":false},"featured_media":993991,"comment_status":"open","ping_status":"closed","template":"","meta":[],"product_brand":[],"product_cat":[686,776],"product_tag":[],"class_list":{"0":"post-995625","1":"product","2":"type-product","3":"status-publish","4":"has-post-thumbnail","6":"product_cat-controladores-de-ascensor","7":"product_cat-controladores-de-puertas","9":"first","10":"instock","11":"shipping-taxable","12":"product-type-simple","13":"prodpage-style2"},"_links":{"self":[{"href":"https:\/\/isfelevator.com\/es\/wp-json\/wp\/v2\/product\/995625","targetHints":{"allow":["GET"]}}],"collection":[{"href":"https:\/\/isfelevator.com\/es\/wp-json\/wp\/v2\/product"}],"about":[{"href":"https:\/\/isfelevator.com\/es\/wp-json\/wp\/v2\/types\/product"}],"replies":[{"embeddable":true,"href":"https:\/\/isfelevator.com\/es\/wp-json\/wp\/v2\/comments?post=995625"}],"wp:featuredmedia":[{"embeddable":true,"href":"https:\/\/isfelevator.com\/es\/wp-json\/wp\/v2\/media\/993991"}],"wp:attachment":[{"href":"https:\/\/isfelevator.com\/es\/wp-json\/wp\/v2\/media?parent=995625"}],"wp:term":[{"taxonomy":"product_brand","embeddable":true,"href":"https:\/\/isfelevator.com\/es\/wp-json\/wp\/v2\/product_brand?post=995625"},{"taxonomy":"product_cat","embeddable":true,"href":"https:\/\/isfelevator.com\/es\/wp-json\/wp\/v2\/product_cat?post=995625"},{"taxonomy":"product_tag","embeddable":true,"href":"https:\/\/isfelevator.com\/es\/wp-json\/wp\/v2\/product_tag?post=995625"}],"curies":[{"name":"wp","href":"https:\/\/api.w.org\/{rel}","templated":true}]}}