{"id":994554,"date":"2023-02-24T13:08:59","date_gmt":"2023-02-24T13:08:59","guid":{"rendered":"https:\/\/isfelevator.com\/product\/counter-weight-frames\/"},"modified":"2023-02-24T20:08:28","modified_gmt":"2023-02-24T20:08:28","slug":"bastidores-de-contrapeso","status":"publish","type":"product","link":"https:\/\/isfelevator.com\/es\/producto\/bastidores-de-contrapeso\/","title":{"rendered":"Bastidores de contrapeso"},"content":{"rendered":"<p><strong>Bastidores de contrapeso para ascensores<\/strong><\/p>\n<p><strong>El contrapeso del ascensor<\/strong> es un elemento muy importante de los ascensores para proporcionar m\u00e1s seguridad y m\u00e1s eficacia. El principio es muy sencillo. Los ascensores son cabinas modernas para transportar personas y mercanc\u00edas hacia arriba y hacia abajo. Y necesitamos potencia o energ\u00eda para llevar a cabo este proceso. Por lo tanto, si utilizamos la ayuda de un contrapeso en el sistema del ascensor, necesitaremos menos energ\u00eda para elevar la carga. Y, gracias al principio de funcionamiento tradicional de las poleas, ser\u00e1 m\u00e1s eficaz utilizar los ascensores.<\/p>\n<p>Entonces, \u00bf<strong>cu\u00e1l es el contrapeso del ascenso<\/strong>r y del bastidor? Obviamente, no podemos utilizar un <strong>herraje de contrapeso del ascensor<\/strong>\u00a0directamente unido al sistema. Necesitamos un sistema especial para utilizar esta ventaja con seguridad, que se llama <strong>marco de contrapeso del ascensor<\/strong>.<\/p>\n<p>Hoy en d\u00eda, despu\u00e9s de todos esos a\u00f1os de desarrollo, los dise\u00f1os de contrapesos m\u00e1s eficientes se acoplan a los sistemas de ascensores. Como ISF Elevator Company, proporcionamos marcos de contrapeso de ascensor de alta calidad a nuestros clientes. Nuestros bastidores son f\u00e1ciles de instalar y 1:1 y 2:1 Roping.<\/p>\n<p>&nbsp;<\/p>\n","protected":false},"excerpt":{"rendered":"<p>Bastidores de contrapeso de f\u00e1cil instalaci\u00f3n. Roping 1:1 y 2:1.<\/p>\n","protected":false},"featured_media":994039,"comment_status":"open","ping_status":"closed","template":"","meta":[],"product_brand":[],"product_cat":[680],"product_tag":[],"class_list":{"0":"post-994554","1":"product","2":"type-product","3":"status-publish","4":"has-post-thumbnail","6":"product_cat-cabinas-de-ascensor","8":"first","9":"instock","10":"shipping-taxable","11":"product-type-simple","12":"prodpage-style2"},"_links":{"self":[{"href":"https:\/\/isfelevator.com\/es\/wp-json\/wp\/v2\/product\/994554","targetHints":{"allow":["GET"]}}],"collection":[{"href":"https:\/\/isfelevator.com\/es\/wp-json\/wp\/v2\/product"}],"about":[{"href":"https:\/\/isfelevator.com\/es\/wp-json\/wp\/v2\/types\/product"}],"replies":[{"embeddable":true,"href":"https:\/\/isfelevator.com\/es\/wp-json\/wp\/v2\/comments?post=994554"}],"wp:featuredmedia":[{"embeddable":true,"href":"https:\/\/isfelevator.com\/es\/wp-json\/wp\/v2\/media\/994039"}],"wp:attachment":[{"href":"https:\/\/isfelevator.com\/es\/wp-json\/wp\/v2\/media?parent=994554"}],"wp:term":[{"taxonomy":"product_brand","embeddable":true,"href":"https:\/\/isfelevator.com\/es\/wp-json\/wp\/v2\/product_brand?post=994554"},{"taxonomy":"product_cat","embeddable":true,"href":"https:\/\/isfelevator.com\/es\/wp-json\/wp\/v2\/product_cat?post=994554"},{"taxonomy":"product_tag","embeddable":true,"href":"https:\/\/isfelevator.com\/es\/wp-json\/wp\/v2\/product_tag?post=994554"}],"curies":[{"name":"wp","href":"https:\/\/api.w.org\/{rel}","templated":true}]}}