{"id":994542,"date":"2023-02-24T13:08:59","date_gmt":"2023-02-24T13:08:59","guid":{"rendered":"https:\/\/isfelevator.com\/product\/folding-doors-d-w-types\/"},"modified":"2023-02-24T19:47:20","modified_gmt":"2023-02-24T19:47:20","slug":"puertas-plegables-tipos-d-y-w","status":"publish","type":"product","link":"https:\/\/isfelevator.com\/es\/producto\/puertas-plegables-tipos-d-y-w\/","title":{"rendered":"Puertas plegables (tipos D y W)"},"content":{"rendered":"<h4>Puertas plegables (tipos D y W)<\/h4>\n<p>Una puerta plegable es una gran soluci\u00f3n cuando se dispone de poco espacio en la cabina del ascensor. Las encontramos especialmente en ascensores de tecnolog\u00eda antigua en los que las puertas interiores no se acreditaban tanto. La mejor manera de a\u00f1adir una puerta interior y proporcionar seguridad en estos ascensores es preferir <strong>las puertas plegables<\/strong> (tipos D y W). <strong>Las puertas plegables<\/strong> son muy f\u00e1ciles de instalar y proporcionan el nivel de seguridad que exige la normativa. Existen diferentes tipos como las de forma D o W. Como ISF, podemos dise\u00f1ar y encontrar las puertas plegables m\u00e1s adecuadas para sus proyectos.<\/p>\n<p><strong>ESPECIFICACIONES T\u00c9CNICAS<\/strong><br \/>\n&#8211; Motor de 24 V DC con escobillas<br \/>\n&#8211; Control electr\u00f3nico de bloqueo<br \/>\n&#8211; Control de acumulador y fotoc\u00e9lula<br \/>\n&#8211; Capacidad de funcionar con 220 V AC y LIR<br \/>\n&#8211; Posibilidad de funcionamiento con se\u00f1al simple (se\u00f1al de cierre)<br \/>\n&#8211; Ajuste de cortocircuito como NO\/NC<br \/>\n&#8211; Opci\u00f3n de umbral inoxidable<br \/>\n&#8211; Opci\u00f3n de panel de vidrio<br \/>\n&#8211; Hueco de instalaci\u00f3n y hueco de entrada neto (mm)<br \/>\n(650-575) \/ (700-625) \/ (750-675) \/&#8230;..\/ (950-875)<\/p>\n","protected":false},"excerpt":{"rendered":"<p>Puertas plegables (tipos D y W) Una puerta plegable es una gran soluci\u00f3n cuando se dispone de poco espacio en la cabina del ascensor. Las encontramos especialmente en ascensores de tecnolog\u00eda antigua en los que las puertas interiores no se acreditaban tanto. La mejor manera de a\u00f1adir una puerta interior y proporcionar seguridad en estos<\/p>\n","protected":false},"featured_media":994027,"comment_status":"open","ping_status":"closed","template":"","meta":[],"product_brand":[],"product_cat":[770],"product_tag":[],"class_list":{"0":"post-994542","1":"product","2":"type-product","3":"status-publish","4":"has-post-thumbnail","6":"product_cat-puertas-del-ascensor","8":"first","9":"instock","10":"shipping-taxable","11":"product-type-simple","12":"prodpage-style2"},"_links":{"self":[{"href":"https:\/\/isfelevator.com\/es\/wp-json\/wp\/v2\/product\/994542","targetHints":{"allow":["GET"]}}],"collection":[{"href":"https:\/\/isfelevator.com\/es\/wp-json\/wp\/v2\/product"}],"about":[{"href":"https:\/\/isfelevator.com\/es\/wp-json\/wp\/v2\/types\/product"}],"replies":[{"embeddable":true,"href":"https:\/\/isfelevator.com\/es\/wp-json\/wp\/v2\/comments?post=994542"}],"wp:featuredmedia":[{"embeddable":true,"href":"https:\/\/isfelevator.com\/es\/wp-json\/wp\/v2\/media\/994027"}],"wp:attachment":[{"href":"https:\/\/isfelevator.com\/es\/wp-json\/wp\/v2\/media?parent=994542"}],"wp:term":[{"taxonomy":"product_brand","embeddable":true,"href":"https:\/\/isfelevator.com\/es\/wp-json\/wp\/v2\/product_brand?post=994542"},{"taxonomy":"product_cat","embeddable":true,"href":"https:\/\/isfelevator.com\/es\/wp-json\/wp\/v2\/product_cat?post=994542"},{"taxonomy":"product_tag","embeddable":true,"href":"https:\/\/isfelevator.com\/es\/wp-json\/wp\/v2\/product_tag?post=994542"}],"curies":[{"name":"wp","href":"https:\/\/api.w.org\/{rel}","templated":true}]}}