{"id":994465,"date":"2023-02-24T13:09:23","date_gmt":"2023-02-24T13:09:23","guid":{"rendered":"https:\/\/isfelevator.com\/product\/arl-700-elevator-control-panels\/"},"modified":"2023-02-24T18:30:26","modified_gmt":"2023-02-24T18:30:26","slug":"arl-700-paneles-de-control-para-ascensores","status":"publish","type":"product","link":"https:\/\/isfelevator.com\/es\/producto\/arl-700-paneles-de-control-para-ascensores\/","title":{"rendered":"ARL 700 Paneles de control para ascensores"},"content":{"rendered":"<p>ARL 700 Paneles de control para ascensores<\/p>\n<ul>\n<li>Comunicaci\u00f3n serie del armario a trav\u00e9s de la l\u00ednea CANbus<\/li>\n<li>La conexi\u00f3n uno a uno con el cable plano enchufable entre el panel de mando y la caja de revisi\u00f3n<\/li>\n<li>La conexi\u00f3n plug-and-play entre el panel de mando del armario y la caja de revisi\u00f3n con un cable plano enchufable<\/li>\n<li>Comunicaci\u00f3n en serie a trav\u00e9s de la l\u00ednea CANbus o conexi\u00f3n paralela de suelo con la tarjeta MSP16<\/li>\n<li>L\u00ednea CANbus de pozo que se extiende a lo largo de todo el pozo, con cables enchufables de piso a piso<\/li>\n<li>Conexi\u00f3n enchufable con un cable enchufable conectado a la l\u00ednea CANbus para cada pozo del piso para el panel de control del piso<\/li>\n<li>Instalaci\u00f3n de contacto de puerta que se extiende a lo largo de todo el pozo, con cables enchufables de suelo a suelo<\/li>\n<li>Conexi\u00f3n con cables enchufables para instalaci\u00f3n de contactos de piso a piso para contactos de bloqueo de puerta de piso<\/li>\n<li>Conexi\u00f3n enchufable con caja de fondo de pozo mediante un solo cable<\/li>\n<li>Control de puerta independiente seg\u00fan topes con soporte de puerta doble<\/li>\n<li>Recuperaci\u00f3n en el suelo en la direcci\u00f3n f\u00e1cil con 1 fase 220VAC UPS o conexi\u00f3n de grupo de bater\u00edas<\/li>\n<li>Funcionamiento con accionamientos hidr\u00e1ulicos y otros accionamientos VVVF con tarjeta HSR<\/li>\n<\/ul>\n","protected":false},"excerpt":{"rendered":"<div class=\"citem\">\n<div class=\"cbox01 key ff-03\">\n<div class=\"cbox01A\">\n<p>Conformidad con las normas: En 81\/1-2\/20+A3<\/p>\n<p>N\u00famero de paradas: 64 topes<\/p>\n<p>Tipo de mando: Pulsador simple Pulsador doble<\/p>\n<p>Tipo de accionamiento: Hidr\u00e1ulico, VVVF<\/p>\n<p>Velocidad del Elevador (M\u00e1xima) 2,5 m\/seg<\/p>\n<p>Control de grupo: 8<\/p>\n<p>Comunicaci\u00f3n en serie: Piso y Cabina<\/p>\n<p>Informaci\u00f3n de posici\u00f3n de cabina: Interruptores Magn\u00e9ticos, Sistema Encoder<\/p>\n<p>Control autom\u00e1tico de puertas: Puerta simple, puerta doble<\/p>\n<p>Puenteo de puertas: Disponible<\/p>\n<p>Salidas de pantalla: 7 segmentos, salida LCD de c\u00f3digo gris\/binario<\/p>\n<p>Opciones de idioma: Turco, ingl\u00e9s (opci\u00f3n de idioma adicional con el terminal manual Arem)<\/p>\n<\/div>\n<\/div>\n<\/div>\n","protected":false},"featured_media":994087,"comment_status":"open","ping_status":"closed","template":"","meta":[],"product_brand":[],"product_cat":[740],"product_tag":[],"class_list":{"0":"post-994465","1":"product","2":"type-product","3":"status-publish","4":"has-post-thumbnail","6":"product_cat-paneles-de-control-de-elevadores","8":"first","9":"instock","10":"shipping-taxable","11":"product-type-simple","12":"prodpage-style2"},"_links":{"self":[{"href":"https:\/\/isfelevator.com\/es\/wp-json\/wp\/v2\/product\/994465","targetHints":{"allow":["GET"]}}],"collection":[{"href":"https:\/\/isfelevator.com\/es\/wp-json\/wp\/v2\/product"}],"about":[{"href":"https:\/\/isfelevator.com\/es\/wp-json\/wp\/v2\/types\/product"}],"replies":[{"embeddable":true,"href":"https:\/\/isfelevator.com\/es\/wp-json\/wp\/v2\/comments?post=994465"}],"wp:featuredmedia":[{"embeddable":true,"href":"https:\/\/isfelevator.com\/es\/wp-json\/wp\/v2\/media\/994087"}],"wp:attachment":[{"href":"https:\/\/isfelevator.com\/es\/wp-json\/wp\/v2\/media?parent=994465"}],"wp:term":[{"taxonomy":"product_brand","embeddable":true,"href":"https:\/\/isfelevator.com\/es\/wp-json\/wp\/v2\/product_brand?post=994465"},{"taxonomy":"product_cat","embeddable":true,"href":"https:\/\/isfelevator.com\/es\/wp-json\/wp\/v2\/product_cat?post=994465"},{"taxonomy":"product_tag","embeddable":true,"href":"https:\/\/isfelevator.com\/es\/wp-json\/wp\/v2\/product_tag?post=994465"}],"curies":[{"name":"wp","href":"https:\/\/api.w.org\/{rel}","templated":true}]}}