{"id":994453,"date":"2023-02-24T13:09:23","date_gmt":"2023-02-24T13:09:23","guid":{"rendered":"https:\/\/isfelevator.com\/product\/arcube-monoblock-lift-control-unit\/"},"modified":"2023-02-24T18:10:13","modified_gmt":"2023-02-24T18:10:13","slug":"arcube-unidad-de-control-de-ascensor-monobloque","status":"publish","type":"product","link":"https:\/\/isfelevator.com\/es\/producto\/arcube-unidad-de-control-de-ascensor-monobloque\/","title":{"rendered":"ARCUBE Unidad de control de ascensor monobloque"},"content":{"rendered":"<p>ARCUBE Unidad de control de ascensor monobloque<\/p>\n<ul>\n<li>Combina unidad de accionamiento VVVF, tarjeta de control, funci\u00f3n de rescate y otros componentes el\u00e9ctricos en una sola<\/li>\n<li>unidad monobloque<\/li>\n<li>Dise\u00f1o sin contactores con funci\u00f3n STO<\/li>\n<li>Peque\u00f1o, ligero y listo para instalar<\/li>\n<li>Compatible con las normas EN81-20<\/li>\n<li>Reducci\u00f3n de costes gracias a la menor necesidad de cables de desplazamiento<\/li>\n<li>Aterrizaje directo<\/li>\n<li>Capacidad para trabajar con m\u00e1quinas s\u00edncronas y as\u00edncronas<\/li>\n<li>Capacidad para trabajar en bucle abierto y cerrado<\/li>\n<li>Fiable e industrializado<\/li>\n<li>Ahorro de energ\u00eda<\/li>\n<\/ul>\n","protected":false},"excerpt":{"rendered":"<div class=\"citem\">\n<div class=\"cbox01 key ff-03\">\n<div class=\"cbox01A\">N\u00famero de paradas: 16<br \/>\nTipo de tracci\u00f3n: Tracci\u00f3n<br \/>\nCableado: Opciones de conexi\u00f3n en serie o en paralelo con unidades de comunicaci\u00f3n en serie compatibles con LOP&#8217;s y COP&#8217;s Arcode<br \/>\nPosicionamiento de la cabina: Interruptores magn\u00e9ticos o codificador de motor<br \/>\nPuenteo de puertas: Disponible<br \/>\nModelos: 4 kW (10A) &#8211; 5,5 kW (14A) &#8211; 7,5 kW (17A) &#8211; 11 kW (26A)<br \/>\nTipo de control: Colectivo de un bot\u00f3n, Colectivo de dos botones<br \/>\nControl de grupo: D\u00faplex<br \/>\nVelocidad del elevador: 1,75 m\/s<br \/>\nTipo de accionamiento del motor: Accionamiento sin contactor con funci\u00f3n STO<br \/>\nConformidad con las normas: EN 81-20<br \/>\nPrevenci\u00f3n de retroceso: Prevenci\u00f3n de retroceso en el arranque mediante funciones de prepar y antirretroceso<\/div>\n<\/div>\n<\/div>\n","protected":false},"featured_media":994081,"comment_status":"open","ping_status":"closed","template":"","meta":[],"product_brand":[],"product_cat":[740],"product_tag":[],"class_list":{"0":"post-994453","1":"product","2":"type-product","3":"status-publish","4":"has-post-thumbnail","6":"product_cat-paneles-de-control-de-elevadores","8":"first","9":"instock","10":"shipping-taxable","11":"product-type-simple","12":"prodpage-style2"},"_links":{"self":[{"href":"https:\/\/isfelevator.com\/es\/wp-json\/wp\/v2\/product\/994453","targetHints":{"allow":["GET"]}}],"collection":[{"href":"https:\/\/isfelevator.com\/es\/wp-json\/wp\/v2\/product"}],"about":[{"href":"https:\/\/isfelevator.com\/es\/wp-json\/wp\/v2\/types\/product"}],"replies":[{"embeddable":true,"href":"https:\/\/isfelevator.com\/es\/wp-json\/wp\/v2\/comments?post=994453"}],"wp:featuredmedia":[{"embeddable":true,"href":"https:\/\/isfelevator.com\/es\/wp-json\/wp\/v2\/media\/994081"}],"wp:attachment":[{"href":"https:\/\/isfelevator.com\/es\/wp-json\/wp\/v2\/media?parent=994453"}],"wp:term":[{"taxonomy":"product_brand","embeddable":true,"href":"https:\/\/isfelevator.com\/es\/wp-json\/wp\/v2\/product_brand?post=994453"},{"taxonomy":"product_cat","embeddable":true,"href":"https:\/\/isfelevator.com\/es\/wp-json\/wp\/v2\/product_cat?post=994453"},{"taxonomy":"product_tag","embeddable":true,"href":"https:\/\/isfelevator.com\/es\/wp-json\/wp\/v2\/product_tag?post=994453"}],"curies":[{"name":"wp","href":"https:\/\/api.w.org\/{rel}","templated":true}]}}