{"id":994441,"date":"2023-02-24T13:09:23","date_gmt":"2023-02-24T13:09:23","guid":{"rendered":"https:\/\/isfelevator.com\/product\/elevator-car-frames\/"},"modified":"2026-04-22T16:44:05","modified_gmt":"2026-04-22T16:44:05","slug":"bastidores-de-cabina-de-ascensor","status":"publish","type":"product","link":"https:\/\/isfelevator.com\/es\/producto\/bastidores-de-cabina-de-ascensor\/","title":{"rendered":"Bastidores de cabina de ascensor"},"content":{"rendered":"<p><strong>Bastidores de cabina de ascensor<\/strong><\/p>\n<p>El bastidor de la cabina del ascensor es una de las partes m\u00e1s esenciales y cruciales del sistema del ascensor. Se trata de una estructura de soporte de la cabina y la puerta del ascensor. Generalmente, est\u00e1n hechos de acero. El objetivo principal de los bastidores es proporcionar seguridad al ascensor. Todas las conexiones el\u00e9ctricas del equipo de seguridad se combinan con los bastidores de la cabina. En caso de exceso de velocidad o ca\u00edda libre de la cabina, el sistema de seguridad corta la energ\u00eda, y el marco de la cabina del ascensor hace que la cabina se detenga.<\/p>\n<p>En ISF Elevator, proporcionamos marcos de cabina de alta calidad. Nuestros marcos de acero son probados y calificados para trabajar bajo condiciones severas. Para mayor informaci\u00f3n, por favor cont\u00e1ctenos.<\/p>\n<p><strong>Especificaciones Tecnol\u00f3gicas<\/strong><\/p>\n<p>Instalaci\u00f3n f\u00e1cil<br \/>\nPintado ESP<br \/>\nCompatible con Roping 1:1 y 2:1<\/p>\n","protected":false},"excerpt":{"rendered":"<p>Bastidores de cabina de ascensor El bastidor de la cabina del ascensor es una de las partes m\u00e1s esenciales y cruciales del sistema del ascensor. Se trata de una estructura de soporte de la cabina y la puerta del ascensor. Generalmente, est\u00e1n hechos de acero. El objetivo principal de los bastidores es proporcionar seguridad al<\/p>\n","protected":false},"featured_media":994051,"comment_status":"open","ping_status":"closed","template":"","meta":[],"product_brand":[],"product_cat":[680],"product_tag":[],"class_list":{"0":"post-994441","1":"product","2":"type-product","3":"status-publish","4":"has-post-thumbnail","6":"product_cat-cabinas-de-ascensor","8":"first","9":"instock","10":"shipping-taxable","11":"product-type-simple","12":"prodpage-style2"},"_links":{"self":[{"href":"https:\/\/isfelevator.com\/es\/wp-json\/wp\/v2\/product\/994441","targetHints":{"allow":["GET"]}}],"collection":[{"href":"https:\/\/isfelevator.com\/es\/wp-json\/wp\/v2\/product"}],"about":[{"href":"https:\/\/isfelevator.com\/es\/wp-json\/wp\/v2\/types\/product"}],"replies":[{"embeddable":true,"href":"https:\/\/isfelevator.com\/es\/wp-json\/wp\/v2\/comments?post=994441"}],"wp:featuredmedia":[{"embeddable":true,"href":"https:\/\/isfelevator.com\/es\/wp-json\/wp\/v2\/media\/994051"}],"wp:attachment":[{"href":"https:\/\/isfelevator.com\/es\/wp-json\/wp\/v2\/media?parent=994441"}],"wp:term":[{"taxonomy":"product_brand","embeddable":true,"href":"https:\/\/isfelevator.com\/es\/wp-json\/wp\/v2\/product_brand?post=994441"},{"taxonomy":"product_cat","embeddable":true,"href":"https:\/\/isfelevator.com\/es\/wp-json\/wp\/v2\/product_cat?post=994441"},{"taxonomy":"product_tag","embeddable":true,"href":"https:\/\/isfelevator.com\/es\/wp-json\/wp\/v2\/product_tag?post=994441"}],"curies":[{"name":"wp","href":"https:\/\/api.w.org\/{rel}","templated":true}]}}