{"id":996969,"date":"2023-02-24T13:04:18","date_gmt":"2023-02-24T13:04:18","guid":{"rendered":"https:\/\/isfelevator.com\/product\/arl-200s-elevator-controller-units\/"},"modified":"2023-02-28T09:25:35","modified_gmt":"2023-02-28T09:25:35","slug":"arl-200s-aufzugssteuerungseinheiten","status":"publish","type":"product","link":"https:\/\/isfelevator.com\/de\/product\/arl-200s-aufzugssteuerungseinheiten\/","title":{"rendered":"ARL 200S Aufzugssteuerungseinheiten"},"content":{"rendered":"<p><strong><span style=\"vertical-align: inherit;\">ARL 200S Aufzugssteuerungseinheiten<\/span><\/strong><\/p>\n<p><span style=\"vertical-align: inherit;\">EIGENSCHAFTEN Kann bei jedem Befehlstyp bis zu 16 Stockwerken verwendet werden. Alle Systemparameter k\u00f6nnen vom Benutzer \u00fcber Tasten und LCD auf der Karte eingestellt werden. Einsetzbar im Gruppenbetrieb von bis zu zwei Aufz\u00fcgen. Alle Panels in der Gruppe sind gleich und es wird kein zus\u00e4tzliches Panel ben\u00f6tigt. Es muss nur jedes Panel als A, B und C im Programmmen\u00fc eingestellt werden. Kompatibel mit VVVF-Treibern. F\u00fcr die Gruppenkommunikation werden nur zwei Kabel ben\u00f6tigt. Die Etagenerkennung erfolgt \u00fcber ein Z\u00e4hlersystem. Es werden nur 3 Magnetschalter f\u00fcr eine Geschwindigkeit und 4 f\u00fcr zwei Geschwindigkeitssysteme einschlie\u00dflich Endschalter f\u00fcr beliebig viele Stockwerke verwendet. Bei einem anormalen Zustand wird auf dem LCD ein Fehlercode mit Erl\u00e4uterung angezeigt.<\/span><\/p>\n<p><span style=\"vertical-align: inherit;\">(Bsp. H1: T\u00fcr kann nicht verriegelt werden) Unter normalen Bedingungen kann der Aufzug durch Meldungen auf dem LCD \u00fcberwacht werden. (ARL 200S Wartet auf Anrufe, hohe Geschwindigkeit, niedrige Geschwindigkeit, Kontrolle) Men\u00fcoptionen in t\u00fcrkischer, englischer, niederl\u00e4ndischer, rum\u00e4nischer, franz\u00f6sischer Sprache. Jede Etage kann mit einem alphanumerischen Zeichen benannt werden. (L,P,E,F,H,b,o,0, 1,2,3\u2026..) 7-Segment- und Meldeausg\u00e4nge sind kurzschlussfest. Bei einem Kurzschluss wird der betreffende Ausgang abgeschaltet, bis das Problem behoben ist, und auf dem LCD wird eine Meldung angezeigt, welcher Ausgang kurzgeschlossen ist. (D-Segment-Kurzschluss) Nur 15 Kabel reichen aus, damit ein System funktioniert, indem eine serielle Autoverbindung (FX_SERI) verwendet wird, was Arbeits- und Kabelkosten reduziert. Bei Hochgeschwindigkeitsaufz\u00fcgen (1,6 m\/sec) ist kein extra Schalter f\u00fcr die fr\u00fche Abbremsung n\u00f6tig. Konstruiert nach europ\u00e4ischer Aufzugsnorm EN-81.<\/span><\/p>\n","protected":false},"excerpt":{"rendered":"<p><strong><span style=\"vertical-align: inherit;\">ARL 200S<\/span><\/strong><span style=\"vertical-align: inherit;\"> Economic Controller f\u00fcr Traktionsaufz\u00fcge Kann bei jeder Befehlsart bis zu 16 Stockwerken verwendet werden.<\/span><\/p>\n","protected":false},"featured_media":992410,"comment_status":"open","ping_status":"closed","template":"","meta":[],"product_brand":[],"product_cat":[683,743],"product_tag":[],"class_list":{"0":"post-996969","1":"product","2":"type-product","3":"status-publish","4":"has-post-thumbnail","6":"product_cat-aufzugsteuerungen","7":"product_cat-aufzugsteuerungseinheiten","9":"first","10":"instock","11":"shipping-taxable","12":"product-type-simple","13":"prodpage-style2"},"_links":{"self":[{"href":"https:\/\/isfelevator.com\/de\/wp-json\/wp\/v2\/product\/996969","targetHints":{"allow":["GET"]}}],"collection":[{"href":"https:\/\/isfelevator.com\/de\/wp-json\/wp\/v2\/product"}],"about":[{"href":"https:\/\/isfelevator.com\/de\/wp-json\/wp\/v2\/types\/product"}],"replies":[{"embeddable":true,"href":"https:\/\/isfelevator.com\/de\/wp-json\/wp\/v2\/comments?post=996969"}],"wp:featuredmedia":[{"embeddable":true,"href":"https:\/\/isfelevator.com\/de\/wp-json\/wp\/v2\/media\/992410"}],"wp:attachment":[{"href":"https:\/\/isfelevator.com\/de\/wp-json\/wp\/v2\/media?parent=996969"}],"wp:term":[{"taxonomy":"product_brand","embeddable":true,"href":"https:\/\/isfelevator.com\/de\/wp-json\/wp\/v2\/product_brand?post=996969"},{"taxonomy":"product_cat","embeddable":true,"href":"https:\/\/isfelevator.com\/de\/wp-json\/wp\/v2\/product_cat?post=996969"},{"taxonomy":"product_tag","embeddable":true,"href":"https:\/\/isfelevator.com\/de\/wp-json\/wp\/v2\/product_tag?post=996969"}],"curies":[{"name":"wp","href":"https:\/\/api.w.org\/{rel}","templated":true}]}}