{"id":996961,"date":"2023-08-29T13:04:18","date_gmt":"2023-08-29T13:04:18","guid":{"rendered":"https:\/\/isfelevator.com\/product\/arl-300-elevator-controller-units\/"},"modified":"2023-02-28T09:19:11","modified_gmt":"2023-02-28T09:19:11","slug":"arl-300-aufzugssteuerungseinheiten","status":"publish","type":"product","link":"https:\/\/isfelevator.com\/de\/product\/arl-300-aufzugssteuerungseinheiten\/","title":{"rendered":"ARL 300 Aufzugssteuerungseinheiten"},"content":{"rendered":"<p><strong><span style=\"vertical-align: inherit;\">ARL 300 Aufzugssteuerungseinheiten<\/span><\/strong><\/p>\n<p><strong><span style=\"vertical-align: inherit;\">ARL 300<\/span><\/strong><span style=\"vertical-align: inherit;\"> ALLGEMEINE EIGENSCHAFTEN Anzahl der Haltestellen: 24 Haltestellen Steuerungstyp: Einfacher Druckknopf Antriebstyp: Zwei Geschwindigkeiten, hydraulisch, VVVF-Geschwindigkeitsregulierung, Getriebemaschine, getriebelose Maschine (mit oder ohne Maschinenraum) Gruppenbetrieb: Bis zu 4 Aufz\u00fcge Serielle Kommunikation : Mit Kabine Kabinenpositionierung: Mit Magnetschaltern Kompatibel mit zweistufigen, VVVF (Getriebe und getriebelos) und hydraulischen Aufz\u00fcgen. Kann bei jedem Befehlstyp bis zu 24 Stopps verwendet werden. Integrierte T\u00fcr\u00fcberbr\u00fcckungs-Sicherheitsschaltung f\u00fcr T\u00fcrvor\u00f6ffnung und Nachnivellierung bei ge\u00f6ffneten T\u00fcren. Diese integrierte Motorphasen-Schutzschaltung. Integrierte automatische T\u00fcrsteuerungseing\u00e4nge und -ausg\u00e4nge f\u00fcr eine einzelne T\u00fcr.<\/span><\/p>\n<p><span style=\"vertical-align: inherit;\">Notabsenkung mit 2x12V Batterien f\u00fcr hydraulische Hebeb\u00fchnen. Die ARL-SARJ-Ladeeinheit steuert die Batterieladung. Notevakuierungsfunktionen f\u00fcr elektrische Aufz\u00fcge. Einfacher Anschluss mit nur 15 Kabeln durch Verwendung von seriellen Autoeinbauplatten, die Arbeits- und Kabelkosten reduzieren. Anschlussplatinen, die anstelle von Schalttafelklemmen verwendet werden, werden mit flexiblen parallelen Anschlusskabeln geliefert und sparen zus\u00e4tzliche Anschlussklemmen am Schaltschrank.<\/span><\/p>\n<p><span style=\"vertical-align: inherit;\">ZUSATZFUNKTIONEN Feuerwehrdienst und Notbetrieb im Brandfall. Panikeingang und Evakuierungsfunktion im Panikzustand. Fahrkorbvorrangfunktion mit einstellbarem Befehlstyp (Einzel-, Letzter oder Mehrfach-Fahrkorbbefehle). Einstellbare Parkstopp- und Zieldauer bis zum Parkstopp. Begrenzung der maximalen Fahrkorbbefehle. Einrichten der Indikatoren, um nur die kollektive Richtung oder die aktuelle und kollektive Richtung zusammen anzuzeigen.<\/span><\/p>\n<p><span style=\"vertical-align: inherit;\">Einstellbare Gongzeiten (z. B. beim \u00d6ffnen der T\u00fcren oder wenn der Aufzug stoppt). Passwortschutz des Men\u00fczugriffs und Deaktivierung des Systems nach Wartungszeit. Geben Sie einem bestimmten Stockwerk einen Befehl oder geben Sie zuf\u00e4llige Anrufe \u00fcber die Tastatur auf dem Mainboard. Langsamer Betrieb \u00fcber die Tastatur auf der Hauptplatine.<\/span><\/p>\n<p><span style=\"vertical-align: inherit;\">BENUTZERSCHNITTSTELLE Alle Systemparameter k\u00f6nnen vom Benutzer \u00fcber Tasten und LCD auf der Hauptplatine eingestellt werden. Einstellbare LCD-Kontrasteinstellung \u00fcber das Men\u00fc. Men\u00fcoptionen in t\u00fcrkischer, englischer, russischer, niederl\u00e4ndischer, rum\u00e4nischer, deutscher und italienischer Sprache.<\/span><\/p>\n<p><span style=\"vertical-align: inherit;\">KONFORMIT\u00c4T EMV gepr\u00fcft und verifiziert. Volle \u00dcbereinstimmung mit der europ\u00e4ischen Aufzugsrichtlinie EN81-1\/2 +A3.<\/span><\/p>\n","protected":false},"excerpt":{"rendered":"<p><strong><span style=\"vertical-align: inherit;\">ARL 300<\/span><\/strong><span style=\"vertical-align: inherit;\"> Aufzugssteuerungen f\u00fcr Traktions- und Hydraulikaufz\u00fcge. Bis zu 24 Stockwerke mit paralleler Kommunikation.<\/span><\/p>\n","protected":false},"featured_media":992404,"comment_status":"open","ping_status":"closed","template":"","meta":[],"product_brand":[],"product_cat":[683,743],"product_tag":[],"class_list":{"0":"post-996961","1":"product","2":"type-product","3":"status-publish","4":"has-post-thumbnail","6":"product_cat-aufzugsteuerungen","7":"product_cat-aufzugsteuerungseinheiten","9":"first","10":"instock","11":"shipping-taxable","12":"product-type-simple","13":"prodpage-style2"},"_links":{"self":[{"href":"https:\/\/isfelevator.com\/de\/wp-json\/wp\/v2\/product\/996961","targetHints":{"allow":["GET"]}}],"collection":[{"href":"https:\/\/isfelevator.com\/de\/wp-json\/wp\/v2\/product"}],"about":[{"href":"https:\/\/isfelevator.com\/de\/wp-json\/wp\/v2\/types\/product"}],"replies":[{"embeddable":true,"href":"https:\/\/isfelevator.com\/de\/wp-json\/wp\/v2\/comments?post=996961"}],"wp:featuredmedia":[{"embeddable":true,"href":"https:\/\/isfelevator.com\/de\/wp-json\/wp\/v2\/media\/992404"}],"wp:attachment":[{"href":"https:\/\/isfelevator.com\/de\/wp-json\/wp\/v2\/media?parent=996961"}],"wp:term":[{"taxonomy":"product_brand","embeddable":true,"href":"https:\/\/isfelevator.com\/de\/wp-json\/wp\/v2\/product_brand?post=996961"},{"taxonomy":"product_cat","embeddable":true,"href":"https:\/\/isfelevator.com\/de\/wp-json\/wp\/v2\/product_cat?post=996961"},{"taxonomy":"product_tag","embeddable":true,"href":"https:\/\/isfelevator.com\/de\/wp-json\/wp\/v2\/product_tag?post=996961"}],"curies":[{"name":"wp","href":"https:\/\/api.w.org\/{rel}","templated":true}]}}