{"id":996952,"date":"2023-02-24T13:04:18","date_gmt":"2023-02-24T13:04:18","guid":{"rendered":"https:\/\/isfelevator.com\/product\/arl-500-elevator-controller-units\/"},"modified":"2023-02-28T09:12:15","modified_gmt":"2023-02-28T09:12:15","slug":"arl-500-aufzugssteuerungseinheiten","status":"publish","type":"product","link":"https:\/\/isfelevator.com\/de\/product\/arl-500-aufzugssteuerungseinheiten\/","title":{"rendered":"ARL 500 Aufzugssteuerungseinheiten"},"content":{"rendered":"<p><strong><span style=\"vertical-align: inherit;\">ARL 500 Aufzugssteuerungseinheiten<\/span><\/strong><\/p>\n<p><span style=\"vertical-align: inherit;\">SYSTEMMERKMALE Kompatibel mit Seil- und hydraulischen Aufz\u00fcgen bis zu 48 Haltestellen Kann f\u00fcr Aufz\u00fcge mit Geschwindigkeiten von bis zu 2,5 m\/s verwendet werden Kann in Auf-\/Ab-Kollektiv- und Vollkollektivsystemen verwendet werden Kann in Gruppen von bis zu 8 Aufz\u00fcgen verwendet werden Encoder oder durch Magnetschalter Schnelle und sichere serielle Kommunikation mit Kabinen- und Etageneinheiten \u00fcber CANbus Flexible anwendungsspezifische L\u00f6sungen durch frei programmierbare Ein-\/Ausg\u00e4nge auf Haupt-, Kabinen- und Etagenplatinen T\u00fcrvor\u00f6ffnung und Nachnivellierung durch interne T\u00fcr\u00fcberbr\u00fcckungsrelais Unabh\u00e4ngige automatische T\u00fcrsteuerung in Bezug auf Haltestellen durch Doppelt\u00fcrunterst\u00fctzung Interne Phasenfolge Motorschutzschaltung Kurzschlussgesch\u00fctzte Versorgung und Signalausg\u00e4nge. Kann die letzten 200 Fehler mit Datum, Uhrzeit und Stoppnummer speichern, was eine detaillierte Fehlerverfolgung erm\u00f6glicht 2 CANBus.<\/span><\/p>\n<p><span style=\"vertical-align: inherit;\">VORVERKABELTE INSTALLATION Verbindungen zu Kabineneinheiten mit Steckdosen Verbindungen zu Etagent\u00fcrkontakten mit Steckdosen Verbindungen zu Grubeneinheit mit Steckdosen BENUTZERSCHNITTSTELLE Einfache Einstellung der Parameter \u00fcber den gro\u00dfen grafischen LCD-Bildschirm. 6-Tasten-Tastatur und Anweisungsmen\u00fc Verf\u00fcgbarkeit mehrerer Sprachen im Men\u00fc: T\u00fcrkisch, Englisch, Russisch, Niederl\u00e4ndisch, Polnisch, Schwedisch, Franz\u00f6sisch und Italienisch um entfernte Aufz\u00fcge \u00fcber Internet\/LAN mit der ARKEL Vision-Software zu \u00fcberwachen und Anpassungen vorzunehmen Updater-Software<\/span><\/p>\n<p><span style=\"vertical-align: inherit;\">ZUS\u00c4TZLICHE FUNKTIONEN Passwortschutz des Men\u00fczugangs und Sperrung einer Systemnachsorgezeit Feuerwehrdienst und Notbetrieb im Brandfall Notrettungsbetrieb f\u00fcr elektrische oder hydraulische Aufz\u00fcge Panikeingabe und Evakuierungsbetrieb w\u00e4hrend der Panikphase Anpassung der Parketage auf unterschiedliche Ebenen je nach Tageszeit Abbruch von Zugang zu gew\u00fcnschten Stockwerken Z\u00e4hler f\u00fcr Fahrinformationen Richtungspfeile und Lauftexteinstellungen f\u00fcr Punktmatrix-Displays Vom Benutzer eingegebene Warnmeldungen werden als Lauftexte in Punktmatrix-Displays angezeigt Spezielle Testfunktion zum Testen der Verbindungen und Einstellungen des Fahrkorb- und Etagenbetriebs Panels Anpassung von Gong- und Tastenton in Kabinen- und Etagentastenpanels L\u00f6schen von redundanten Rufen durch Lichtschrankensteuerung F\u00e4higkeit, Etagenrufe in einer Richtung anzunehmen F\u00e4higkeit zur Begrenzungdie vom Auto registrierten Anrufe M\u00f6glichkeit, die Autorufe durch zweimaliges Dr\u00fccken zu l\u00f6schen<\/span><\/p>\n<p><span style=\"vertical-align: inherit;\">KONFORMIT\u00c4T EMV-gepr\u00fcft und verifiziert Vollst\u00e4ndige Konformit\u00e4t zu EN 81-1 und EN 81-2 als komplette Aufzugssteuerung<\/span><\/p>\n","protected":false},"excerpt":{"rendered":"<p><strong><span style=\"vertical-align: inherit;\">ARL-500<\/span><\/strong><span style=\"vertical-align: inherit;\"> Die ARL-500-Steuerung umfasst viele Funktionen, die f\u00fcr eine effizienter arbeitende Aufzugssteuerung entwickelt wurden. Die Steuerung des H\u00f6henruders kann nur durch wenige Parametereinstellungen gestaltet werden; Es wird keine zus\u00e4tzliche Karte oder Software ben\u00f6tigt.<\/span><\/p>\n","protected":false},"featured_media":992398,"comment_status":"open","ping_status":"closed","template":"","meta":[],"product_brand":[],"product_cat":[683,743],"product_tag":[],"class_list":{"0":"post-996952","1":"product","2":"type-product","3":"status-publish","4":"has-post-thumbnail","6":"product_cat-aufzugsteuerungen","7":"product_cat-aufzugsteuerungseinheiten","9":"first","10":"instock","11":"shipping-taxable","12":"product-type-simple","13":"prodpage-style2"},"_links":{"self":[{"href":"https:\/\/isfelevator.com\/de\/wp-json\/wp\/v2\/product\/996952","targetHints":{"allow":["GET"]}}],"collection":[{"href":"https:\/\/isfelevator.com\/de\/wp-json\/wp\/v2\/product"}],"about":[{"href":"https:\/\/isfelevator.com\/de\/wp-json\/wp\/v2\/types\/product"}],"replies":[{"embeddable":true,"href":"https:\/\/isfelevator.com\/de\/wp-json\/wp\/v2\/comments?post=996952"}],"wp:featuredmedia":[{"embeddable":true,"href":"https:\/\/isfelevator.com\/de\/wp-json\/wp\/v2\/media\/992398"}],"wp:attachment":[{"href":"https:\/\/isfelevator.com\/de\/wp-json\/wp\/v2\/media?parent=996952"}],"wp:term":[{"taxonomy":"product_brand","embeddable":true,"href":"https:\/\/isfelevator.com\/de\/wp-json\/wp\/v2\/product_brand?post=996952"},{"taxonomy":"product_cat","embeddable":true,"href":"https:\/\/isfelevator.com\/de\/wp-json\/wp\/v2\/product_cat?post=996952"},{"taxonomy":"product_tag","embeddable":true,"href":"https:\/\/isfelevator.com\/de\/wp-json\/wp\/v2\/product_tag?post=996952"}],"curies":[{"name":"wp","href":"https:\/\/api.w.org\/{rel}","templated":true}]}}