{"id":996943,"date":"2023-02-24T13:04:18","date_gmt":"2023-02-24T13:04:18","guid":{"rendered":"https:\/\/isfelevator.com\/product\/arl-700-elevator-controller-units\/"},"modified":"2025-11-26T21:39:50","modified_gmt":"2025-11-26T21:39:50","slug":"arl-700-aufzugssteuerungseinheiten","status":"publish","type":"product","link":"https:\/\/isfelevator.com\/de\/product\/arl-700-aufzugssteuerungseinheiten\/","title":{"rendered":"ARL 700 Aufzugssteuerungseinheiten"},"content":{"rendered":"<p><strong><span style=\"vertical-align: inherit;\">ARL 700 Aufzugssteuerungseinheiten<\/span><\/strong><\/p>\n<p><strong><span style=\"vertical-align: inherit;\">ARL 700<\/span><\/strong><span style=\"vertical-align: inherit;\"> Merkmale: \u2022 Kompatibilit\u00e4t mit der Norm EN81-20 (integrierte T\u00fcrbr\u00fccke pr\u00fcft Sicherheitsrelais). \u2022 Bis zu 16 Stockwerke mit paralleler Kommunikation. \u2022 Bis zu 64 Etagen mit serieller Kommunikation (CANBus). \u2022 Kabinenunterst\u00fctzung mit zwei Eing\u00e4ngen (mit automatischen oder Schwingt\u00fcren). \u2022 Gruppenunterst\u00fctzung von bis zu 8 Aufz\u00fcgen. \u2022 Nachhol- und Vor\u00f6ffnungsfunktionen mit eingebetteten Sicherheitsrelais. \u2022 Volle Kompatibilit\u00e4t mit allen verf\u00fcgbaren Arcode-Peripheriekarten (Displays, Autokommunikationskarten, T\u00fcrsteuerungen usw.). \u2022 Fahrzeugkommunikation; wahlweise mit Arcode IBC+CBC Board oder mit FX-CAN Board.<\/span><\/p>\n<p><span style=\"vertical-align: inherit;\">\u2022 Schachtkommunikation; wahlweise mit Arcode-CANBus-Peripherie oder mit klassischer Parallelschaltung \u00fcber das MSP-16-Board. \u2022 Alle Funktionen sind \u00fcber eine Benutzerschnittstelle mit 16&#215;2-Zeichen-LCD verf\u00fcgbar. \u2022 Optional Arcode-\u00e4hnliche Benutzeroberfl\u00e4che mit AREM. \u2022 Direkte Kommunikation mit dem ARKEL Adrive VVVF-Wechselrichter \u00fcber ein einziges Kabel. \u2022 Adapterplatine (HSR) zur Kommunikation mit anderen Motorwechselrichtern und hydraulischen Aufz\u00fcgen. \u2022 Parameter\u00fcbertragung und Firmware-Updates mit SD-Karte. \u2022 Schachtkopieren mit Motor-Encoder oder mit dem Schacht-Magnet-System ohne Encoder.<\/span><\/p>\n","protected":false},"excerpt":{"rendered":"<p><strong><span style=\"vertical-align: inherit;\">ARL 700<\/span><\/strong><span style=\"vertical-align: inherit;\"> Bis zu 16 Stockwerke mit paralleler Kommunikation. Bis zu 64 Etagen mit serieller Kommunikation (CANBus). Kompatibilit\u00e4t mit der Norm EN81-20 (integrierte T\u00fcrbr\u00fccke zur Pr\u00fcfung von Sicherheitsrelais).<\/span><\/p>\n","protected":false},"featured_media":992380,"comment_status":"open","ping_status":"closed","template":"","meta":[],"product_brand":[],"product_cat":[683,743],"product_tag":[],"class_list":{"0":"post-996943","1":"product","2":"type-product","3":"status-publish","4":"has-post-thumbnail","6":"product_cat-aufzugsteuerungen","7":"product_cat-aufzugsteuerungseinheiten","9":"first","10":"instock","11":"shipping-taxable","12":"product-type-simple","13":"prodpage-style2"},"_links":{"self":[{"href":"https:\/\/isfelevator.com\/de\/wp-json\/wp\/v2\/product\/996943","targetHints":{"allow":["GET"]}}],"collection":[{"href":"https:\/\/isfelevator.com\/de\/wp-json\/wp\/v2\/product"}],"about":[{"href":"https:\/\/isfelevator.com\/de\/wp-json\/wp\/v2\/types\/product"}],"replies":[{"embeddable":true,"href":"https:\/\/isfelevator.com\/de\/wp-json\/wp\/v2\/comments?post=996943"}],"wp:featuredmedia":[{"embeddable":true,"href":"https:\/\/isfelevator.com\/de\/wp-json\/wp\/v2\/media\/992380"}],"wp:attachment":[{"href":"https:\/\/isfelevator.com\/de\/wp-json\/wp\/v2\/media?parent=996943"}],"wp:term":[{"taxonomy":"product_brand","embeddable":true,"href":"https:\/\/isfelevator.com\/de\/wp-json\/wp\/v2\/product_brand?post=996943"},{"taxonomy":"product_cat","embeddable":true,"href":"https:\/\/isfelevator.com\/de\/wp-json\/wp\/v2\/product_cat?post=996943"},{"taxonomy":"product_tag","embeddable":true,"href":"https:\/\/isfelevator.com\/de\/wp-json\/wp\/v2\/product_tag?post=996943"}],"curies":[{"name":"wp","href":"https:\/\/api.w.org\/{rel}","templated":true}]}}