{"id":996935,"date":"2023-02-24T13:04:18","date_gmt":"2023-02-24T13:04:18","guid":{"rendered":"https:\/\/isfelevator.com\/product\/arcode-integrated-ele-control-unit\/"},"modified":"2023-02-28T08:58:45","modified_gmt":"2023-02-28T08:58:45","slug":"arcode-integrierte-ele-steuergeraet","status":"publish","type":"product","link":"https:\/\/isfelevator.com\/de\/product\/arcode-integrierte-ele-steuergeraet\/","title":{"rendered":"ARCODE Integrierte Ele. Steuerger\u00e4t"},"content":{"rendered":"<p><strong><span style=\"vertical-align: inherit;\">ARCODE Integrierte Ele. Steuerger\u00e4t<\/span><\/strong><\/p>\n<p><span style=\"vertical-align: inherit;\">ALLGEMEINE MERKMALE Anwendungstyp: Installation neuer Aufz\u00fcge oder Austausch bestehender Aufz\u00fcge Motorsteuerung: Synchronmaschinen (getriebelos) oder Induktionsmaschinen (mit Getriebe) Antriebssystem: Mit Maschinenraum oder MRL Schaltschrankeinbau: Innerhalb des Schachtes oder au\u00dferhalb des Schachtes Drehzahlbereich: Up bis 4 m\/s Gruppenbetrieb: Bis zu 8 Aufz\u00fcge Anzahl der Stockwerke: Bis zu 64 Stockwerke Kabinenverkabelung: Mit serieller CANbus-Kommunikation (Standard) Stockwerksverkabelung: Mit vorverdrahteter serieller CANbus-Verkabelung mit herk\u00f6mmlicher Verkabelung (bis zu 16 Stockwerke mit Parallel Anschlussoptionsplatine) Fahrkorbpositionierung: Mit auf der Motorwelle montierten Inkremental- oder Absolutwertgebern T\u00fcrbetrieb: 2 unabh\u00e4ngig betriebene Fahrkorbeing\u00e4nge Evakuierungsbetrieb: Durch Verwendung einer 1-phasigen 230-V-USV und einer Batterie R\u00fcckmeldungsoptionen: Inkrementalgeber (5 V TTL oder 10-30 V HTL ),<\/span><\/p>\n<p><span style=\"vertical-align: inherit;\">ARCODE-Absolutwertgeber (EnDat, SSI, SinCos oder BISS) Automatische Einstellungen: Autotuning \/ Wellenlernen \/ Steuerverst\u00e4rkungsberechnung Rollback-Verhinderung beim Start: Pre-Torque-Funktion (mit einem analogen Signal von einer W\u00e4gezelle), Anti-Rollback-Funktion (ohne externes Lastsignal) Handset (AREM): Farb-TFT-Display mit benutzerfreundlicher und mehrsprachiger Oberfl\u00e4che, Steuerung des Systems von \u00fcberall \u00fcber CANbus Software-Update: Schnelle und zuverl\u00e4ssige Aktualisierung des Systems \u00fcber AREM auf einmal Zus\u00e4tzliche Funktionen Direkte Landung Interner Eingang EMI Filter Interne DC-Drossel T\u00fcrvor\u00f6ffnung und Schnellstart (mit optionalem Modul) Digitales Schachtlernen Kurze Etagenfahrt ohne erforderliche Hardware oder Einstellungen Hohe Stoppgenauigkeit 48 &#8211; 230VAC Sicherheitskreisspannung Energiesparmodus Programmierbare Ein- und Ausg\u00e4nge Spezielles Aufzugstestmen\u00fc<\/span><\/p>\n","protected":false},"excerpt":{"rendered":"<p><strong><span style=\"vertical-align: inherit;\">ARCODE<\/span><\/strong><span style=\"vertical-align: inherit;\"> Integrierte Aufzugssteuerung f\u00fcr Seilaufz\u00fcge. ARCODE ist eine integrierte Aufzugssteuereinheit, die VVVF-Wechselrichter, Steuerplatine und Evakuierungssystem in einem einzigen Paket kombiniert.<\/span><\/p>\n","protected":false},"featured_media":992356,"comment_status":"open","ping_status":"closed","template":"","meta":[],"product_brand":[],"product_cat":[683,749],"product_tag":[],"class_list":{"0":"post-996935","1":"product","2":"type-product","3":"status-publish","4":"has-post-thumbnail","6":"product_cat-aufzugsteuerungen","7":"product_cat-integrierte-aufzugsteuerungseinheit","9":"first","10":"instock","11":"shipping-taxable","12":"product-type-simple","13":"prodpage-style2"},"_links":{"self":[{"href":"https:\/\/isfelevator.com\/de\/wp-json\/wp\/v2\/product\/996935","targetHints":{"allow":["GET"]}}],"collection":[{"href":"https:\/\/isfelevator.com\/de\/wp-json\/wp\/v2\/product"}],"about":[{"href":"https:\/\/isfelevator.com\/de\/wp-json\/wp\/v2\/types\/product"}],"replies":[{"embeddable":true,"href":"https:\/\/isfelevator.com\/de\/wp-json\/wp\/v2\/comments?post=996935"}],"wp:featuredmedia":[{"embeddable":true,"href":"https:\/\/isfelevator.com\/de\/wp-json\/wp\/v2\/media\/992356"}],"wp:attachment":[{"href":"https:\/\/isfelevator.com\/de\/wp-json\/wp\/v2\/media?parent=996935"}],"wp:term":[{"taxonomy":"product_brand","embeddable":true,"href":"https:\/\/isfelevator.com\/de\/wp-json\/wp\/v2\/product_brand?post=996935"},{"taxonomy":"product_cat","embeddable":true,"href":"https:\/\/isfelevator.com\/de\/wp-json\/wp\/v2\/product_cat?post=996935"},{"taxonomy":"product_tag","embeddable":true,"href":"https:\/\/isfelevator.com\/de\/wp-json\/wp\/v2\/product_tag?post=996935"}],"curies":[{"name":"wp","href":"https:\/\/api.w.org\/{rel}","templated":true}]}}