{"id":996919,"date":"2023-02-24T13:04:19","date_gmt":"2023-02-24T13:04:19","guid":{"rendered":"https:\/\/isfelevator.com\/product\/rk-71-revision-box\/"},"modified":"2023-02-28T08:08:53","modified_gmt":"2023-02-28T08:08:53","slug":"rk-71-revisionsbox","status":"publish","type":"product","link":"https:\/\/isfelevator.com\/de\/product\/rk-71-revisionsbox\/","title":{"rendered":"RK-71 Revisionsbox"},"content":{"rendered":"<p><strong><span style=\"vertical-align: inherit;\">RK-71 Revisionsbox<\/span><\/strong><\/p>\n<p><strong><span style=\"vertical-align: inherit;\">Merkmale<\/span><\/strong><\/p>\n<p><span style=\"vertical-align: inherit;\">Bei Netzausfall f\u00e4hrt er den Aufzug, der zwischen zwei Stockwerken stehen geblieben ist, auf Stockwerkniveau, \u00f6ffnet die Automatikt\u00fcr und die Passagiere werden sicher evakuiert. Bei Aufz\u00fcgen mit automatischen T\u00fcren wird bei einem Netzausfall in der Etage die T\u00fcr ge\u00f6ffnet und die Fahrg\u00e4ste evakuiert. Funktioniert Open-Loop. Es ist nicht erforderlich, einen Sensor am Motor anzubringen. RK-71 wird von einem wartungsfreien 5 x 12V\/7Ah-Batteriesatz mit Strom versorgt. Dank des intelligenten Batterieladesystems, das die Batterien nicht erm\u00fcdet und sie viele Jahre lang funktionieren l\u00e4sst. Bei Geb\u00e4uden mit Dieselgeneratoren kann die Startverz\u00f6gerung des Rettungseinsatzes angepasst werden. Die Nivellierung erfolgt auf einfachste Weise (oben bei unbeladenem Auto, unten bei voll beladenem Auto). Motorantriebsfrequenz und Motordrehmoment k\u00f6nnen f\u00fcr eine einfache Inbetriebnahme in einem Men\u00fc eingestellt werden.<\/span><\/p>\n","protected":false},"excerpt":{"rendered":"<p><strong><span style=\"vertical-align: inherit;\">RK-71 <\/span><\/strong> <strong><span style=\"vertical-align: inherit;\">Externer Rettungsschrank<\/span><\/strong><\/p>\n","protected":false},"featured_media":992548,"comment_status":"open","ping_status":"closed","template":"","meta":[],"product_brand":[],"product_cat":[683,689,713],"product_tag":[],"class_list":{"0":"post-996919","1":"product","2":"type-product","3":"status-publish","4":"has-post-thumbnail","6":"product_cat-aufzugsteuerungen","7":"product_cat-hilfseinheiten-aufzugsteuerungen","8":"product_cat-inspektions-und-alarmsatze","10":"first","11":"instock","12":"shipping-taxable","13":"product-type-simple","14":"prodpage-style2"},"_links":{"self":[{"href":"https:\/\/isfelevator.com\/de\/wp-json\/wp\/v2\/product\/996919","targetHints":{"allow":["GET"]}}],"collection":[{"href":"https:\/\/isfelevator.com\/de\/wp-json\/wp\/v2\/product"}],"about":[{"href":"https:\/\/isfelevator.com\/de\/wp-json\/wp\/v2\/types\/product"}],"replies":[{"embeddable":true,"href":"https:\/\/isfelevator.com\/de\/wp-json\/wp\/v2\/comments?post=996919"}],"wp:featuredmedia":[{"embeddable":true,"href":"https:\/\/isfelevator.com\/de\/wp-json\/wp\/v2\/media\/992548"}],"wp:attachment":[{"href":"https:\/\/isfelevator.com\/de\/wp-json\/wp\/v2\/media?parent=996919"}],"wp:term":[{"taxonomy":"product_brand","embeddable":true,"href":"https:\/\/isfelevator.com\/de\/wp-json\/wp\/v2\/product_brand?post=996919"},{"taxonomy":"product_cat","embeddable":true,"href":"https:\/\/isfelevator.com\/de\/wp-json\/wp\/v2\/product_cat?post=996919"},{"taxonomy":"product_tag","embeddable":true,"href":"https:\/\/isfelevator.com\/de\/wp-json\/wp\/v2\/product_tag?post=996919"}],"curies":[{"name":"wp","href":"https:\/\/api.w.org\/{rel}","templated":true}]}}