{"id":996911,"date":"2023-02-24T13:04:19","date_gmt":"2023-02-24T13:04:19","guid":{"rendered":"https:\/\/isfelevator.com\/product\/akus-sd-cabinet-elevator-auxiliary-units\/"},"modified":"2023-02-28T08:03:43","modified_gmt":"2023-02-28T08:03:43","slug":"akus-sd-kabinett-aufzugs-nebengeraete","status":"publish","type":"product","link":"https:\/\/isfelevator.com\/de\/product\/akus-sd-kabinett-aufzugs-nebengeraete\/","title":{"rendered":"AKUS SD Kabinett-Aufzugs-Nebenger\u00e4te"},"content":{"rendered":"<p><strong><span style=\"vertical-align: inherit;\">AKUS SD Kabinett-Aufzugs-Nebenger\u00e4te<\/span><\/strong><\/p>\n<p><strong><span style=\"vertical-align: inherit;\">Merkmale des <\/span><\/strong><span style=\"vertical-align: inherit;\"><strong>AKUS SD-Schranks<\/strong> Bei einem Stromausfall f\u00e4hrt er den Aufzug, der zwischen zwei Stockwerken angehalten hat, auf Stockwerksniveau, \u00f6ffnet die automatische T\u00fcr und die Passagiere werden sicher evakuiert. Bei Aufz\u00fcgen mit automatischen T\u00fcren wird bei einem Netzausfall auf Stockwerkebene eine T\u00fcr ge\u00f6ffnet und die Fahrg\u00e4ste evakuiert. Funktioniert Open-Loop. Es ist nicht erforderlich, einen Sensor am Motor anzubringen. Versorgt mit 5 x 12 V\/7 Ah Batteriesatz, der wartungsfrei ist.<\/span><\/p>\n<p><span style=\"vertical-align: inherit;\">Dank des intelligenten Batterieladesystems, das die Batterien nicht erm\u00fcdet und sie viele Jahre lang funktionieren l\u00e4sst. Bei Geb\u00e4uden mit Dieselgeneratoren kann die Startverz\u00f6gerung des Rettungseinsatzes angepasst werden. Die Nivellierung erfolgt auf einfachste Weise (oben bei unbeladenem Auto, unten bei voll beladenem Auto). Motorantriebsfrequenz und Motordrehmoment k\u00f6nnen im Men\u00fc f\u00fcr eine einfache Inbetriebnahme eingestellt werden.<\/span><\/p>\n","protected":false},"excerpt":{"rendered":"<p><strong><span style=\"vertical-align: inherit;\">AKUS SD <\/span><\/strong> <strong><span style=\"vertical-align: inherit;\">Au\u00dfenrettungsschrank<\/span><\/strong><\/p>\n","protected":false},"featured_media":992542,"comment_status":"open","ping_status":"closed","template":"","meta":[],"product_brand":[],"product_cat":[683,689,707],"product_tag":[],"class_list":{"0":"post-996911","1":"product","2":"type-product","3":"status-publish","4":"has-post-thumbnail","6":"product_cat-aufzugsteuerungen","7":"product_cat-hilfseinheiten-aufzugsteuerungen","8":"product_cat-notfallrettungseinheit","10":"first","11":"instock","12":"shipping-taxable","13":"product-type-simple","14":"prodpage-style2"},"_links":{"self":[{"href":"https:\/\/isfelevator.com\/de\/wp-json\/wp\/v2\/product\/996911","targetHints":{"allow":["GET"]}}],"collection":[{"href":"https:\/\/isfelevator.com\/de\/wp-json\/wp\/v2\/product"}],"about":[{"href":"https:\/\/isfelevator.com\/de\/wp-json\/wp\/v2\/types\/product"}],"replies":[{"embeddable":true,"href":"https:\/\/isfelevator.com\/de\/wp-json\/wp\/v2\/comments?post=996911"}],"wp:featuredmedia":[{"embeddable":true,"href":"https:\/\/isfelevator.com\/de\/wp-json\/wp\/v2\/media\/992542"}],"wp:attachment":[{"href":"https:\/\/isfelevator.com\/de\/wp-json\/wp\/v2\/media?parent=996911"}],"wp:term":[{"taxonomy":"product_brand","embeddable":true,"href":"https:\/\/isfelevator.com\/de\/wp-json\/wp\/v2\/product_brand?post=996911"},{"taxonomy":"product_cat","embeddable":true,"href":"https:\/\/isfelevator.com\/de\/wp-json\/wp\/v2\/product_cat?post=996911"},{"taxonomy":"product_tag","embeddable":true,"href":"https:\/\/isfelevator.com\/de\/wp-json\/wp\/v2\/product_tag?post=996911"}],"curies":[{"name":"wp","href":"https:\/\/api.w.org\/{rel}","templated":true}]}}