{"id":996901,"date":"2023-02-24T13:04:19","date_gmt":"2023-02-24T13:04:19","guid":{"rendered":"https:\/\/isfelevator.com\/product\/akus-sd-combi-elevator-auxiliary-units\/"},"modified":"2023-02-28T07:58:05","modified_gmt":"2023-02-28T07:58:05","slug":"akus-sd-combi-aufzugsnebengeraete","status":"publish","type":"product","link":"https:\/\/isfelevator.com\/de\/product\/akus-sd-combi-aufzugsnebengeraete\/","title":{"rendered":"AKUS-SD COMBI Aufzugsnebenger\u00e4te"},"content":{"rendered":"<p><strong><span style=\"vertical-align: inherit;\">AKUS-SD COMBI Aufzugsnebenger\u00e4te<\/span><\/strong><\/p>\n<p><strong><span style=\"vertical-align: inherit;\">EIGENSCHAFTEN<\/span><\/strong><span style=\"vertical-align: inherit;\"> AKUS-SD COMBI, das aus nur einer Platine besteht, ist das neue Design der Notfallrettungseinheit. Es bietet alle Funktionen von AKUS-SD. Bei Netzausfall f\u00e4hrt er den Aufzug, der zwischen zwei Stockwerken stehen geblieben ist, auf Stockwerksniveau, \u00f6ffnet die automatische T\u00fcr und die Passagiere werden sicher evakuiert. Bei Aufz\u00fcgen mit automatischen T\u00fcren wird bei einem Netzausfall in der Etage die T\u00fcr ge\u00f6ffnet und die Fahrg\u00e4ste evakuiert. AKUS-SD COMBI kann bei allen eintourigen, zweitourigen oder drehzahlgeregelten Systemen eingesetzt werden. Geeignet f\u00fcr Asynchronantriebe. Funktioniert Open-Loop. Es ist nicht erforderlich, einen Sensor am Motor anzubringen. Enth\u00e4lt einen internen Transformator.<\/span><\/p>\n<p><span style=\"vertical-align: inherit;\">AKUS-SD COMBI erh\u00e4lt die Energie von 5 St\u00fcck Batterien, die keine Wartung ben\u00f6tigen. Dank des intelligenten Batterieladesystems, das die Batterien nicht erm\u00fcdet und sie viele Jahre lang funktionieren l\u00e4sst. Da es in das Bedienfeld integriert ist, sind alle f\u00fcr ein Notlichtger\u00e4t erforderlichen Verbindungen in Stoff ausgef\u00fchrt. So wird die R\u00fcstzeit minimiert. Es ist kein Anschluss des Sicherheitskreises erforderlich. Der Anschluss des Sicherheitskreises erfolgt nur zum Anheben der Steuerung. AKUS-SD COMBI kann im Fehlerfall mit wenigen Kabelverbindungen deaktiviert werden. Mit LCD-Programmparametern wie maximale Fahrzeit, automatischer T\u00fcrtyp, Motorantriebsfrequenz, T\u00fcr\u00f6ffnungszeit, Startverz\u00f6gerung, Sprache usw. l\u00e4sst sich leicht einstellen. Aufzugs\u00fcberwachung und Fehlerberichterstattung mit einer benutzerfreundlichen Men\u00fcoberfl\u00e4che. Men\u00fcoptionen in t\u00fcrkischer und englischer Sprache. Konstruiert nach EN81-1.<\/span><\/p>\n","protected":false},"excerpt":{"rendered":"<p><strong><span style=\"vertical-align: inherit;\">AKUS-SD COMBI <\/span><\/strong> <strong><span style=\"vertical-align: inherit;\">Notfallrettungssystem<\/span><\/strong><\/p>\n","protected":false},"featured_media":992536,"comment_status":"open","ping_status":"closed","template":"","meta":[],"product_brand":[],"product_cat":[683,689,707],"product_tag":[],"class_list":{"0":"post-996901","1":"product","2":"type-product","3":"status-publish","4":"has-post-thumbnail","6":"product_cat-aufzugsteuerungen","7":"product_cat-hilfseinheiten-aufzugsteuerungen","8":"product_cat-notfallrettungseinheit","10":"first","11":"instock","12":"shipping-taxable","13":"product-type-simple","14":"prodpage-style2"},"_links":{"self":[{"href":"https:\/\/isfelevator.com\/de\/wp-json\/wp\/v2\/product\/996901","targetHints":{"allow":["GET"]}}],"collection":[{"href":"https:\/\/isfelevator.com\/de\/wp-json\/wp\/v2\/product"}],"about":[{"href":"https:\/\/isfelevator.com\/de\/wp-json\/wp\/v2\/types\/product"}],"replies":[{"embeddable":true,"href":"https:\/\/isfelevator.com\/de\/wp-json\/wp\/v2\/comments?post=996901"}],"wp:featuredmedia":[{"embeddable":true,"href":"https:\/\/isfelevator.com\/de\/wp-json\/wp\/v2\/media\/992536"}],"wp:attachment":[{"href":"https:\/\/isfelevator.com\/de\/wp-json\/wp\/v2\/media?parent=996901"}],"wp:term":[{"taxonomy":"product_brand","embeddable":true,"href":"https:\/\/isfelevator.com\/de\/wp-json\/wp\/v2\/product_brand?post=996901"},{"taxonomy":"product_cat","embeddable":true,"href":"https:\/\/isfelevator.com\/de\/wp-json\/wp\/v2\/product_cat?post=996901"},{"taxonomy":"product_tag","embeddable":true,"href":"https:\/\/isfelevator.com\/de\/wp-json\/wp\/v2\/product_tag?post=996901"}],"curies":[{"name":"wp","href":"https:\/\/api.w.org\/{rel}","templated":true}]}}