{"id":996884,"date":"2023-02-24T13:04:19","date_gmt":"2023-02-24T13:04:19","guid":{"rendered":"https:\/\/isfelevator.com\/product\/km-20-door-controllers\/"},"modified":"2023-02-28T07:45:59","modified_gmt":"2023-02-28T07:45:59","slug":"km-20-tuersteuerungen","status":"publish","type":"product","link":"https:\/\/isfelevator.com\/de\/product\/km-20-tuersteuerungen\/","title":{"rendered":"KM-20 T\u00fcrsteuerungen"},"content":{"rendered":"<p><strong><span style=\"vertical-align: inherit;\">KM-20 T\u00fcrsteuerungen<\/span><\/strong><\/p>\n<p><strong><span style=\"vertical-align: inherit;\">KM-20 <\/span><\/strong> <strong><span style=\"vertical-align: inherit;\">ALLGEMEINE FUNKTIONEN<\/span><\/strong><span style=\"vertical-align: inherit;\"> KM-20 bietet mit seiner 4-Regionen-Motorsteuerung und der hochaufl\u00f6senden Encoder-Eingangshardware einen vollst\u00e4ndigen Halt des Motors. Zus\u00e4tzlich zu dieser Hardware erm\u00f6glicht es eine schnelle, aber komfortable Bewegung von T\u00fcren mit seiner Software, die eine S-D\u00e4mpfung in Fahrrampen bietet und \u00fcber einen Algorithmus verf\u00fcgt, der keine Endschalter erfordert. KM-20 bietet Funktionen zum automatischen Lernen von Torwegbegrenzungen ohne Auf-Zu-Endschalter. Um mit den Zentralen in v\u00f6lliger Harmonie zu arbeiten, kann es die Signale \u201eT\u00fcren sind vollst\u00e4ndig ge\u00f6ffnet\u201c, \u201eT\u00fcren sind vollst\u00e4ndig geschlossen\u201c und \u201eHindernis oder Lichtschranke erkannt\u201c erzeugen.<\/span><\/p>\n<p><span style=\"vertical-align: inherit;\">Diese Signale erm\u00f6glichen es, f\u00fcr Feueraufzugt\u00fcren zu arbeiten. Eine Dr\u00e4ngelfunktion ist mit reduzierter Geschwindigkeit beim Schlie\u00dfen mit akustischem Alarm nach l\u00e4ngerer Lichtschrankenunterbrechung enthalten. Im Falle eines Stromausfalls kann es von 2 St\u00fcck 12-V-Batterien oder einer externen 24-VDC-Versorgung mit Strom versorgt werden. Die Art der Notversorgung kann einfach \u00fcber einen Jumper auf der Platine ausgew\u00e4hlt werden. KM-20 sch\u00fctzt die Batterie mit einem intelligenten Batterieladesystem vor \u00dcberladung. Nach einer Not\u00f6ffnung mit Batterieversorgung geht KM-20 in den Schlafmodus und sch\u00fctzt die Batterien vor Tiefentladung.<\/span><\/p>\n<p><span style=\"vertical-align: inherit;\">Mit einem Etagensignaleingang k\u00f6nnen T\u00fcren geschlossen gehalten werden, bis die Kabine w\u00e4hrend einer Notevakuierung in die richtige Etage gefahren wird. Es bietet ein Parametermen\u00fc mit Zugriffsebenen f\u00fcr Sicherheit, Benutzer-\/Kundenanforderungen und einfache Anpassung. Au\u00dferdem bietet es viele Funktionen und Parameter f\u00fcr Fertigungsunternehmen, die Anwendungsflexibilit\u00e4t erm\u00f6glichen, wie z. Es bietet eine benutzerfreundliche Parametrierung mit Geschwindigkeitseinheiten in cm\/s und Wegeinheiten in cm.<\/span><\/p>\n<p><span style=\"vertical-align: inherit;\">KM-20 bietet einen Z\u00e4hler f\u00fcr die Information von \u00d6ffnungs- und Schlie\u00dfzeiten. Grundlegende Parameter (T\u00fcr\u00f6ffnungs- und -schlie\u00dfgeschwindigkeit, Hindernisdruck, Signaltyp und Demomodus) k\u00f6nnen vom Benutzer einfach \u00fcber eingebaute 7-Segment-Anzeigen und Tasten eingestellt werden. Die optionale Tastatur KM-20 erm\u00f6glicht den Zugriff auf alle Parameter, Funktionen und \u00dcberwachungsbildschirme. Verf\u00fcgbarkeit mehrerer Sprachen: T\u00fcrkisch, Englisch und Griechisch<\/span><\/p>\n","protected":false},"excerpt":{"rendered":"<p><strong><span style=\"vertical-align: inherit;\">KM-20 <\/span><\/strong> <strong><span style=\"vertical-align: inherit;\">T\u00fcrsteuerung f\u00fcr automatische Teleskopt\u00fcren<\/span><\/strong><\/p>\n","protected":false},"featured_media":992524,"comment_status":"open","ping_status":"closed","template":"","meta":[],"product_brand":[],"product_cat":[683,773],"product_tag":[],"class_list":{"0":"post-996884","1":"product","2":"type-product","3":"status-publish","4":"has-post-thumbnail","6":"product_cat-aufzugsteuerungen","7":"product_cat-tursteuerungen","9":"first","10":"instock","11":"shipping-taxable","12":"product-type-simple","13":"prodpage-style2"},"_links":{"self":[{"href":"https:\/\/isfelevator.com\/de\/wp-json\/wp\/v2\/product\/996884","targetHints":{"allow":["GET"]}}],"collection":[{"href":"https:\/\/isfelevator.com\/de\/wp-json\/wp\/v2\/product"}],"about":[{"href":"https:\/\/isfelevator.com\/de\/wp-json\/wp\/v2\/types\/product"}],"replies":[{"embeddable":true,"href":"https:\/\/isfelevator.com\/de\/wp-json\/wp\/v2\/comments?post=996884"}],"wp:featuredmedia":[{"embeddable":true,"href":"https:\/\/isfelevator.com\/de\/wp-json\/wp\/v2\/media\/992524"}],"wp:attachment":[{"href":"https:\/\/isfelevator.com\/de\/wp-json\/wp\/v2\/media?parent=996884"}],"wp:term":[{"taxonomy":"product_brand","embeddable":true,"href":"https:\/\/isfelevator.com\/de\/wp-json\/wp\/v2\/product_brand?post=996884"},{"taxonomy":"product_cat","embeddable":true,"href":"https:\/\/isfelevator.com\/de\/wp-json\/wp\/v2\/product_cat?post=996884"},{"taxonomy":"product_tag","embeddable":true,"href":"https:\/\/isfelevator.com\/de\/wp-json\/wp\/v2\/product_tag?post=996884"}],"curies":[{"name":"wp","href":"https:\/\/api.w.org\/{rel}","templated":true}]}}