{"id":996877,"date":"2023-02-24T13:04:19","date_gmt":"2023-02-24T13:04:19","guid":{"rendered":"https:\/\/isfelevator.com\/product\/arl-200-elevator-controller-panels\/"},"modified":"2023-02-28T07:38:39","modified_gmt":"2023-02-28T07:38:39","slug":"arl-200-aufzugsteuerungstableaus","status":"publish","type":"product","link":"https:\/\/isfelevator.com\/de\/product\/arl-200-aufzugsteuerungstableaus\/","title":{"rendered":"ARL 200 Aufzugsteuerungstableaus"},"content":{"rendered":"<p><strong><span style=\"vertical-align: inherit;\">ARL 200-Panel<\/span><\/strong><\/p>\n<p><strong><span style=\"vertical-align: inherit;\">ARL 200 Panel <\/span><\/strong> <strong><span style=\"vertical-align: inherit;\">SYSTEMEIGENSCHAFTEN<\/span><\/strong><span style=\"vertical-align: inherit;\"> Autoeinbau; Reihenkabineneinbau mit RK22 Inspektionskastentr\u00e4ger, Parallelkabineneinbau Etageneinbau; Parallellandeanlage Fahrzeugpositionierung; Durch bistabile Magnetschalter und Rundmagnete Autoeinstieg; Doppelt\u00fcrsteuerung mit zus\u00e4tzlichem 1 Auto_Kg f\u00fcr jede T\u00fcr Automatische T\u00fcrsteuerung; Jede Art von Notrettungssystem mit automatischer T\u00fcr (f\u00fcr Seilaufz\u00fcge);<\/span><\/p>\n<p><span style=\"vertical-align: inherit;\">Durch AKUS-SD Integration in die Zentrale Motorphasenschutz; Mit MKR-02C Motorphasenschutzeinheit unterst\u00fctzt Anzeigecode-Ausg\u00e4nge; Eingebaute 7-Segment-Anzeigeausg\u00e4nge, Gray- und Bin\u00e4rcode-Ausg\u00e4nge mit GKS-Grau- und Bin\u00e4rcode-Treiberunterst\u00fctzung, Sicherheitsschaltkreisanschl\u00fcsse, Spezialanschluss f\u00fcr Sicherheitsschaltkreis durch KBK-5-Anschlussplatinenunterst\u00fctzung Kompatibilit\u00e4t; Vollst\u00e4ndige Konformit\u00e4t mit EN 81-1 als komplettes Aufzugsbedienfeld<\/span><\/p>\n","protected":false},"excerpt":{"rendered":"<p><strong><span style=\"vertical-align: inherit;\">ARL 200 Panel <\/span><\/strong> <strong><span style=\"vertical-align: inherit;\">Aufzugssteuerung <\/span><\/strong> <strong><span style=\"vertical-align: inherit;\">ALLGEMEINE MERKMALE<\/span><\/strong><span style=\"vertical-align: inherit;\"> Anzahl der Stockwerke: 16 Haltestellen Fahrtyp: Eine Geschwindigkeit, Zwei Geschwindigkeiten, Geschwindigkeitsgesteuert Aufzugsgeschwindigkeit: Bis zu 1,6 m\/s Steuerungstyp: Basissteuerung, Parallelsteuerung (innen\/au\u00dfen gemischt), Single Kollektives Auf- und Ab-Tasten, Kollektives Einzeltasten-Auf, Kollektives Abw\u00e4rts-Einzeltasten, Vollst\u00e4ndiges Kollektiv Gruppenbetrieb: Bis zu 2 Aufz\u00fcge Serielle Kommunikation: Kabineninstallation Automatische T\u00fcrsteuerung: Doppelt\u00fcrsteuerung<\/span><\/p>\n","protected":false},"featured_media":992518,"comment_status":"open","ping_status":"closed","template":"","meta":[],"product_brand":[],"product_cat":[683,737],"product_tag":[],"class_list":{"0":"post-996877","1":"product","2":"type-product","3":"status-publish","4":"has-post-thumbnail","6":"product_cat-aufzugsteuerungen","7":"product_cat-aufzugsteuerungspanels","9":"first","10":"instock","11":"shipping-taxable","12":"product-type-simple","13":"prodpage-style2"},"_links":{"self":[{"href":"https:\/\/isfelevator.com\/de\/wp-json\/wp\/v2\/product\/996877","targetHints":{"allow":["GET"]}}],"collection":[{"href":"https:\/\/isfelevator.com\/de\/wp-json\/wp\/v2\/product"}],"about":[{"href":"https:\/\/isfelevator.com\/de\/wp-json\/wp\/v2\/types\/product"}],"replies":[{"embeddable":true,"href":"https:\/\/isfelevator.com\/de\/wp-json\/wp\/v2\/comments?post=996877"}],"wp:featuredmedia":[{"embeddable":true,"href":"https:\/\/isfelevator.com\/de\/wp-json\/wp\/v2\/media\/992518"}],"wp:attachment":[{"href":"https:\/\/isfelevator.com\/de\/wp-json\/wp\/v2\/media?parent=996877"}],"wp:term":[{"taxonomy":"product_brand","embeddable":true,"href":"https:\/\/isfelevator.com\/de\/wp-json\/wp\/v2\/product_brand?post=996877"},{"taxonomy":"product_cat","embeddable":true,"href":"https:\/\/isfelevator.com\/de\/wp-json\/wp\/v2\/product_cat?post=996877"},{"taxonomy":"product_tag","embeddable":true,"href":"https:\/\/isfelevator.com\/de\/wp-json\/wp\/v2\/product_tag?post=996877"}],"curies":[{"name":"wp","href":"https:\/\/api.w.org\/{rel}","templated":true}]}}