{"id":996869,"date":"2023-02-24T13:04:19","date_gmt":"2023-02-24T13:04:19","guid":{"rendered":"https:\/\/isfelevator.com\/product\/arl-100-elevator-controller-panels\/"},"modified":"2023-02-28T07:32:23","modified_gmt":"2023-02-28T07:32:23","slug":"arl-100-panel-bedienfelder-fuer-aufzugssteuerungen","status":"publish","type":"product","link":"https:\/\/isfelevator.com\/de\/product\/arl-100-panel-bedienfelder-fuer-aufzugssteuerungen\/","title":{"rendered":"ARL 100-Panel Bedienfelder f\u00fcr Aufzugssteuerungen"},"content":{"rendered":"<p><strong><span style=\"vertical-align: inherit;\">ARL 100-Panel. Bedienfelder f\u00fcr Aufzugssteuerungen<\/span><\/strong><\/p>\n<p><strong><span style=\"vertical-align: inherit;\">ARL 100 Panel <\/span><\/strong> <strong><span style=\"vertical-align: inherit;\">SYSTEMMERKMALE<\/span><\/strong><span style=\"vertical-align: inherit;\"> Kabinen- und Landeplatzinstallation: Parallele Installation Kabinenpositionierung; Durch bistabile Magnetschalter und Rundmagnete Autoeinstieg; Doppelt\u00fcrsteuerung mit zus\u00e4tzlich 1 Auto_Kg f\u00fcr jede T\u00fcr Automatische T\u00fcrsteuerung; Jede Art von automatischen T\u00fcren Notrettungssystem (f\u00fcr Seilaufz\u00fcge); Durch AKUS-SD-Integration in die Zentrale Motorphasenschutz: Mit Unterst\u00fctzung der MKR-02C-Motorphasenschutzeinheit Anzeigecode-Ausg\u00e4nge: Eingebaute 7-Segment-Anzeigeausg\u00e4nge, Gray- und Bin\u00e4rcode-Ausg\u00e4nge mit GKS-Gray- und Bin\u00e4rcode-Treiberunterst\u00fctzung, Einfach Ausgabe des Anzeigecodes. Sicherheitsschaltkreisanschl\u00fcsse; Spezieller Anschluss f\u00fcr Sicherheitsschaltkreis durch KBK-5 Connector Board Support Kompatibilit\u00e4t; Vollst\u00e4ndige Konformit\u00e4t mit EN 81-1 als komplettes Aufzugsbedienfeld<\/span><\/p>\n","protected":false},"excerpt":{"rendered":"<p><strong><span style=\"vertical-align: inherit;\">ARL 100 Panel <\/span><\/strong> <strong><span style=\"vertical-align: inherit;\">Aufzugssteuerung <\/span><\/strong> <strong><span style=\"vertical-align: inherit;\">ALLGEMEINE EIGENSCHAFTEN<\/span><\/strong><span style=\"vertical-align: inherit;\"> Anzahl der Stockwerke: 8 Haltestellen Fahrtyp: Eine Geschwindigkeit, zwei Geschwindigkeiten Aufzugsgeschwindigkeit: 1 m\/s Steuerungstyp: Basissteuerung Gruppenbetrieb: N\/A Serielle Kommunikation: Keine automatische T\u00fcrsteuerung: Doppelt\u00fcr Kontrolle<\/span><\/p>\n","protected":false},"featured_media":992512,"comment_status":"open","ping_status":"closed","template":"","meta":[],"product_brand":[],"product_cat":[683,737],"product_tag":[],"class_list":{"0":"post-996869","1":"product","2":"type-product","3":"status-publish","4":"has-post-thumbnail","6":"product_cat-aufzugsteuerungen","7":"product_cat-aufzugsteuerungspanels","9":"first","10":"instock","11":"shipping-taxable","12":"product-type-simple","13":"prodpage-style2"},"_links":{"self":[{"href":"https:\/\/isfelevator.com\/de\/wp-json\/wp\/v2\/product\/996869","targetHints":{"allow":["GET"]}}],"collection":[{"href":"https:\/\/isfelevator.com\/de\/wp-json\/wp\/v2\/product"}],"about":[{"href":"https:\/\/isfelevator.com\/de\/wp-json\/wp\/v2\/types\/product"}],"replies":[{"embeddable":true,"href":"https:\/\/isfelevator.com\/de\/wp-json\/wp\/v2\/comments?post=996869"}],"wp:featuredmedia":[{"embeddable":true,"href":"https:\/\/isfelevator.com\/de\/wp-json\/wp\/v2\/media\/992512"}],"wp:attachment":[{"href":"https:\/\/isfelevator.com\/de\/wp-json\/wp\/v2\/media?parent=996869"}],"wp:term":[{"taxonomy":"product_brand","embeddable":true,"href":"https:\/\/isfelevator.com\/de\/wp-json\/wp\/v2\/product_brand?post=996869"},{"taxonomy":"product_cat","embeddable":true,"href":"https:\/\/isfelevator.com\/de\/wp-json\/wp\/v2\/product_cat?post=996869"},{"taxonomy":"product_tag","embeddable":true,"href":"https:\/\/isfelevator.com\/de\/wp-json\/wp\/v2\/product_tag?post=996869"}],"curies":[{"name":"wp","href":"https:\/\/api.w.org\/{rel}","templated":true}]}}