{"id":996860,"date":"2023-02-24T13:04:19","date_gmt":"2023-02-24T13:04:19","guid":{"rendered":"https:\/\/isfelevator.com\/product\/arl-300-elevator-controller-panels\/"},"modified":"2023-02-28T07:24:58","modified_gmt":"2023-02-28T07:24:58","slug":"arl-300-panel-bedienfelder-fuer-aufzugssteuerungen","status":"publish","type":"product","link":"https:\/\/isfelevator.com\/de\/product\/arl-300-panel-bedienfelder-fuer-aufzugssteuerungen\/","title":{"rendered":"ARL 300-Panel Bedienfelder f\u00fcr Aufzugssteuerungen"},"content":{"rendered":"<p><strong><span style=\"vertical-align: inherit;\">ARL 300-Panel. Bedienfelder f\u00fcr Aufzugssteuerungen<\/span><\/strong><\/p>\n<p><strong><span style=\"vertical-align: inherit;\">ARL 300 Panel <\/span><\/strong> <strong><span style=\"vertical-align: inherit;\">SYSTEMEIGENSCHAFTEN<\/span><\/strong><span style=\"vertical-align: inherit;\">Fahrzeugpositionierung; Durch monostabile Magnetschalter und Stabmagnete f\u00fcr VVVF- und Hydrauliksysteme, durch bistabile Magnetschalter und Rundmagnete f\u00fcr Systeme mit zwei Geschwindigkeiten Automatische T\u00fcrausf\u00fchrung; Jede Art von automatischer T\u00fcr Autoeingang; Automatische T\u00fcrsteuerung durch eingebaute Ein- und Ausg\u00e4nge auf dem Mainboard, Doppelte automatische T\u00fcrsteuerung durch Hinzuf\u00fcgen von 2 Auto_Kg-Boards Emergency Rescue System; Durch AKUS-SD-Integration in das Bedienfeld (f\u00fcr Seilaufz\u00fcge), Durch Hinzuf\u00fcgen einer ARL-SARJ-Platine und 2 St\u00fcck einer 12-V-Batterie (f\u00fcr hydraulische Aufz\u00fcge) T\u00fcr\u00fcberbr\u00fcckung; T\u00fcrvor\u00f6ffnung und Nachnivellierung bei offener T\u00fcr Motorphasenschutz; Durch eingebaute Ein- und Ausg\u00e4nge auf dem Mainboard Anzeigecode-Ausg\u00e4nge; Durch eingebaute Bin\u00e4rdatei (auch invertierte Bin\u00e4rdatei) &amp; Gray-Code (auch invertierter Gray-Code) und 7-Segment-Anzeigeausg\u00e4nge (in einem Men\u00fc programmierbar) Sicherheitskreisanschl\u00fcsse; Spezialanschluss f\u00fcr Sicherheitsschaltung mit KBK-5 Platinentr\u00e4ger Kompatibilit\u00e4t; Vollst\u00e4ndige Konformit\u00e4t mit der Norm EN 81-1\/2 +A3 als komplette Platte<\/span><\/p>\n","protected":false},"excerpt":{"rendered":"<p><strong><span style=\"vertical-align: inherit;\">ARL 300 Panel <\/span><\/strong> <strong><span style=\"vertical-align: inherit;\">Elevator Control Panel <\/span><\/strong> <strong><span style=\"vertical-align: inherit;\">ALLGEMEINE EIGENSCHAFTEN<\/span><\/strong><span style=\"vertical-align: inherit;\"> Anzahl der Haltestellen: 24 Haltestellen Antriebstyp: Seil, zwei Geschwindigkeiten, hydraulisch, VVVF-geregelt (mit ADrive VVVF-Wechselrichter) + Getriebemaschine, + getriebelose Maschine (mit oder ohne Maschinenraum) Hubgeschwindigkeit: Up bis 1,6 m\/s Befehlstyp: Einfacher Drucktaster, Paralleler Befehl (innen\/au\u00dfen gemischt), Einzeltaste auf und ab kollektiv, Einzeltaste auf kollektiv, Einzeltaste ab kollektiv, vollst\u00e4ndig kollektiv Gruppenbetrieb: Bis zu 4 Aufz\u00fcge Kabineninstallation: Serieller Fahrkorbeinbau bis 16 Haltestellen mit RK22 Inspektionskastentr\u00e4ger. Etageneinbau: Paralleler Etageneinbau<\/span><\/p>\n","protected":false},"featured_media":992506,"comment_status":"open","ping_status":"closed","template":"","meta":[],"product_brand":[],"product_cat":[683,737],"product_tag":[],"class_list":{"0":"post-996860","1":"product","2":"type-product","3":"status-publish","4":"has-post-thumbnail","6":"product_cat-aufzugsteuerungen","7":"product_cat-aufzugsteuerungspanels","9":"first","10":"instock","11":"shipping-taxable","12":"product-type-simple","13":"prodpage-style2"},"_links":{"self":[{"href":"https:\/\/isfelevator.com\/de\/wp-json\/wp\/v2\/product\/996860","targetHints":{"allow":["GET"]}}],"collection":[{"href":"https:\/\/isfelevator.com\/de\/wp-json\/wp\/v2\/product"}],"about":[{"href":"https:\/\/isfelevator.com\/de\/wp-json\/wp\/v2\/types\/product"}],"replies":[{"embeddable":true,"href":"https:\/\/isfelevator.com\/de\/wp-json\/wp\/v2\/comments?post=996860"}],"wp:featuredmedia":[{"embeddable":true,"href":"https:\/\/isfelevator.com\/de\/wp-json\/wp\/v2\/media\/992506"}],"wp:attachment":[{"href":"https:\/\/isfelevator.com\/de\/wp-json\/wp\/v2\/media?parent=996860"}],"wp:term":[{"taxonomy":"product_brand","embeddable":true,"href":"https:\/\/isfelevator.com\/de\/wp-json\/wp\/v2\/product_brand?post=996860"},{"taxonomy":"product_cat","embeddable":true,"href":"https:\/\/isfelevator.com\/de\/wp-json\/wp\/v2\/product_cat?post=996860"},{"taxonomy":"product_tag","embeddable":true,"href":"https:\/\/isfelevator.com\/de\/wp-json\/wp\/v2\/product_tag?post=996860"}],"curies":[{"name":"wp","href":"https:\/\/api.w.org\/{rel}","templated":true}]}}