{"id":996851,"date":"2023-02-24T13:04:19","date_gmt":"2023-02-24T13:04:19","guid":{"rendered":"https:\/\/isfelevator.com\/product\/arl-500-elevator-controller-panels\/"},"modified":"2023-02-28T07:22:54","modified_gmt":"2023-02-28T07:22:54","slug":"arl-500-panel-bedienfelder-fuer-aufzugssteuerungen","status":"publish","type":"product","link":"https:\/\/isfelevator.com\/de\/product\/arl-500-panel-bedienfelder-fuer-aufzugssteuerungen\/","title":{"rendered":"ARL 500-Panel. Bedienfelder f\u00fcr Aufzugssteuerungen"},"content":{"rendered":"<p><strong><span style=\"vertical-align: inherit;\">ARL 500-Panel. Bedienfelder f\u00fcr Aufzugssteuerungen<\/span><\/strong><\/p>\n<p><strong><span style=\"vertical-align: inherit;\">ARL 500 Panel <\/span><\/strong> <strong><span style=\"vertical-align: inherit;\">ALLGEMEINE EIGENSCHAFTEN<\/span><\/strong><span style=\"vertical-align: inherit;\">Kommunikation mit Fahrzeugeinheiten: Serielle Fahrzeugkommunikation \u00fcber CANBus, Eins-zu-eins-Verbindung \u00fcber flexible Kabel mit Buchsen zwischen Bedienfeld und Inspektionsbox, Plug &amp; Play-Verbindung \u00fcber ein Kabel mit Buchse zwischen COP und Inspektionsbox. Kommunikation mit Landeeinheiten. ARL 500 Panel Serielle Etagenkommunikation \u00fcber CANBus, CANBus-Leitung, die durch Kabel mit Buchsen von Etage zu Etage verbunden ist und sich entlang der Sch\u00e4chte erstreckt, Plug &amp; Play-Verbindung f\u00fcr Etagenbedienpulte durch Kabel mit Buchsen, die jeweils mit der Schacht-CANBus-Leitung verbunden sind Boden. T\u00fcrkontaktverkabelung: T\u00fcrkontaktinstallation, die durch Kabel mit Buchsen von Stockwerk zu Stockwerk verbunden ist und sich entlang des Schachts erstreckt, Anschluss f\u00fcr Schachtt\u00fcren Plug &amp; Play-Kontakte durch Kabel mit Buchsen, die an T\u00fcrkontaktinstallation angeschlossen sind.<\/span><\/p>\n<p><strong><span style=\"vertical-align: inherit;\">ARL 500 Panel SYSTEMEIGENSCHAFTEN<\/span><\/strong><span style=\"vertical-align: inherit;\">Automatische T\u00fcrsteuerung f\u00fcr jede Art von T\u00fcr, Unabh\u00e4ngige T\u00fcrsteuerung f\u00fcr jede Etage durch Doppelt\u00fcrunterst\u00fctzung 1 T\u00fcrsteuerungseingang\/-ausgang im Inspektionskasten, 2 im Bedienfeld Fahrkorbpositionierung Durch Encoder, durch Magnetschalter und Magnete Anzeigeoptionen f\u00fcr Fahrkorbbedienfeld; 240 x 128 Pixel Grafik-LCD-Anzeige 128 x 64 Pixel Grafik-LCD-Anzeige (vertikal\/horizontal) 2 x 30 mm Punktmatrix-Display 3 x 30 mm Punktmatrix-Display Ruf-\/Anzeigemodul Optionen f\u00fcr Au\u00dfentableaus; 240 x 128 Pixel Grafik-LCD-Anzeige (\u00fcber einer T\u00fcr) 128 x 64 Pixel Grafik-LCD-Anzeige (vertikal) 2 x 30 mm Punktmatrix-Display 3 x 30 mm Punktmatrix-Display Rufmodul ohne Display Notrufsystem; Durch AKUS-SD-Integration in das Bedienfeld (f\u00fcr Seilaufz\u00fcge), durch Hinzuf\u00fcgen einer ARL-SARJ-Platine und 2 St\u00fcck 12-V-Batterie (f\u00fcr hydraulische Aufz\u00fcge).<\/span><\/p>\n<p><span style=\"vertical-align: inherit;\">ARL 500 Paneelt\u00fcr\u00fcberbr\u00fcckung; T\u00fcr-Vor\u00f6ffnung und T\u00fcr-Offen-Nivellierung durch T\u00fcr\u00fcberbr\u00fcckungsrelais auf der Hauptplatine, Motorphasenschutz, durch eingebaute Ein-\/Ausg\u00e4nge auf der Hauptplatine, programmierbare Ein-\/Ausg\u00e4nge, frei programmierbare Ein-\/Ausg\u00e4nge auf der Hauptplatine, Kabinenplatinen und Landeplatinen, Testfunktionen ; Spezielle Testfunktion zum Testen der Anschl\u00fcsse von Kabinen- und Etagentastenfeldern Fernbedienung; Steuerung des ARL-500-Mainboards und des ADrive-VVVF-Wechselrichters \u00fcber ein Handterminal, das von einem beliebigen Punkt aus mit der CANBus-Leitung verbunden ist Sicherheitskreisanschl\u00fcsse; Sonderanschl\u00fcsse in Schaltschrank, Revisionskasten und Grubenkasten f\u00fcr Sicherheitskreise Kabinen- und Schachtversorgung; Erdschlussgesch\u00fctzte Sicherungen f\u00fcr Fahrkorb- und Schachtlichter Schachtlichtkreis; Schachtlichtstromkreis \u00fcber Stromsto\u00dfrelais (aktiviert mit Tastern im Revisionskasten und Grubenkasten) Notrufsirene (aktiviert mit Tasten im Revisionskasten und Grubenkasten) Kompatibilit\u00e4t; EMV-gepr\u00fcft und verifiziert, vollst\u00e4ndige Konformit\u00e4t mit EN 81-1\/2 +A3 als komplettes Aufzugssteuerungssystem<\/span><\/p>\n","protected":false},"excerpt":{"rendered":"<p><strong><span style=\"vertical-align: inherit;\">ARL 500 Panel <\/span><\/strong> <strong><span style=\"vertical-align: inherit;\">Elevator Control Panel<\/span><\/strong><span style=\"vertical-align: inherit;\"> Anzahl der Haltestellen: Bis zu 48 Haltestellen Antriebstyp: Zwei Geschwindigkeiten, hydraulisch, VVVF (mit ADrive VVVF-Wechselrichter) + Maschine mit Getriebe, + Maschine ohne Getriebe (mit oder ohne Maschinenraum) Hubgeschwindigkeit: Bis zu 2,5 m \/s Steuerungstyp: Volles Kollektiv, Auf- oder Ab-Kollektiv Gruppenbefehl: Bis zu 8 Aufz\u00fcge<\/span><\/p>\n","protected":false},"featured_media":992482,"comment_status":"open","ping_status":"closed","template":"","meta":[],"product_brand":[],"product_cat":[683,737],"product_tag":[],"class_list":{"0":"post-996851","1":"product","2":"type-product","3":"status-publish","4":"has-post-thumbnail","6":"product_cat-aufzugsteuerungen","7":"product_cat-aufzugsteuerungspanels","9":"first","10":"instock","11":"shipping-taxable","12":"product-type-simple","13":"prodpage-style2"},"_links":{"self":[{"href":"https:\/\/isfelevator.com\/de\/wp-json\/wp\/v2\/product\/996851","targetHints":{"allow":["GET"]}}],"collection":[{"href":"https:\/\/isfelevator.com\/de\/wp-json\/wp\/v2\/product"}],"about":[{"href":"https:\/\/isfelevator.com\/de\/wp-json\/wp\/v2\/types\/product"}],"replies":[{"embeddable":true,"href":"https:\/\/isfelevator.com\/de\/wp-json\/wp\/v2\/comments?post=996851"}],"wp:featuredmedia":[{"embeddable":true,"href":"https:\/\/isfelevator.com\/de\/wp-json\/wp\/v2\/media\/992482"}],"wp:attachment":[{"href":"https:\/\/isfelevator.com\/de\/wp-json\/wp\/v2\/media?parent=996851"}],"wp:term":[{"taxonomy":"product_brand","embeddable":true,"href":"https:\/\/isfelevator.com\/de\/wp-json\/wp\/v2\/product_brand?post=996851"},{"taxonomy":"product_cat","embeddable":true,"href":"https:\/\/isfelevator.com\/de\/wp-json\/wp\/v2\/product_cat?post=996851"},{"taxonomy":"product_tag","embeddable":true,"href":"https:\/\/isfelevator.com\/de\/wp-json\/wp\/v2\/product_tag?post=996851"}],"curies":[{"name":"wp","href":"https:\/\/api.w.org\/{rel}","templated":true}]}}