{"id":996842,"date":"2023-02-24T13:04:19","date_gmt":"2023-02-24T13:04:19","guid":{"rendered":"https:\/\/isfelevator.com\/product\/arcode-elevator-controller-panels\/"},"modified":"2023-02-28T07:01:26","modified_gmt":"2023-02-28T07:01:26","slug":"arcode-panel-bedienfelder-fuer-aufzugssteuerungen","status":"publish","type":"product","link":"https:\/\/isfelevator.com\/de\/product\/arcode-panel-bedienfelder-fuer-aufzugssteuerungen\/","title":{"rendered":"ARCODE-Panel Bedienfelder f\u00fcr Aufzugssteuerungen"},"content":{"rendered":"<p><strong><span style=\"vertical-align: inherit;\">ARCODE-Panel. Bedienfelder f\u00fcr Aufzugssteuerungen<\/span><\/strong><\/p>\n<p><strong><span style=\"vertical-align: inherit;\">SYSTEMFUNKTIONEN<\/span><\/strong><span style=\"vertical-align: inherit;\"> Kommunikation mit Car Units; Serielle Kabinenkommunikation \u00fcber CANBus Eins-zu-Eins-Verbindung durch flexible Kabel mit Buchsen zwischen dem Bedienfeld und der Inspektionsbox Plug &amp; Play-Verbindung durch ein Kabel mit Buchsen zwischen COP und Inspektionsbox Kommunikation mit Landing Units; Serielle Etagenkommunikation \u00fcber CANBus oder parallele Etagenkommunikation \u00fcber das SP16-Board. CANBus-Leitung, die durch Kabel mit Steckdosen von Etage zu Etage verbunden ist und sich entlang des Schachts erstreckt. Plug &amp; Play-Verbindung f\u00fcr Etagenbedienfelder durch Kabel mit Steckdosen, die mit dem Schacht verbunden sind.<\/span><\/p>\n<p><span style=\"vertical-align: inherit;\">ARCODE-Panel CANBus-Leitung auf jeder Etage T\u00fcrkontakte Verkabelung; T\u00fcrkontaktinstallation, die durch Kabel mit Buchsen von Stockwerk zu Stockwerk verbunden ist und sich entlang des Schachts erstreckt Anschluss f\u00fcr Schachtt\u00fcren Plug &amp; Play-Kontakte durch Kabel mit Buchsen, die mit der T\u00fcrkontaktinstallation verbunden sind Schachtverkabelung; Verbindung zur Box durch ein Kabel mit Buchsen Car Positioning; Durch Encoder Durch Magnetschalter und Magnete Automatische T\u00fcrsteuerung; Automatische T\u00fcrsteuerung f\u00fcr jeden T\u00fcrtyp Unabh\u00e4ngige T\u00fcrsteuerung f\u00fcr jede Etage durch doppelte T\u00fcrunterst\u00fctzung 1 T\u00fcrsteuerungseingang\/-ausgang in Inspektionsbox, 2 im Bedienfeld Anzeigeoptionen f\u00fcr Kabinenbedienfeld; 5,7&#8243; 320 x 240 Pixel Farb-TFT-LCD-Anzeige 240 x 128 Pixel Grafik-LCD-Anzeige 128 x 64 Pixel Grafik-LCD-Anzeige (vertikal \/ horizontal) 2 x 30 mm Punktmatrix-Display 3 x 30 mm Punktmatrix-Display Ruf-\/Anzeigemodul Optionen f\u00fcr Au\u00dfentableaus; 240 x 128 Pixel Grafik-LCD-Anzeige (\u00fcber der T\u00fcr) 128 x 64 Pixel Grafik-LCD-Anzeige (vertikal) 2 x 30 mm Punktmatrix-Display 3 x 30 mm Punktmatrix-Display.<\/span><\/p>\n<p><span style=\"vertical-align: inherit;\">ARCODE-Panel-Call-Modul ohne Display Evakuierungsbetrieb; Durch Verwendung einer einphasigen 220-VAC-USV oder einer Batterie Zur n\u00e4chsten oder bestimmten Etage T\u00fcr\u00fcberbr\u00fcckung; T\u00fcrvor\u00f6ffnung und T\u00fcroffen-Nachregulierung durch T\u00fcr\u00fcberbr\u00fcckungsrelais auf der DBR-Platine Motorphasenschutz; Durch eingebaute Ein-\/Ausg\u00e4nge auf dem Mainboard. Programmierbare Ein-\/Ausg\u00e4nge; Frei programmierbare Ein-\/Ausg\u00e4nge auf Arcode, Kabinenplatinen und Landeplatinen Testfunktionen; Spezielle Testfunktion zum Testen der Anschl\u00fcsse von Kabinen- und Etagentastenfeldern Fernbedienung; Steuerung des ARL-500-Mainboards und des ADrive-VVVF-Wechselrichters \u00fcber ein Handterminal, das von einem beliebigen Punkt aus mit der CANBus-Leitung verbunden ist Sicherheitskreisanschluss; Sonderanschl\u00fcsse in Schaltschrank, Revisionskasten und Grubenkasten f\u00fcr Sicherheitskreise Kabinen- und Schachtversorgung; Erdschlussgesch\u00fctzte Sicherungen f\u00fcr Fahrkorb- und Schachtlichter Schachtlichtkreis; Schachtlichtstromkreis \u00fcber Stromsto\u00dfrelais (aktiviert mit Tastern in Revisionskasten und Grubenkasten) Notalarm; Notfall-Alarmsirene (aktiviert mit Tasten in Inspektionsbox und Box) Kompatibilit\u00e4t; EMV-gepr\u00fcft und verifiziert Volle Kompatibilit\u00e4t zu EN 81-20 als komplettes Aufzugssteuerungssystem<\/span><\/p>\n","protected":false},"excerpt":{"rendered":"<p><strong><span style=\"vertical-align: inherit;\">ARCODE-Panel<\/span><\/strong><span style=\"vertical-align: inherit;\"> Anzahl der Haltestellen: Bis zu 64 Haltestellen Antriebsart: Seil, VVVF (mit ADrive VVVF-Wechselrichter), Getriebemaschine, getriebelose Maschine (mit oder ohne Maschinenraum) Hubgeschwindigkeit: Bis zu 4 m\/s Steuerungsart: Vollkollektiv, Kollektiver Gruppenbefehl nach oben oder unten: Bis zu 8 Aufz\u00fcge<\/span><\/p>\n","protected":false},"featured_media":992452,"comment_status":"open","ping_status":"closed","template":"","meta":[],"product_brand":[],"product_cat":[683,737],"product_tag":[],"class_list":{"0":"post-996842","1":"product","2":"type-product","3":"status-publish","4":"has-post-thumbnail","6":"product_cat-aufzugsteuerungen","7":"product_cat-aufzugsteuerungspanels","9":"first","10":"instock","11":"shipping-taxable","12":"product-type-simple","13":"prodpage-style2"},"_links":{"self":[{"href":"https:\/\/isfelevator.com\/de\/wp-json\/wp\/v2\/product\/996842","targetHints":{"allow":["GET"]}}],"collection":[{"href":"https:\/\/isfelevator.com\/de\/wp-json\/wp\/v2\/product"}],"about":[{"href":"https:\/\/isfelevator.com\/de\/wp-json\/wp\/v2\/types\/product"}],"replies":[{"embeddable":true,"href":"https:\/\/isfelevator.com\/de\/wp-json\/wp\/v2\/comments?post=996842"}],"wp:featuredmedia":[{"embeddable":true,"href":"https:\/\/isfelevator.com\/de\/wp-json\/wp\/v2\/media\/992452"}],"wp:attachment":[{"href":"https:\/\/isfelevator.com\/de\/wp-json\/wp\/v2\/media?parent=996842"}],"wp:term":[{"taxonomy":"product_brand","embeddable":true,"href":"https:\/\/isfelevator.com\/de\/wp-json\/wp\/v2\/product_brand?post=996842"},{"taxonomy":"product_cat","embeddable":true,"href":"https:\/\/isfelevator.com\/de\/wp-json\/wp\/v2\/product_cat?post=996842"},{"taxonomy":"product_tag","embeddable":true,"href":"https:\/\/isfelevator.com\/de\/wp-json\/wp\/v2\/product_tag?post=996842"}],"curies":[{"name":"wp","href":"https:\/\/api.w.org\/{rel}","templated":true}]}}