{"id":996834,"date":"2023-02-24T13:04:19","date_gmt":"2023-02-24T13:04:19","guid":{"rendered":"https:\/\/isfelevator.com\/product\/adrive-speed-control-units\/"},"modified":"2023-02-28T06:50:20","modified_gmt":"2023-02-28T06:50:20","slug":"adrive-geschwindigkeitssteuereinheiten","status":"publish","type":"product","link":"https:\/\/isfelevator.com\/de\/product\/adrive-geschwindigkeitssteuereinheiten\/","title":{"rendered":"ADrive-Geschwindigkeitssteuereinheiten"},"content":{"rendered":"<p><strong><span style=\"vertical-align: inherit;\">ADrive-Geschwindigkeitssteuereinheiten<\/span><\/strong><\/p>\n<p><span style=\"vertical-align: inherit;\">ALLGEMEINE MERKMALE ADrive Kann mit asynchronen (Getriebe) und synchronen (getriebelosen) Aufzugsantrieben verwendet werden. Bietet gro\u00dfen Reisekomfort. Einsetzbar mit asynchronen (Getriebe) und synchronen (getriebelosen) Aufzugsantrieben. Bietet gro\u00dfen Reisekomfort. Lastunabh\u00e4ngiges und feinf\u00fchliges Stoppen auf den B\u00f6den. Motorantrieb mit hohem Drehmoment bei allen Geschwindigkeiten \u00fcber Raumvektormodulation. Bis zu 40 % Einsparung beim Stromverbrauch.<\/span><\/p>\n<p><span style=\"vertical-align: inherit;\">ADrive Beseitigung von Startproblemen bei Generatoren mit Hilfe von geregeltem Motorstrom. Speziell f\u00fcr Aufz\u00fcge entwickelt. Spezielle Parameter f\u00fcr den Fahrkomfort. 10 kHz IPM Schaltfrequenz f\u00fcr ger\u00e4uscharmen Motorantrieb. Energieverbrauch durch eine interne DC-Drossel. 4 ger\u00e4uscharme L\u00fcfter f\u00fcr effiziente K\u00fchlung. Alle isolierten Steuereing\u00e4nge und -ausg\u00e4nge. \u00dcberlast, Hochspannung, Niederspannung, Ausgangskurzschluss, Leistungsverlust, Netzphasensteuerung, \u00dcberhitzung, Erdschluss, \u00dcberdrehmoment und andere notwendige Schutzfunktionen. EMV-gepr\u00fcft und verifiziert. Modelle mit 5,5 kW, 7,5 kW, 11 kW, 15 kW und 22 kW Nennleistung.<\/span><\/p>\n","protected":false},"excerpt":{"rendered":"<p><strong><span style=\"vertical-align: inherit;\">ADrive<\/span><\/strong><span style=\"vertical-align: inherit;\"> ADrive VVVF Wechselrichter f\u00fcr Aufz\u00fcge Anti-Rollback-Funktion, um das Zur\u00fcckrollen ohne W\u00e4gezelleneinheit zu verhindern. Automatische Fahrkurvenkorrekturfunktion f\u00fcr kurze Stockwerke. \u00dcberverst\u00e4rkungserkennungsfunktion zur Verhinderung von Motoroszillationen<\/span><\/p>\n","protected":false},"featured_media":992422,"comment_status":"open","ping_status":"closed","template":"","meta":[],"product_brand":[],"product_cat":[683,761],"product_tag":[],"class_list":{"0":"post-996834","1":"product","2":"type-product","3":"status-publish","4":"has-post-thumbnail","6":"product_cat-aufzugsteuerungen","7":"product_cat-geschwindigkeitsregelungseinheiten","9":"first","10":"instock","11":"shipping-taxable","12":"product-type-simple","13":"prodpage-style2"},"_links":{"self":[{"href":"https:\/\/isfelevator.com\/de\/wp-json\/wp\/v2\/product\/996834","targetHints":{"allow":["GET"]}}],"collection":[{"href":"https:\/\/isfelevator.com\/de\/wp-json\/wp\/v2\/product"}],"about":[{"href":"https:\/\/isfelevator.com\/de\/wp-json\/wp\/v2\/types\/product"}],"replies":[{"embeddable":true,"href":"https:\/\/isfelevator.com\/de\/wp-json\/wp\/v2\/comments?post=996834"}],"wp:featuredmedia":[{"embeddable":true,"href":"https:\/\/isfelevator.com\/de\/wp-json\/wp\/v2\/media\/992422"}],"wp:attachment":[{"href":"https:\/\/isfelevator.com\/de\/wp-json\/wp\/v2\/media?parent=996834"}],"wp:term":[{"taxonomy":"product_brand","embeddable":true,"href":"https:\/\/isfelevator.com\/de\/wp-json\/wp\/v2\/product_brand?post=996834"},{"taxonomy":"product_cat","embeddable":true,"href":"https:\/\/isfelevator.com\/de\/wp-json\/wp\/v2\/product_cat?post=996834"},{"taxonomy":"product_tag","embeddable":true,"href":"https:\/\/isfelevator.com\/de\/wp-json\/wp\/v2\/product_tag?post=996834"}],"curies":[{"name":"wp","href":"https:\/\/api.w.org\/{rel}","templated":true}]}}