{"id":996826,"date":"2023-02-24T13:04:19","date_gmt":"2023-02-24T13:04:19","guid":{"rendered":"https:\/\/isfelevator.com\/product\/arl-100-elevator-controller-units\/"},"modified":"2023-02-28T06:44:11","modified_gmt":"2023-02-28T06:44:11","slug":"arl-100-aufzugssteuerungseinheiten","status":"publish","type":"product","link":"https:\/\/isfelevator.com\/de\/product\/arl-100-aufzugssteuerungseinheiten\/","title":{"rendered":"ARL 100 Aufzugssteuerungseinheiten"},"content":{"rendered":"<p><strong><span style=\"vertical-align: inherit;\">ARL 100 Aufzugssteuerungseinheiten<\/span><\/strong><\/p>\n<p><span style=\"vertical-align: inherit;\">Eigenschaften: Eine \u00f6konomische und praktische Karte f\u00fcr Aufz\u00fcge mit einer Geschwindigkeit oder zwei Geschwindigkeiten mit einfachen Druckkn\u00f6pfen bis zu 8 Stockwerken. Das System besteht aus nur einer Einheit (22x11cm). Die Etagenerkennung erfolgt \u00fcber ein Z\u00e4hlersystem. Es werden nur 3 Magnetschalter f\u00fcr eine Geschwindigkeit und 4 f\u00fcr zwei Geschwindigkeitssysteme einschlie\u00dflich Endschalter f\u00fcr beliebig viele Stockwerke verwendet. Alle Systemparameter (Anzahl der Stockwerke, Besetztverz\u00f6gerung, T\u00fcrschloss-Wartezeit, automatische T\u00fcr ja-nein, max. Fahrzeit von Stockwerk zu Stockwerk, Feuerpark-Etage, max. Wartezeit f\u00fcr das Schlie\u00dfen der T\u00fcr, Stopp auf Stockwerksebene bei Inspektion) vom Benutzer einstellbar \u00fcber 3 Tasten und 7-Segment-Anzeige auf der Karte.<\/span><\/p>\n<p><span style=\"vertical-align: inherit;\">ARL 100, eine 7-Segment-Anzeige, zeigt die Fahrzeugposition unter normalen Bedingungen an und zeigt einen Fehlercode unter anormalen Bedingungen an. Feueralarmeingang, Erdbebensensoreingang, \u00dcberlasteingang, Kabinenpriorit\u00e4tsschaltereingang, Richtungspfeil, Kabinenlampe, besetzt, au\u00dfer Betrieb und automatische T\u00fcrausg\u00e4nge sind verf\u00fcgbar. 7-Segment- und Signalisierungsausg\u00e4nge sind kurzschlussfest Konstruiert nach europ\u00e4ischer Aufzugsnorm EN-81.<\/span><\/p>\n","protected":false},"excerpt":{"rendered":"<p><strong><span style=\"vertical-align: inherit;\">ARL 100<\/span><\/strong><span style=\"vertical-align: inherit;\"> Aufzugssteuerung f\u00fcr nicht kollektive Systeme Eine wirtschaftliche und praktische Karte f\u00fcr Aufz\u00fcge mit einer Geschwindigkeit oder zwei Geschwindigkeiten mit einfachen Drucktasten bis zu 8 Stockwerken.<\/span><\/p>\n","protected":false},"featured_media":992416,"comment_status":"open","ping_status":"closed","template":"","meta":[],"product_brand":[],"product_cat":[683,743],"product_tag":[],"class_list":{"0":"post-996826","1":"product","2":"type-product","3":"status-publish","4":"has-post-thumbnail","6":"product_cat-aufzugsteuerungen","7":"product_cat-aufzugsteuerungseinheiten","9":"first","10":"instock","11":"shipping-taxable","12":"product-type-simple","13":"prodpage-style2"},"_links":{"self":[{"href":"https:\/\/isfelevator.com\/de\/wp-json\/wp\/v2\/product\/996826","targetHints":{"allow":["GET"]}}],"collection":[{"href":"https:\/\/isfelevator.com\/de\/wp-json\/wp\/v2\/product"}],"about":[{"href":"https:\/\/isfelevator.com\/de\/wp-json\/wp\/v2\/types\/product"}],"replies":[{"embeddable":true,"href":"https:\/\/isfelevator.com\/de\/wp-json\/wp\/v2\/comments?post=996826"}],"wp:featuredmedia":[{"embeddable":true,"href":"https:\/\/isfelevator.com\/de\/wp-json\/wp\/v2\/media\/992416"}],"wp:attachment":[{"href":"https:\/\/isfelevator.com\/de\/wp-json\/wp\/v2\/media?parent=996826"}],"wp:term":[{"taxonomy":"product_brand","embeddable":true,"href":"https:\/\/isfelevator.com\/de\/wp-json\/wp\/v2\/product_brand?post=996826"},{"taxonomy":"product_cat","embeddable":true,"href":"https:\/\/isfelevator.com\/de\/wp-json\/wp\/v2\/product_cat?post=996826"},{"taxonomy":"product_tag","embeddable":true,"href":"https:\/\/isfelevator.com\/de\/wp-json\/wp\/v2\/product_tag?post=996826"}],"curies":[{"name":"wp","href":"https:\/\/api.w.org\/{rel}","templated":true}]}}