{"id":996794,"date":"2023-02-24T13:04:20","date_gmt":"2023-02-24T13:04:20","guid":{"rendered":"https:\/\/isfelevator.com\/product\/bc-lcd10555-display\/"},"modified":"2023-02-28T06:19:30","modified_gmt":"2023-02-28T06:19:30","slug":"bc-lcd10555-anzeige","status":"publish","type":"product","link":"https:\/\/isfelevator.com\/de\/product\/bc-lcd10555-anzeige\/","title":{"rendered":"BC-LCD10555 Anzeige"},"content":{"rendered":"<p><strong><span style=\"vertical-align: inherit;\">BC-LCD10555 Anzeige<\/span><\/strong><\/p>\n<p><strong><span style=\"vertical-align: inherit;\">EIGENSCHAFTEN<\/span><\/strong><span style=\"vertical-align: inherit;\"> Up &amp; Down-Ruftasteneing\u00e4nge und LED-Ausg\u00e4nge Zwei programmierbare Eing\u00e4nge Lautsprecherausgang (Gong- und Tastenstimme) Einstellen der Sprachlautst\u00e4rke durch einen Trimmpotentiometer<\/span><\/p>\n<p><img loading=\"lazy\" decoding=\"async\" class=\"alignleft wp-image-2908 size-large\" src=\"https:\/\/isfelevator.com\/wp-content\/uploads\/2017\/10\/BC-LCD10555-Assambly-Details-1-1024x1017.jpg\" alt=\"BC-LCD10555\" width=\"1024\" height=\"1017\" \/><\/p>\n","protected":false},"excerpt":{"rendered":"<p><strong><span style=\"vertical-align: inherit;\">VA-Negativ-LCD-Display f\u00fcr Aufzugstafel<\/span><\/strong><span style=\"vertical-align: inherit;\"> Abmessungen: 135 mm x 77 mm x 15 mm sichtbarer Bereich: 105 x 55 mm Aufl\u00f6sung: 240 x 128 Pixel<\/span><\/p>\n","protected":false},"featured_media":992626,"comment_status":"open","ping_status":"closed","template":"","meta":[],"product_brand":[],"product_cat":[701,683,689],"product_tag":[],"class_list":{"0":"post-996794","1":"product","2":"type-product","3":"status-publish","4":"has-post-thumbnail","6":"product_cat-anzeigen","7":"product_cat-aufzugsteuerungen","8":"product_cat-hilfseinheiten-aufzugsteuerungen","10":"first","11":"instock","12":"shipping-taxable","13":"product-type-simple","14":"prodpage-style2"},"_links":{"self":[{"href":"https:\/\/isfelevator.com\/de\/wp-json\/wp\/v2\/product\/996794","targetHints":{"allow":["GET"]}}],"collection":[{"href":"https:\/\/isfelevator.com\/de\/wp-json\/wp\/v2\/product"}],"about":[{"href":"https:\/\/isfelevator.com\/de\/wp-json\/wp\/v2\/types\/product"}],"replies":[{"embeddable":true,"href":"https:\/\/isfelevator.com\/de\/wp-json\/wp\/v2\/comments?post=996794"}],"wp:featuredmedia":[{"embeddable":true,"href":"https:\/\/isfelevator.com\/de\/wp-json\/wp\/v2\/media\/992626"}],"wp:attachment":[{"href":"https:\/\/isfelevator.com\/de\/wp-json\/wp\/v2\/media?parent=996794"}],"wp:term":[{"taxonomy":"product_brand","embeddable":true,"href":"https:\/\/isfelevator.com\/de\/wp-json\/wp\/v2\/product_brand?post=996794"},{"taxonomy":"product_cat","embeddable":true,"href":"https:\/\/isfelevator.com\/de\/wp-json\/wp\/v2\/product_cat?post=996794"},{"taxonomy":"product_tag","embeddable":true,"href":"https:\/\/isfelevator.com\/de\/wp-json\/wp\/v2\/product_tag?post=996794"}],"curies":[{"name":"wp","href":"https:\/\/api.w.org\/{rel}","templated":true}]}}