{"id":996787,"date":"2023-02-24T13:04:20","date_gmt":"2023-02-24T13:04:20","guid":{"rendered":"https:\/\/isfelevator.com\/product\/lcd-240x128a-display\/"},"modified":"2023-02-28T06:12:13","modified_gmt":"2023-02-28T06:12:13","slug":"lcd-display-240-x-128-a","status":"publish","type":"product","link":"https:\/\/isfelevator.com\/de\/product\/lcd-display-240-x-128-a\/","title":{"rendered":"LCD-Display 240 x 128 A"},"content":{"rendered":"<p><strong><span style=\"vertical-align: inherit;\">LCD-Display 240 x 128 A<\/span><\/strong><\/p>\n<p><strong><span style=\"vertical-align: inherit;\">MERKMALE<\/span><\/strong><\/p>\n<p><span style=\"vertical-align: inherit;\">Unterst\u00fctzt bis zu 32 Stockwerke (48 Stockwerke mit CANbus-Modus f\u00fcr ARL-500-Steuerungssystem) 240 x 128 Pixel Aufl\u00f6sung (114 mm x 64 mm aktive Fl\u00e4che) Allzweck-Anzeigetafel f\u00fcr Kabinen und Stockwerke Unterst\u00fctzung f\u00fcr CANbus, Gray-Code, Bin\u00e4r-Code, Arkel Z\u00e4hlermodus und 7-Segment-Anzeigemodus Ger\u00e4teprogrammierung mit einem Men\u00fc und Tasten auf LCD240128A oder mit einem PC unter Verwendung der LCD240128A Uploader-Software Bildprogrammierung individuell f\u00fcr jede Etage Programmierbarer statischer\/animierter Pfeil<\/span><\/p>\n<p><span style=\"vertical-align: inherit;\">LCD 240X128A Programmierbare statische\/animierte Untertitel Programmierbares Au\u00dferbetrieb- und \u00dcberlastungsbild Programmierbares Logo W\u00e4hlbare Buchstaben oder Zahlen (-, 0&#8230;9, A&#8230;Z) f\u00fcr Etagentext Speichern oder Laden Ihrer pers\u00f6nlichen Einstellungen mit LCD240128A Uploader Benutzerbilder u Logos k\u00f6nnen einfach per PC-Software zum System hinzugef\u00fcgt werden Positive oder negative gemeinsame w\u00e4hlbare Eingangssignale Darstellung von Uhrzeit und Datum (nur im CANbus-Modus verf\u00fcgbar) Energiesparfunktion (nur im CANbus-Modus verf\u00fcgbar)<\/span><\/p>\n<p><img loading=\"lazy\" decoding=\"async\" class=\"alignleft wp-image-2910 size-large\" src=\"https:\/\/isfelevator.com\/wp-content\/uploads\/2017\/10\/LCD240X128A-Assanbly-Details-1-1024x1020.jpg\" alt=\"LCD240X128A\" width=\"1024\" height=\"1020\" \/><\/p>\n","protected":false},"excerpt":{"rendered":"<p><strong><span style=\"vertical-align: inherit;\">240 x 128 Pixel Aufl\u00f6sung Grafisches LCD-Display f\u00fcr Aufz\u00fcge<\/span><\/strong><span style=\"vertical-align: inherit;\"> LCD-Typ: Monochrome Grafik Sichtbarer Bereich: 114 mm x 64 mm Aufl\u00f6sung: 240 x 128 Pixel<\/span><\/p>\n","protected":false},"featured_media":992614,"comment_status":"open","ping_status":"closed","template":"","meta":[],"product_brand":[],"product_cat":[701,683,689],"product_tag":[],"class_list":{"0":"post-996787","1":"product","2":"type-product","3":"status-publish","4":"has-post-thumbnail","6":"product_cat-anzeigen","7":"product_cat-aufzugsteuerungen","8":"product_cat-hilfseinheiten-aufzugsteuerungen","10":"first","11":"instock","12":"shipping-taxable","13":"product-type-simple","14":"prodpage-style2"},"_links":{"self":[{"href":"https:\/\/isfelevator.com\/de\/wp-json\/wp\/v2\/product\/996787","targetHints":{"allow":["GET"]}}],"collection":[{"href":"https:\/\/isfelevator.com\/de\/wp-json\/wp\/v2\/product"}],"about":[{"href":"https:\/\/isfelevator.com\/de\/wp-json\/wp\/v2\/types\/product"}],"replies":[{"embeddable":true,"href":"https:\/\/isfelevator.com\/de\/wp-json\/wp\/v2\/comments?post=996787"}],"wp:featuredmedia":[{"embeddable":true,"href":"https:\/\/isfelevator.com\/de\/wp-json\/wp\/v2\/media\/992614"}],"wp:attachment":[{"href":"https:\/\/isfelevator.com\/de\/wp-json\/wp\/v2\/media?parent=996787"}],"wp:term":[{"taxonomy":"product_brand","embeddable":true,"href":"https:\/\/isfelevator.com\/de\/wp-json\/wp\/v2\/product_brand?post=996787"},{"taxonomy":"product_cat","embeddable":true,"href":"https:\/\/isfelevator.com\/de\/wp-json\/wp\/v2\/product_cat?post=996787"},{"taxonomy":"product_tag","embeddable":true,"href":"https:\/\/isfelevator.com\/de\/wp-json\/wp\/v2\/product_tag?post=996787"}],"curies":[{"name":"wp","href":"https:\/\/api.w.org\/{rel}","templated":true}]}}