{"id":996779,"date":"2023-02-24T13:04:20","date_gmt":"2023-02-24T13:04:20","guid":{"rendered":"https:\/\/isfelevator.com\/product\/liftmedia-display\/"},"modified":"2023-02-28T06:06:06","modified_gmt":"2023-02-28T06:06:06","slug":"liftmedia-display","status":"publish","type":"product","link":"https:\/\/isfelevator.com\/de\/product\/liftmedia-display\/","title":{"rendered":"LiftMedia-Display"},"content":{"rendered":"<p><strong><span style=\"vertical-align: inherit;\">LiftMedia-Display<\/span><\/strong><\/p>\n<p><strong><span style=\"vertical-align: inherit;\">EIGENSCHAFTEN<\/span><\/strong><span style=\"vertical-align: inherit;\"> 5,7&#8243;, 320 x 240 Pixel, Farb-TFT-LCD-Display. Video-Wiedergabefunktion auf einem Abschnitt (etwa 1\/4) des Bildschirms. Musikwiedergabe in hoher Qualit\u00e4t. Sprachansage von Etagenmeldungen und Aufzugsereignissen (\u00fcberlastet, au\u00dfer Betrieb, Feuer LiftMedia zeigt Aufzugsetagennamen, Stockwerksbilder, Richtungspfeile, Logos, Hintergrundbilder und andere Signale der Aufzugssteuerung (\u00fcberlastet, au\u00dfer Betrieb, Feueralarm usw.) an. Schlagschatten und 3D-Effekt k\u00f6nnen hinzugef\u00fcgt werden auf alle Elemente des Displays Hintergrundbilder k\u00f6nnen mit einem benutzerdefinierten Zeitraum ge\u00e4ndert werden Datums-, Uhrzeit- und Temperaturanzeigen Benutzerfreundliche visuelle Designsoftware ist frei verf\u00fcgbar<\/span><\/p>\n<p><span style=\"vertical-align: inherit;\">LiftMedia unterst\u00fctzt g\u00e4ngige Mediendateitypen: mp3, MPEG, Avi, WMV, FLV, mp4, m4u und wav. Unterst\u00fctzt g\u00e4ngige Bilddateitypen: BMP, JPEG, GIF und PNG. Alle Bildschirm-, Ton-, Musik- und Videoelemente sind vom Benutzer anpassbar. Kann entweder am Auto oder an einem Treppenabsatz montiert werden. Serielle CANBUS-Schnittstelle mit ARL-500. F\u00fcr LiftMedia ist eine horizontale oder vertikale Ausrichtung m\u00f6glich. Die Lautst\u00e4rke von Musik und Ansagen kann separat eingestellt werden. Die Hintergrundbeleuchtung kann nach dem Autolicht mit einer einstellbaren Verz\u00f6gerung ausgeschaltet werden (Sleep-Modus-Funktion). Der Ton kann innerhalb benutzerdefinierter Stunden stummgeschaltet werden. F\u00fcr die Programmierung werden keine Verbindungskabel ben\u00f6tigt. Kopieren Sie einfach das Design von Ihrem PC auf die SD-Karte und legen Sie die Karte in LiftMedia ein.<\/span><\/p>\n<p><span style=\"vertical-align: inherit;\">Verwendet Schriftarten, die auf dem Betriebssystem installiert sind, sodass jedes Alphabet verf\u00fcgbar ist (kyrillisch, griechisch, arabisch usw.). Stundenlange Video- und Musikwiedergabe mit der mitgelieferten SD-Karte. Eine Kapazit\u00e4tserweiterung ist mit SDHC-Kartenunterst\u00fctzung m\u00f6glich. Die Firmware kann einfach per SD-Karte aktualisiert werden, wenn neue Versionen und neue Funktionen verf\u00fcgbar sind.<\/span><\/p>\n","protected":false},"excerpt":{"rendered":"<p><strong><span style=\"vertical-align: inherit;\">TFT-LCD-Display, Musik- und Ansagesystem f\u00fcr Aufz\u00fcge<\/span><\/strong><span style=\"vertical-align: inherit;\"> LCD-Typ : 5,7-Zoll-Farb-TFT-Bildschirm Sichtbarer Bereich: : 115,2 x 86,4 mm Aufl\u00f6sung: : 320 x 240 Pixel<\/span><\/p>\n","protected":false},"featured_media":992602,"comment_status":"open","ping_status":"closed","template":"","meta":[],"product_brand":[],"product_cat":[701,683,689],"product_tag":[],"class_list":{"0":"post-996779","1":"product","2":"type-product","3":"status-publish","4":"has-post-thumbnail","6":"product_cat-anzeigen","7":"product_cat-aufzugsteuerungen","8":"product_cat-hilfseinheiten-aufzugsteuerungen","10":"first","11":"instock","12":"shipping-taxable","13":"product-type-simple","14":"prodpage-style2"},"_links":{"self":[{"href":"https:\/\/isfelevator.com\/de\/wp-json\/wp\/v2\/product\/996779","targetHints":{"allow":["GET"]}}],"collection":[{"href":"https:\/\/isfelevator.com\/de\/wp-json\/wp\/v2\/product"}],"about":[{"href":"https:\/\/isfelevator.com\/de\/wp-json\/wp\/v2\/types\/product"}],"replies":[{"embeddable":true,"href":"https:\/\/isfelevator.com\/de\/wp-json\/wp\/v2\/comments?post=996779"}],"wp:featuredmedia":[{"embeddable":true,"href":"https:\/\/isfelevator.com\/de\/wp-json\/wp\/v2\/media\/992602"}],"wp:attachment":[{"href":"https:\/\/isfelevator.com\/de\/wp-json\/wp\/v2\/media?parent=996779"}],"wp:term":[{"taxonomy":"product_brand","embeddable":true,"href":"https:\/\/isfelevator.com\/de\/wp-json\/wp\/v2\/product_brand?post=996779"},{"taxonomy":"product_cat","embeddable":true,"href":"https:\/\/isfelevator.com\/de\/wp-json\/wp\/v2\/product_cat?post=996779"},{"taxonomy":"product_tag","embeddable":true,"href":"https:\/\/isfelevator.com\/de\/wp-json\/wp\/v2\/product_tag?post=996779"}],"curies":[{"name":"wp","href":"https:\/\/api.w.org\/{rel}","templated":true}]}}