{"id":996748,"date":"2023-02-24T13:04:20","date_gmt":"2023-02-24T13:04:20","guid":{"rendered":"https:\/\/isfelevator.com\/product\/rk-12-revision-box\/"},"modified":"2023-02-27T20:02:31","modified_gmt":"2023-02-27T20:02:31","slug":"rk-12-revisionsbox","status":"publish","type":"product","link":"https:\/\/isfelevator.com\/de\/product\/rk-12-revisionsbox\/","title":{"rendered":"RK-12 Revisionsbox"},"content":{"rendered":"<p><strong><span style=\"vertical-align: inherit;\">RK-12 Revisionsbox<\/span><\/strong><\/p>\n<p><strong><span style=\"vertical-align: inherit;\">MERKMALE<\/span><\/strong><\/p>\n<p><span style=\"vertical-align: inherit;\">Kompatibel mit Systemen mit paralleler Kabineninstallation bis zu 16 Haltestellen Notbeleuchtungslampenausgang bei Netzausfall Alarmgong 12-V-Batterie und Batterieladung 2 St\u00fcck Stecker Beleuchtung Spezialanschluss f\u00fcr Sicherheitsschaltung Komfortable Steuerung von jedem Punkt der Kabine durch EK-1-Hand Terminal Viel Platz f\u00fcr komfortables Arbeiten.<\/span><\/p>\n","protected":false},"excerpt":{"rendered":"<p><strong><span style=\"vertical-align: inherit;\">RK-12 <\/span><\/strong> <strong><span style=\"vertical-align: inherit;\">Standart Inspektionsbox<\/span><\/strong><span style=\"vertical-align: inherit;\"> (Batterieladung + Alarm + Gong)<\/span><\/p>\n","protected":false},"featured_media":992572,"comment_status":"open","ping_status":"closed","template":"","meta":[],"product_brand":[],"product_cat":[683,689,713],"product_tag":[],"class_list":{"0":"post-996748","1":"product","2":"type-product","3":"status-publish","4":"has-post-thumbnail","6":"product_cat-aufzugsteuerungen","7":"product_cat-hilfseinheiten-aufzugsteuerungen","8":"product_cat-inspektions-und-alarmsatze","10":"first","11":"instock","12":"shipping-taxable","13":"product-type-simple","14":"prodpage-style2"},"_links":{"self":[{"href":"https:\/\/isfelevator.com\/de\/wp-json\/wp\/v2\/product\/996748","targetHints":{"allow":["GET"]}}],"collection":[{"href":"https:\/\/isfelevator.com\/de\/wp-json\/wp\/v2\/product"}],"about":[{"href":"https:\/\/isfelevator.com\/de\/wp-json\/wp\/v2\/types\/product"}],"replies":[{"embeddable":true,"href":"https:\/\/isfelevator.com\/de\/wp-json\/wp\/v2\/comments?post=996748"}],"wp:featuredmedia":[{"embeddable":true,"href":"https:\/\/isfelevator.com\/de\/wp-json\/wp\/v2\/media\/992572"}],"wp:attachment":[{"href":"https:\/\/isfelevator.com\/de\/wp-json\/wp\/v2\/media?parent=996748"}],"wp:term":[{"taxonomy":"product_brand","embeddable":true,"href":"https:\/\/isfelevator.com\/de\/wp-json\/wp\/v2\/product_brand?post=996748"},{"taxonomy":"product_cat","embeddable":true,"href":"https:\/\/isfelevator.com\/de\/wp-json\/wp\/v2\/product_cat?post=996748"},{"taxonomy":"product_tag","embeddable":true,"href":"https:\/\/isfelevator.com\/de\/wp-json\/wp\/v2\/product_tag?post=996748"}],"curies":[{"name":"wp","href":"https:\/\/api.w.org\/{rel}","templated":true}]}}