{"id":996738,"date":"2023-02-24T13:04:20","date_gmt":"2023-02-24T13:04:20","guid":{"rendered":"https:\/\/isfelevator.com\/product\/rk-22-revision-box\/"},"modified":"2023-02-27T19:55:48","modified_gmt":"2023-02-27T19:55:48","slug":"rk-22-revisionsbox","status":"publish","type":"product","link":"https:\/\/isfelevator.com\/de\/product\/rk-22-revisionsbox\/","title":{"rendered":"RK-22 Revisionsbox"},"content":{"rendered":"<p><strong><span style=\"vertical-align: inherit;\">RK-22 Revisionsbox<\/span><\/strong><\/p>\n<p><strong><span style=\"vertical-align: inherit;\">MERKMALE<\/span><\/strong><\/p>\n<p><span style=\"vertical-align: inherit;\">Unterst\u00fctzung f\u00fcr serielle Autoinstallation bis zu 16 Haltestellen Beinhaltet alle Funktionen der RK12 Standard-Inspektionsbox Beinhaltet FX_SERI Serial Car Connection Board Erm\u00f6glicht Kosteneinsparungen durch weniger Materialbedarf f\u00fcr Autotasten, Digital, \u00dcberlast, Volllast, Gong, Richtungspfeile, Autolampe , automatische T\u00fcr\u00f6ffnungs- und -schlie\u00dftasten und Inspektionsbewegungstasten Spezieller Anschluss f\u00fcr Sicherheitsschaltkreise Bequeme Steuerung von jedem Punkt der Kabine \u00fcber das EK-1-Handterminal Gro\u00dfer Platz f\u00fcr bequemes Arbeiten<\/span><\/p>\n","protected":false},"excerpt":{"rendered":"<p><strong><span style=\"vertical-align: inherit;\">RK-22 <\/span><\/strong> <strong><span style=\"vertical-align: inherit;\">RK-22 Serienpr\u00fcfbox<\/span><\/strong><span style=\"vertical-align: inherit;\"> (FX_SERI + Batterieladung + Alarm + Gong)<\/span><\/p>\n","protected":false},"featured_media":992566,"comment_status":"open","ping_status":"closed","template":"","meta":[],"product_brand":[],"product_cat":[683,689,713],"product_tag":[],"class_list":{"0":"post-996738","1":"product","2":"type-product","3":"status-publish","4":"has-post-thumbnail","6":"product_cat-aufzugsteuerungen","7":"product_cat-hilfseinheiten-aufzugsteuerungen","8":"product_cat-inspektions-und-alarmsatze","10":"first","11":"instock","12":"shipping-taxable","13":"product-type-simple","14":"prodpage-style2"},"_links":{"self":[{"href":"https:\/\/isfelevator.com\/de\/wp-json\/wp\/v2\/product\/996738","targetHints":{"allow":["GET"]}}],"collection":[{"href":"https:\/\/isfelevator.com\/de\/wp-json\/wp\/v2\/product"}],"about":[{"href":"https:\/\/isfelevator.com\/de\/wp-json\/wp\/v2\/types\/product"}],"replies":[{"embeddable":true,"href":"https:\/\/isfelevator.com\/de\/wp-json\/wp\/v2\/comments?post=996738"}],"wp:featuredmedia":[{"embeddable":true,"href":"https:\/\/isfelevator.com\/de\/wp-json\/wp\/v2\/media\/992566"}],"wp:attachment":[{"href":"https:\/\/isfelevator.com\/de\/wp-json\/wp\/v2\/media?parent=996738"}],"wp:term":[{"taxonomy":"product_brand","embeddable":true,"href":"https:\/\/isfelevator.com\/de\/wp-json\/wp\/v2\/product_brand?post=996738"},{"taxonomy":"product_cat","embeddable":true,"href":"https:\/\/isfelevator.com\/de\/wp-json\/wp\/v2\/product_cat?post=996738"},{"taxonomy":"product_tag","embeddable":true,"href":"https:\/\/isfelevator.com\/de\/wp-json\/wp\/v2\/product_tag?post=996738"}],"curies":[{"name":"wp","href":"https:\/\/api.w.org\/{rel}","templated":true}]}}