{"id":996732,"date":"2023-02-24T13:04:20","date_gmt":"2023-02-24T13:04:20","guid":{"rendered":"https:\/\/isfelevator.com\/product\/rk-32-revision-box\/"},"modified":"2023-02-27T19:51:01","modified_gmt":"2023-02-27T19:51:01","slug":"rk-32-revisionsbox","status":"publish","type":"product","link":"https:\/\/isfelevator.com\/de\/product\/rk-32-revisionsbox\/","title":{"rendered":"RK-32 Revisionsbox"},"content":{"rendered":"<p><strong><span style=\"vertical-align: inherit;\">RK-32 Revisionsbox<\/span><\/strong><\/p>\n<p><strong><span style=\"vertical-align: inherit;\">MERKMALE<\/span><\/strong><\/p>\n<p><span style=\"vertical-align: inherit;\">Kabineninstallationsunterst\u00fctzung f\u00fcr ARL-300-Bedienfelder mit mehr als 16 Haltestellen Beinhaltet alle Funktionen der RK12-Standardinspektionsbox Beinhaltet die serielle FX_SERI-32-Kabine-Verbindungskarte Erm\u00f6glicht Kosteneinsparungen durch weniger Materialbedarf f\u00fcr Kabinentasten, digital, \u00dcberlast, Volllast, Gong, Richtungspfeile, Autolampe, Tasten zum automatischen \u00d6ffnen und Schlie\u00dfen von T\u00fcren und Inspektionsbewegungstasten. Spezieller Anschluss f\u00fcr Sicherheitskreis<\/span><\/p>\n","protected":false},"excerpt":{"rendered":"<p><strong><span style=\"vertical-align: inherit;\">RK-32 <\/span><\/strong> <strong><span style=\"vertical-align: inherit;\">RK-32 Serienpr\u00fcfbox<\/span><\/strong><span style=\"vertical-align: inherit;\"> (FX_SERI_32 + Batterieladung + Alarm + Gong)<\/span><\/p>\n","protected":false},"featured_media":992560,"comment_status":"open","ping_status":"closed","template":"","meta":[],"product_brand":[],"product_cat":[683,689,713],"product_tag":[],"class_list":{"0":"post-996732","1":"product","2":"type-product","3":"status-publish","4":"has-post-thumbnail","6":"product_cat-aufzugsteuerungen","7":"product_cat-hilfseinheiten-aufzugsteuerungen","8":"product_cat-inspektions-und-alarmsatze","10":"first","11":"instock","12":"shipping-taxable","13":"product-type-simple","14":"prodpage-style2"},"_links":{"self":[{"href":"https:\/\/isfelevator.com\/de\/wp-json\/wp\/v2\/product\/996732","targetHints":{"allow":["GET"]}}],"collection":[{"href":"https:\/\/isfelevator.com\/de\/wp-json\/wp\/v2\/product"}],"about":[{"href":"https:\/\/isfelevator.com\/de\/wp-json\/wp\/v2\/types\/product"}],"replies":[{"embeddable":true,"href":"https:\/\/isfelevator.com\/de\/wp-json\/wp\/v2\/comments?post=996732"}],"wp:featuredmedia":[{"embeddable":true,"href":"https:\/\/isfelevator.com\/de\/wp-json\/wp\/v2\/media\/992560"}],"wp:attachment":[{"href":"https:\/\/isfelevator.com\/de\/wp-json\/wp\/v2\/media?parent=996732"}],"wp:term":[{"taxonomy":"product_brand","embeddable":true,"href":"https:\/\/isfelevator.com\/de\/wp-json\/wp\/v2\/product_brand?post=996732"},{"taxonomy":"product_cat","embeddable":true,"href":"https:\/\/isfelevator.com\/de\/wp-json\/wp\/v2\/product_cat?post=996732"},{"taxonomy":"product_tag","embeddable":true,"href":"https:\/\/isfelevator.com\/de\/wp-json\/wp\/v2\/product_tag?post=996732"}],"curies":[{"name":"wp","href":"https:\/\/api.w.org\/{rel}","templated":true}]}}