{"id":996722,"date":"2023-02-24T13:04:42","date_gmt":"2023-02-24T13:04:42","guid":{"rendered":"https:\/\/isfelevator.com\/product\/sp-16\/"},"modified":"2023-02-27T19:42:30","modified_gmt":"2023-02-27T19:42:30","slug":"sp-16","status":"publish","type":"product","link":"https:\/\/isfelevator.com\/de\/product\/sp-16\/","title":{"rendered":"SP-16"},"content":{"rendered":"<p><strong>SP-16<\/strong><\/p>\n<p><strong><span style=\"vertical-align: inherit;\">Merkmale<\/span><\/strong><span style=\"vertical-align: inherit;\"> Kann in Up\/Down-Kollektiv- (16 Stockwerke) und Vollkollektiv- (9 Stockwerke) Systemen arbeiten. 7-Segment-Ausg\u00e4nge (9 Ausg\u00e4nge) und 2&#215;7-Segment-Anzeige Gray-Code-Ausg\u00e4nge (5 Ausg\u00e4nge) Vordefinierte Relaisausg\u00e4nge (au\u00dfer Betrieb, besetzt, Abw\u00e4rts- und Aufw\u00e4rtsrichtung) (4 Ausg\u00e4nge) F\u00fcr den Betrieb mit ARL500 und ARCODE . ARL500 ve ARCODE sistemleriyle birlikte \u00e7al\u0131\u015fabilme. Einfache Programmierung mit Dipschaltern.<\/span><\/p>\n","protected":false},"excerpt":{"rendered":"<p><strong><span style=\"vertical-align: inherit;\">SP-16 ist ein Parallel\/Seriell-Wandlermodul, das in ARL500 und ARCODE verwendet werden kann. <\/span><\/strong><span style=\"vertical-align: inherit;\">SP-16 erm\u00f6glicht die Verwendung vorhandener paralleler Kabineninstallationen mit ARL500- und ARCODE-Bedienfeldern, die normalerweise mit serieller Kommunikation arbeiten. Ein einzelnes SP16-Board unterst\u00fctzt 16 Stockwerke im Aufw\u00e4rts-\/Abw\u00e4rts-Kollektivbetrieb und 9 Stockwerke im Vollkollektivbetrieb. F\u00fcr eine h\u00f6here Unterst\u00fctzung kann mehr als eine einzelne Platine verwendet werden. Mit SP16 k\u00f6nnen vorhandene parallele Kabelverbindungen \u00fcber 7-Segment- und Gray-Code-Ausg\u00e4nge verwendet werden.<\/span><\/p>\n","protected":false},"featured_media":992698,"comment_status":"open","ping_status":"closed","template":"","meta":[],"product_brand":[],"product_cat":[725,683,689],"product_tag":[],"class_list":{"0":"post-996722","1":"product","2":"type-product","3":"status-publish","4":"has-post-thumbnail","6":"product_cat-andere-produkte","7":"product_cat-aufzugsteuerungen","8":"product_cat-hilfseinheiten-aufzugsteuerungen","10":"first","11":"instock","12":"shipping-taxable","13":"product-type-simple","14":"prodpage-style2"},"_links":{"self":[{"href":"https:\/\/isfelevator.com\/de\/wp-json\/wp\/v2\/product\/996722","targetHints":{"allow":["GET"]}}],"collection":[{"href":"https:\/\/isfelevator.com\/de\/wp-json\/wp\/v2\/product"}],"about":[{"href":"https:\/\/isfelevator.com\/de\/wp-json\/wp\/v2\/types\/product"}],"replies":[{"embeddable":true,"href":"https:\/\/isfelevator.com\/de\/wp-json\/wp\/v2\/comments?post=996722"}],"wp:featuredmedia":[{"embeddable":true,"href":"https:\/\/isfelevator.com\/de\/wp-json\/wp\/v2\/media\/992698"}],"wp:attachment":[{"href":"https:\/\/isfelevator.com\/de\/wp-json\/wp\/v2\/media?parent=996722"}],"wp:term":[{"taxonomy":"product_brand","embeddable":true,"href":"https:\/\/isfelevator.com\/de\/wp-json\/wp\/v2\/product_brand?post=996722"},{"taxonomy":"product_cat","embeddable":true,"href":"https:\/\/isfelevator.com\/de\/wp-json\/wp\/v2\/product_cat?post=996722"},{"taxonomy":"product_tag","embeddable":true,"href":"https:\/\/isfelevator.com\/de\/wp-json\/wp\/v2\/product_tag?post=996722"}],"curies":[{"name":"wp","href":"https:\/\/api.w.org\/{rel}","templated":true}]}}