{"id":996713,"date":"2023-02-24T13:04:42","date_gmt":"2023-02-24T13:04:42","guid":{"rendered":"https:\/\/isfelevator.com\/product\/fx_series_32\/"},"modified":"2023-02-27T18:52:58","modified_gmt":"2023-02-27T18:52:58","slug":"fx_series_32","status":"publish","type":"product","link":"https:\/\/isfelevator.com\/de\/product\/fx_series_32\/","title":{"rendered":"Fx_Series_32"},"content":{"rendered":"<p><strong>Fx_Series_32<\/strong><\/p>\n<p><strong><span style=\"vertical-align: inherit;\">EIGENSCHAFTEN<\/span><\/strong><span style=\"vertical-align: inherit;\"> Serielle Kabinenkommunikationseinheit f\u00fcr die ARL-300-Aufzugssteuerung, die f\u00fcr mehr als 16 Stockwerke ausgelegt ist. Unterst\u00fctzt bis zu 24 Stockwerke Kommuniziert mit ARL-300-Aufzugssteuerung \u00fcber 2 Kabel Verwendet in der Inspektionsbox f\u00fcr Kabinenbefehle und im Bedienfeld f\u00fcr Etagenrufe Auswahl des Betriebsmodus (Kabinenbefehle oder Etagenrufe) mit einem Jumper Gray \/ Bin\u00e4rcode-Ausg\u00e4nge programmiert mit Das Men\u00fc der ARL-300-Aufzugssteuerung Anzeigeausg\u00e4nge A, B, C, D, E, F, G auf der FX-SERI32-Platine k\u00f6nnen als 7-Segment, Gray-Code, invertierter Gray-Code, Bin\u00e4rcode und invertierter Bin\u00e4rcode programmiert werden<\/span><\/p>\n","protected":false},"excerpt":{"rendered":"<p><strong><span style=\"vertical-align: inherit;\">Serielle Kommunikationseinheit f\u00fcr Hochh\u00e4user<\/span><\/strong><\/p>\n","protected":false},"featured_media":992692,"comment_status":"open","ping_status":"closed","template":"","meta":[],"product_brand":[],"product_cat":[725,683,689],"product_tag":[],"class_list":{"0":"post-996713","1":"product","2":"type-product","3":"status-publish","4":"has-post-thumbnail","6":"product_cat-andere-produkte","7":"product_cat-aufzugsteuerungen","8":"product_cat-hilfseinheiten-aufzugsteuerungen","10":"first","11":"instock","12":"shipping-taxable","13":"product-type-simple","14":"prodpage-style2"},"_links":{"self":[{"href":"https:\/\/isfelevator.com\/de\/wp-json\/wp\/v2\/product\/996713","targetHints":{"allow":["GET"]}}],"collection":[{"href":"https:\/\/isfelevator.com\/de\/wp-json\/wp\/v2\/product"}],"about":[{"href":"https:\/\/isfelevator.com\/de\/wp-json\/wp\/v2\/types\/product"}],"replies":[{"embeddable":true,"href":"https:\/\/isfelevator.com\/de\/wp-json\/wp\/v2\/comments?post=996713"}],"wp:featuredmedia":[{"embeddable":true,"href":"https:\/\/isfelevator.com\/de\/wp-json\/wp\/v2\/media\/992692"}],"wp:attachment":[{"href":"https:\/\/isfelevator.com\/de\/wp-json\/wp\/v2\/media?parent=996713"}],"wp:term":[{"taxonomy":"product_brand","embeddable":true,"href":"https:\/\/isfelevator.com\/de\/wp-json\/wp\/v2\/product_brand?post=996713"},{"taxonomy":"product_cat","embeddable":true,"href":"https:\/\/isfelevator.com\/de\/wp-json\/wp\/v2\/product_cat?post=996713"},{"taxonomy":"product_tag","embeddable":true,"href":"https:\/\/isfelevator.com\/de\/wp-json\/wp\/v2\/product_tag?post=996713"}],"curies":[{"name":"wp","href":"https:\/\/api.w.org\/{rel}","templated":true}]}}