{"id":996705,"date":"2023-02-24T13:04:42","date_gmt":"2023-02-24T13:04:42","guid":{"rendered":"https:\/\/isfelevator.com\/product\/fx_series\/"},"modified":"2023-02-27T18:39:23","modified_gmt":"2023-02-27T18:39:23","slug":"fx_series","status":"publish","type":"product","link":"https:\/\/isfelevator.com\/de\/product\/fx_series\/","title":{"rendered":"Fx_Series"},"content":{"rendered":"<p><strong>Fx_Series.<\/strong><\/p>\n<p><strong><span style=\"vertical-align: inherit;\">EIGENSCHAFTEN<\/span><\/strong><span style=\"vertical-align: inherit;\"> Unterst\u00fctzt bis zu 16 Etagen. Kommuniziert mit ARL-200- und ARL-300-Steuerungen \u00fcber zwei Kabel. Es ist keine Installation zwischen dem Fahrkorb und dem Bedienfeld f\u00fcr Fahrkorbtasten, Anzeige, \u00dcberlast, Volllast und Gong erforderlich. Auch f\u00fcr Richtungspfeile, Autolampe, automatische T\u00fcrschlie\u00df- und -\u00f6ffnungstasten, Inspektionsbetriebstasten.<\/span><\/p>\n","protected":false},"excerpt":{"rendered":"<p><strong><span style=\"vertical-align: inherit;\">Serial Car Communication Board<\/span><\/strong><span style=\"vertical-align: inherit;\"> Serial Communication Unit (bis zu 16 Etagen f\u00fcr ARL-200S &amp; ARL-300)<\/span><\/p>\n","protected":false},"featured_media":992686,"comment_status":"open","ping_status":"closed","template":"","meta":[],"product_brand":[],"product_cat":[725,683,689],"product_tag":[],"class_list":{"0":"post-996705","1":"product","2":"type-product","3":"status-publish","4":"has-post-thumbnail","6":"product_cat-andere-produkte","7":"product_cat-aufzugsteuerungen","8":"product_cat-hilfseinheiten-aufzugsteuerungen","10":"first","11":"instock","12":"shipping-taxable","13":"product-type-simple","14":"prodpage-style2"},"_links":{"self":[{"href":"https:\/\/isfelevator.com\/de\/wp-json\/wp\/v2\/product\/996705","targetHints":{"allow":["GET"]}}],"collection":[{"href":"https:\/\/isfelevator.com\/de\/wp-json\/wp\/v2\/product"}],"about":[{"href":"https:\/\/isfelevator.com\/de\/wp-json\/wp\/v2\/types\/product"}],"replies":[{"embeddable":true,"href":"https:\/\/isfelevator.com\/de\/wp-json\/wp\/v2\/comments?post=996705"}],"wp:featuredmedia":[{"embeddable":true,"href":"https:\/\/isfelevator.com\/de\/wp-json\/wp\/v2\/media\/992686"}],"wp:attachment":[{"href":"https:\/\/isfelevator.com\/de\/wp-json\/wp\/v2\/media?parent=996705"}],"wp:term":[{"taxonomy":"product_brand","embeddable":true,"href":"https:\/\/isfelevator.com\/de\/wp-json\/wp\/v2\/product_brand?post=996705"},{"taxonomy":"product_cat","embeddable":true,"href":"https:\/\/isfelevator.com\/de\/wp-json\/wp\/v2\/product_cat?post=996705"},{"taxonomy":"product_tag","embeddable":true,"href":"https:\/\/isfelevator.com\/de\/wp-json\/wp\/v2\/product_tag?post=996705"}],"curies":[{"name":"wp","href":"https:\/\/api.w.org\/{rel}","templated":true}]}}