{"id":996680,"date":"2023-02-24T13:04:42","date_gmt":"2023-02-24T13:04:42","guid":{"rendered":"https:\/\/isfelevator.com\/product\/mtm-monostable-switch\/"},"modified":"2023-02-27T18:09:51","modified_gmt":"2023-02-27T18:09:51","slug":"mtm-monostabiler-schalter","status":"publish","type":"product","link":"https:\/\/isfelevator.com\/de\/product\/mtm-monostabiler-schalter\/","title":{"rendered":"MTM Monostabiler Schalter"},"content":{"rendered":"<p><strong><span style=\"vertical-align: inherit;\">MTM Monostabiler Schalter<\/span><\/strong><\/p>\n<ul>\n<li><span style=\"vertical-align: inherit;\">ARCODE wird mit der integrierten Aufzugssteuerung verwendet. Es liefert Kabinenpositionsinformationen f\u00fcr die F\u00fcllstandserneuerung und das fr\u00fchzeitige \u00d6ffnen der T\u00fcr.<\/span><\/li>\n<li><span style=\"vertical-align: inherit;\">Jede Etage funktioniert mit bereits vorhandenen T\u00fcrzonenmagneten.<\/span><\/li>\n<li><span style=\"vertical-align: inherit;\">MTM Monostabiler Schalter beseitigt die Notwendigkeit einer zus\u00e4tzlichen Magnetanordnung und Magnetschalterinstallation im Bohrloch f\u00fcr die Niveausanierung.<\/span><\/li>\n<li><span style=\"vertical-align: inherit;\">Zus\u00e4tzlich zu den Ebenenerneuerungssensoren ist es auch nicht erforderlich, den T\u00fcrzonenumschalter zu verwenden, da er 2 T\u00fcrzonenerkennungssensoren enth\u00e4lt.<\/span><\/li>\n<li><span style=\"vertical-align: inherit;\">Es ist nicht erforderlich, die Position der Magnete zu \u00e4ndern, um eine pr\u00e4zise Pegeleinstellung vorzunehmen.<\/span><\/li>\n<li><span style=\"vertical-align: inherit;\">Bietet eine Positionsgenauigkeit von 7,5 mm mit 20 Magnetsensoren darauf.<\/span><\/li>\n<li><span style=\"vertical-align: inherit;\">Die Revisionsplatine im Fahrerhaus ist mit 5 Leitungen verbunden, die aus Versorgung +, Versorgung -, ML1, ML2 und seriellen Positionskommunikationskan\u00e4len bestehen. Es sind keine Einstellungen erforderlich.<\/span><\/li>\n<\/ul>\n","protected":false},"excerpt":{"rendered":"<p><strong><span style=\"vertical-align: inherit;\">Elektronische monostabile Schalter und Stabmagnete<\/span><\/strong><\/p>\n","protected":false},"featured_media":992662,"comment_status":"open","ping_status":"closed","template":"","meta":[],"product_brand":[],"product_cat":[683,689,719],"product_tag":[],"class_list":{"0":"post-996680","1":"product","2":"type-product","3":"status-publish","4":"has-post-thumbnail","6":"product_cat-aufzugsteuerungen","7":"product_cat-hilfseinheiten-aufzugsteuerungen","8":"product_cat-magnetschalter","10":"first","11":"instock","12":"shipping-taxable","13":"product-type-simple","14":"prodpage-style2"},"_links":{"self":[{"href":"https:\/\/isfelevator.com\/de\/wp-json\/wp\/v2\/product\/996680","targetHints":{"allow":["GET"]}}],"collection":[{"href":"https:\/\/isfelevator.com\/de\/wp-json\/wp\/v2\/product"}],"about":[{"href":"https:\/\/isfelevator.com\/de\/wp-json\/wp\/v2\/types\/product"}],"replies":[{"embeddable":true,"href":"https:\/\/isfelevator.com\/de\/wp-json\/wp\/v2\/comments?post=996680"}],"wp:featuredmedia":[{"embeddable":true,"href":"https:\/\/isfelevator.com\/de\/wp-json\/wp\/v2\/media\/992662"}],"wp:attachment":[{"href":"https:\/\/isfelevator.com\/de\/wp-json\/wp\/v2\/media?parent=996680"}],"wp:term":[{"taxonomy":"product_brand","embeddable":true,"href":"https:\/\/isfelevator.com\/de\/wp-json\/wp\/v2\/product_brand?post=996680"},{"taxonomy":"product_cat","embeddable":true,"href":"https:\/\/isfelevator.com\/de\/wp-json\/wp\/v2\/product_cat?post=996680"},{"taxonomy":"product_tag","embeddable":true,"href":"https:\/\/isfelevator.com\/de\/wp-json\/wp\/v2\/product_tag?post=996680"}],"curies":[{"name":"wp","href":"https:\/\/api.w.org\/{rel}","templated":true}]}}