{"id":996672,"date":"2023-02-24T13:05:04","date_gmt":"2023-02-24T13:05:04","guid":{"rendered":"https:\/\/isfelevator.com\/product\/mrl-sarj\/"},"modified":"2023-02-28T09:36:32","modified_gmt":"2023-02-28T09:36:32","slug":"mrl-sarj","status":"publish","type":"product","link":"https:\/\/isfelevator.com\/de\/product\/mrl-sarj\/","title":{"rendered":"MRL-Sarj"},"content":{"rendered":"<p><strong>MRL-Sarj<\/strong><\/p>\n<p><strong>MERKMALE<\/strong> MRL-Sarj ist ein strombegrenztes Bleibatterieladeger\u00e4t mit konstanter Ausgangsspannung, das speziell f\u00fcr wartungsfreie 12V\/7Ah Trockenbatterien entwickelt wurde und die Batterien mit einer geeigneten Ladetechnik optimal l\u00e4dt. Erh\u00e4ltlich in 2 Ausf\u00fchrungen: 48V (4 Stk. Batterie) und 60V (5 Stk. Batterie). Mit Metallgeh\u00e4use, geeignet f\u00fcr den Einbau in eine geschlossene Schalttafel. Status-LEDs f\u00fcr AC-Eingangsleitung und Batterieladung. Kurzschluss- und \u00dcberlastungsschutz. Geeignet f\u00fcr einen Eingangsspannungsbereich von 200-240Vac. Abmessungen 70mmx144mmx73mm (Breite x L\u00e4nge \u00d7 H\u00f6he).<\/p>\n","protected":false},"excerpt":{"rendered":"<p><strong>48V\/60V Batterieladeger\u00e4t<\/strong><\/p>\n","protected":false},"featured_media":992740,"comment_status":"open","ping_status":"closed","template":"","meta":[],"product_brand":[],"product_cat":[725,683,689],"product_tag":[],"class_list":{"0":"post-996672","1":"product","2":"type-product","3":"status-publish","4":"has-post-thumbnail","6":"product_cat-andere-produkte","7":"product_cat-aufzugsteuerungen","8":"product_cat-hilfseinheiten-aufzugsteuerungen","10":"first","11":"instock","12":"shipping-taxable","13":"product-type-simple","14":"prodpage-style2"},"_links":{"self":[{"href":"https:\/\/isfelevator.com\/de\/wp-json\/wp\/v2\/product\/996672","targetHints":{"allow":["GET"]}}],"collection":[{"href":"https:\/\/isfelevator.com\/de\/wp-json\/wp\/v2\/product"}],"about":[{"href":"https:\/\/isfelevator.com\/de\/wp-json\/wp\/v2\/types\/product"}],"replies":[{"embeddable":true,"href":"https:\/\/isfelevator.com\/de\/wp-json\/wp\/v2\/comments?post=996672"}],"wp:featuredmedia":[{"embeddable":true,"href":"https:\/\/isfelevator.com\/de\/wp-json\/wp\/v2\/media\/992740"}],"wp:attachment":[{"href":"https:\/\/isfelevator.com\/de\/wp-json\/wp\/v2\/media?parent=996672"}],"wp:term":[{"taxonomy":"product_brand","embeddable":true,"href":"https:\/\/isfelevator.com\/de\/wp-json\/wp\/v2\/product_brand?post=996672"},{"taxonomy":"product_cat","embeddable":true,"href":"https:\/\/isfelevator.com\/de\/wp-json\/wp\/v2\/product_cat?post=996672"},{"taxonomy":"product_tag","embeddable":true,"href":"https:\/\/isfelevator.com\/de\/wp-json\/wp\/v2\/product_tag?post=996672"}],"curies":[{"name":"wp","href":"https:\/\/api.w.org\/{rel}","templated":true}]}}