{"id":996665,"date":"2023-02-24T13:05:04","date_gmt":"2023-02-24T13:05:04","guid":{"rendered":"https:\/\/isfelevator.com\/product\/leveled\/"},"modified":"2023-02-28T09:29:52","modified_gmt":"2023-02-28T09:29:52","slug":"gelegt","status":"publish","type":"product","link":"https:\/\/isfelevator.com\/de\/product\/gelegt\/","title":{"rendered":"GELEGT"},"content":{"rendered":"<p><strong>GELEGT<\/strong><\/p>\n<p><strong>MERKMALE<\/strong> Die LEVELED-Karte wird standardm\u00e4\u00dfig in hydraulischen Aufz\u00fcgen verwendet. Selbst bei Stromausfall wird mit der Anzeige &#8222;AT FLOOR&#8220; angezeigt, ob sich der Aufzug in der Etage befindet oder nicht. Wenn die Etage nach einem Stromausfall erreicht wird, ert\u00f6nt eine akustische Ansage.<\/p>\n","protected":false},"excerpt":{"rendered":"<p><strong>Die F\u00fcllstandsanzeige LEVELED<\/strong> wird normalerweise f\u00fcr hydraulische Systeme verwendet (optional f\u00fcr Seilaufz\u00fcge). Sie zeigt die Etagenh\u00f6he mit eingebauten LEDs an und wird durch eine Batterie versorgt, wenn der Netzstrom ausf\u00e4llt. Au\u00dferdem ert\u00f6nt ein akustisches Signal, wenn der Fahrkorb eine bestimmte H\u00f6he erreicht hat.<\/p>\n","protected":false},"featured_media":992734,"comment_status":"open","ping_status":"closed","template":"","meta":[],"product_brand":[],"product_cat":[725,683,689],"product_tag":[],"class_list":{"0":"post-996665","1":"product","2":"type-product","3":"status-publish","4":"has-post-thumbnail","6":"product_cat-andere-produkte","7":"product_cat-aufzugsteuerungen","8":"product_cat-hilfseinheiten-aufzugsteuerungen","10":"first","11":"instock","12":"shipping-taxable","13":"product-type-simple","14":"prodpage-style2"},"_links":{"self":[{"href":"https:\/\/isfelevator.com\/de\/wp-json\/wp\/v2\/product\/996665","targetHints":{"allow":["GET"]}}],"collection":[{"href":"https:\/\/isfelevator.com\/de\/wp-json\/wp\/v2\/product"}],"about":[{"href":"https:\/\/isfelevator.com\/de\/wp-json\/wp\/v2\/types\/product"}],"replies":[{"embeddable":true,"href":"https:\/\/isfelevator.com\/de\/wp-json\/wp\/v2\/comments?post=996665"}],"wp:featuredmedia":[{"embeddable":true,"href":"https:\/\/isfelevator.com\/de\/wp-json\/wp\/v2\/media\/992734"}],"wp:attachment":[{"href":"https:\/\/isfelevator.com\/de\/wp-json\/wp\/v2\/media?parent=996665"}],"wp:term":[{"taxonomy":"product_brand","embeddable":true,"href":"https:\/\/isfelevator.com\/de\/wp-json\/wp\/v2\/product_brand?post=996665"},{"taxonomy":"product_cat","embeddable":true,"href":"https:\/\/isfelevator.com\/de\/wp-json\/wp\/v2\/product_cat?post=996665"},{"taxonomy":"product_tag","embeddable":true,"href":"https:\/\/isfelevator.com\/de\/wp-json\/wp\/v2\/product_tag?post=996665"}],"curies":[{"name":"wp","href":"https:\/\/api.w.org\/{rel}","templated":true}]}}