{"id":996634,"date":"2023-02-24T13:05:04","date_gmt":"2023-02-24T13:05:04","guid":{"rendered":"https:\/\/isfelevator.com\/product\/auto_kg\/"},"modified":"2023-02-27T17:18:27","modified_gmt":"2023-02-27T17:18:27","slug":"auto_kfz","status":"publish","type":"product","link":"https:\/\/isfelevator.com\/de\/product\/auto_kfz\/","title":{"rendered":"Auto_Kfz"},"content":{"rendered":"<p><strong>Auto_Kfz<\/strong><\/p>\n<p><strong>MERKMALE<\/strong> Wird mit Aufzugskontrolltafeln zur Erzeugung von T\u00fcrkontrollsignalen verwendet. Kann mit allen dreiphasigen, einphasigen und elektronisch gesteuerten T\u00fcren arbeiten. Verf\u00fcgt \u00fcber einen Lichtschranken-Eingang, einen T\u00fcrschlie\u00df-Eingang und T\u00fcrgrenzkontakt-Eing\u00e4nge. Mit Hilfe von zwei Potentiometern kann die Zeit der Lichtschrankenunterbrechung und die Zeit des offenen Wartens am Boden eingestellt werden.<\/p>\n","protected":false},"excerpt":{"rendered":"<p><strong>Automatische T\u00fcrkarte<\/strong><\/p>\n","protected":false},"featured_media":992710,"comment_status":"open","ping_status":"closed","template":"","meta":[],"product_brand":[],"product_cat":[725,683,689],"product_tag":[],"class_list":{"0":"post-996634","1":"product","2":"type-product","3":"status-publish","4":"has-post-thumbnail","6":"product_cat-andere-produkte","7":"product_cat-aufzugsteuerungen","8":"product_cat-hilfseinheiten-aufzugsteuerungen","10":"first","11":"instock","12":"shipping-taxable","13":"product-type-simple","14":"prodpage-style2"},"_links":{"self":[{"href":"https:\/\/isfelevator.com\/de\/wp-json\/wp\/v2\/product\/996634","targetHints":{"allow":["GET"]}}],"collection":[{"href":"https:\/\/isfelevator.com\/de\/wp-json\/wp\/v2\/product"}],"about":[{"href":"https:\/\/isfelevator.com\/de\/wp-json\/wp\/v2\/types\/product"}],"replies":[{"embeddable":true,"href":"https:\/\/isfelevator.com\/de\/wp-json\/wp\/v2\/comments?post=996634"}],"wp:featuredmedia":[{"embeddable":true,"href":"https:\/\/isfelevator.com\/de\/wp-json\/wp\/v2\/media\/992710"}],"wp:attachment":[{"href":"https:\/\/isfelevator.com\/de\/wp-json\/wp\/v2\/media?parent=996634"}],"wp:term":[{"taxonomy":"product_brand","embeddable":true,"href":"https:\/\/isfelevator.com\/de\/wp-json\/wp\/v2\/product_brand?post=996634"},{"taxonomy":"product_cat","embeddable":true,"href":"https:\/\/isfelevator.com\/de\/wp-json\/wp\/v2\/product_cat?post=996634"},{"taxonomy":"product_tag","embeddable":true,"href":"https:\/\/isfelevator.com\/de\/wp-json\/wp\/v2\/product_tag?post=996634"}],"curies":[{"name":"wp","href":"https:\/\/api.w.org\/{rel}","templated":true}]}}