{"id":996627,"date":"2023-02-24T13:05:04","date_gmt":"2023-02-24T13:05:04","guid":{"rendered":"https:\/\/isfelevator.com\/product\/gz-plus\/"},"modified":"2023-02-28T09:34:58","modified_gmt":"2023-02-28T09:34:58","slug":"gz-plus","status":"publish","type":"product","link":"https:\/\/isfelevator.com\/de\/product\/gz-plus\/","title":{"rendered":"GZ PLUS"},"content":{"rendered":"<p><strong>GZ PLUS<\/strong><\/p>\n<p><strong>MERKMALE<\/strong> G&amp;Z plus ist ein Etagenansage- und Musiksystem, das f\u00fcr Aufz\u00fcge entwickelt wurde. G&amp;Z plus verwendet Sounddateien im mp3-Format, die einfach auf eine SD-Speicherkarte \u00fcbertragen werden k\u00f6nnen. Es ist keine zus\u00e4tzliche Software erforderlich. Ziehen Sie Ihre Sounddateien einfach per Drag &amp; Drop in die entsprechenden Ordner auf der SD-Karte. Als Eingabemodi stehen Graycode, Bin\u00e4rcode, Arkel-Z\u00e4hlermodus und CANbus-Modus zur Verf\u00fcgung. Unabh\u00e4ngige Lautst\u00e4rkeregelung f\u00fcr Durchsagen und Musik. Das G&amp;Z plus-Board wird ab Werk mit englischen und t\u00fcrkischen Standardmeldungen ausgeliefert.<\/p>\n","protected":false},"excerpt":{"rendered":"<p><strong>Aufzug-Durchsage-System<\/strong><\/p>\n","protected":false},"featured_media":992704,"comment_status":"open","ping_status":"closed","template":"","meta":[],"product_brand":[],"product_cat":[725,683,689],"product_tag":[],"class_list":{"0":"post-996627","1":"product","2":"type-product","3":"status-publish","4":"has-post-thumbnail","6":"product_cat-andere-produkte","7":"product_cat-aufzugsteuerungen","8":"product_cat-hilfseinheiten-aufzugsteuerungen","10":"first","11":"instock","12":"shipping-taxable","13":"product-type-simple","14":"prodpage-style2"},"_links":{"self":[{"href":"https:\/\/isfelevator.com\/de\/wp-json\/wp\/v2\/product\/996627","targetHints":{"allow":["GET"]}}],"collection":[{"href":"https:\/\/isfelevator.com\/de\/wp-json\/wp\/v2\/product"}],"about":[{"href":"https:\/\/isfelevator.com\/de\/wp-json\/wp\/v2\/types\/product"}],"replies":[{"embeddable":true,"href":"https:\/\/isfelevator.com\/de\/wp-json\/wp\/v2\/comments?post=996627"}],"wp:featuredmedia":[{"embeddable":true,"href":"https:\/\/isfelevator.com\/de\/wp-json\/wp\/v2\/media\/992704"}],"wp:attachment":[{"href":"https:\/\/isfelevator.com\/de\/wp-json\/wp\/v2\/media?parent=996627"}],"wp:term":[{"taxonomy":"product_brand","embeddable":true,"href":"https:\/\/isfelevator.com\/de\/wp-json\/wp\/v2\/product_brand?post=996627"},{"taxonomy":"product_cat","embeddable":true,"href":"https:\/\/isfelevator.com\/de\/wp-json\/wp\/v2\/product_cat?post=996627"},{"taxonomy":"product_tag","embeddable":true,"href":"https:\/\/isfelevator.com\/de\/wp-json\/wp\/v2\/product_tag?post=996627"}],"curies":[{"name":"wp","href":"https:\/\/api.w.org\/{rel}","templated":true}]}}