{"id":996608,"date":"2023-02-24T13:05:05","date_gmt":"2023-02-24T13:05:05","guid":{"rendered":"https:\/\/isfelevator.com\/product\/automatic-center-cabin-and-landing-doors\/"},"modified":"2023-02-27T16:25:30","modified_gmt":"2023-02-27T16:25:30","slug":"automatische-mittlere-kabinen-und-schachttueren","status":"publish","type":"product","link":"https:\/\/isfelevator.com\/de\/product\/automatische-mittlere-kabinen-und-schachttueren\/","title":{"rendered":"Automatische (mittlere) Kabinen- und Schachtt\u00fcren"},"content":{"rendered":"<p><strong><span style=\"vertical-align: inherit;\">Automatische (mittlere) Kabinen- und Schachtt\u00fcren<\/span><\/strong><\/p>\n<p><strong><span style=\"vertical-align: inherit;\">TECHNISCHE DATEN<\/span><\/strong><span style=\"vertical-align: inherit;\"> DC-PWM-Treiber ohne Endschalter 220 V AC Versorgungsspannung 24 V DC B\u00fcrstenmotor Doppelkanal (A, B) 100 ppr Encoder Anzahl der \u00d6ffnungs-\/Schlie\u00dfzyklen pro Jahr 600.000 bis 800.000<\/span><\/p>\n","protected":false},"excerpt":{"rendered":"<p><strong><span style=\"vertical-align: inherit;\">Mehrere elektronische Einstellungen<\/span><\/strong><span style=\"vertical-align: inherit;\"> \u2022 Gr\u00f6\u00dfen-, L\u00e4ngen- und Geschwindigkeitsparameter \u2022 Torkraft, die separat auf \u00d6ffnungs- und Schlie\u00dfrichtung eingestellt werden kann \u2022 Kompatibilit\u00e4t mit unterschiedlichen Befehlssignalen zum \u00d6ffnen\/Schlie\u00dfen (24 V DC-220 V AC) \u2022 F\u00e4higkeit zum Betrieb mit Einzel- (Schlie\u00dfen )-Signal \u2022 Einstellung der Kurzschlussarten als Schlie\u00dfer\/\u00d6ffner <\/span><strong><span style=\"vertical-align: inherit;\">Vielf\u00e4ltige mechanische Einstellungen<\/span><\/strong><span style=\"vertical-align: inherit;\"> \u2022 Praxisgerechte Montage \u2022 Blendeneinstellung in 3 Achsen \u2022 Einstellbare lichte Weite<\/span><\/p>\n","protected":false},"featured_media":992770,"comment_status":"open","ping_status":"closed","template":"","meta":[],"product_brand":[],"product_cat":[767],"product_tag":[],"class_list":{"0":"post-996608","1":"product","2":"type-product","3":"status-publish","4":"has-post-thumbnail","6":"product_cat-aufzugturen","8":"first","9":"instock","10":"shipping-taxable","11":"product-type-simple","12":"prodpage-style2"},"_links":{"self":[{"href":"https:\/\/isfelevator.com\/de\/wp-json\/wp\/v2\/product\/996608","targetHints":{"allow":["GET"]}}],"collection":[{"href":"https:\/\/isfelevator.com\/de\/wp-json\/wp\/v2\/product"}],"about":[{"href":"https:\/\/isfelevator.com\/de\/wp-json\/wp\/v2\/types\/product"}],"replies":[{"embeddable":true,"href":"https:\/\/isfelevator.com\/de\/wp-json\/wp\/v2\/comments?post=996608"}],"wp:featuredmedia":[{"embeddable":true,"href":"https:\/\/isfelevator.com\/de\/wp-json\/wp\/v2\/media\/992770"}],"wp:attachment":[{"href":"https:\/\/isfelevator.com\/de\/wp-json\/wp\/v2\/media?parent=996608"}],"wp:term":[{"taxonomy":"product_brand","embeddable":true,"href":"https:\/\/isfelevator.com\/de\/wp-json\/wp\/v2\/product_brand?post=996608"},{"taxonomy":"product_cat","embeddable":true,"href":"https:\/\/isfelevator.com\/de\/wp-json\/wp\/v2\/product_cat?post=996608"},{"taxonomy":"product_tag","embeddable":true,"href":"https:\/\/isfelevator.com\/de\/wp-json\/wp\/v2\/product_tag?post=996608"}],"curies":[{"name":"wp","href":"https:\/\/api.w.org\/{rel}","templated":true}]}}