{"id":996600,"date":"2023-02-24T13:05:05","date_gmt":"2023-02-24T13:05:05","guid":{"rendered":"https:\/\/isfelevator.com\/product\/rgn-a10\/"},"modified":"2023-02-27T16:17:04","modified_gmt":"2023-02-27T16:17:04","slug":"rgn-a1","status":"publish","type":"product","link":"https:\/\/isfelevator.com\/de\/product\/rgn-a1\/","title":{"rendered":"RGN-A10"},"content":{"rendered":"<p><strong>RGN-A10<\/strong><\/p>\n<p>Aufzugsmotoren erzeugen Energie Beim Abw\u00e4rts- oder Aufw\u00e4rtsfahren mit schwerer Last spart die R\u00fcckspeiseeinheit RGN-A10 w\u00e4hrend der Fahrt fast 35 % Energie im Vergleich zu nicht regenerativen Aufz\u00fcgen.<\/p>\n","protected":false},"excerpt":{"rendered":"<p><strong>R\u00fcckspeiseeinheit f\u00fcr Aufz\u00fcge<\/strong><\/p>\n","protected":false},"featured_media":992746,"comment_status":"open","ping_status":"closed","template":"","meta":[],"product_brand":[],"product_cat":[683,755],"product_tag":[],"class_list":{"0":"post-996600","1":"product","2":"type-product","3":"status-publish","4":"has-post-thumbnail","6":"product_cat-aufzugsteuerungen","7":"product_cat-regenerationseinheit","9":"first","10":"instock","11":"shipping-taxable","12":"product-type-simple","13":"prodpage-style2"},"_links":{"self":[{"href":"https:\/\/isfelevator.com\/de\/wp-json\/wp\/v2\/product\/996600","targetHints":{"allow":["GET"]}}],"collection":[{"href":"https:\/\/isfelevator.com\/de\/wp-json\/wp\/v2\/product"}],"about":[{"href":"https:\/\/isfelevator.com\/de\/wp-json\/wp\/v2\/types\/product"}],"replies":[{"embeddable":true,"href":"https:\/\/isfelevator.com\/de\/wp-json\/wp\/v2\/comments?post=996600"}],"wp:featuredmedia":[{"embeddable":true,"href":"https:\/\/isfelevator.com\/de\/wp-json\/wp\/v2\/media\/992746"}],"wp:attachment":[{"href":"https:\/\/isfelevator.com\/de\/wp-json\/wp\/v2\/media?parent=996600"}],"wp:term":[{"taxonomy":"product_brand","embeddable":true,"href":"https:\/\/isfelevator.com\/de\/wp-json\/wp\/v2\/product_brand?post=996600"},{"taxonomy":"product_cat","embeddable":true,"href":"https:\/\/isfelevator.com\/de\/wp-json\/wp\/v2\/product_cat?post=996600"},{"taxonomy":"product_tag","embeddable":true,"href":"https:\/\/isfelevator.com\/de\/wp-json\/wp\/v2\/product_tag?post=996600"}],"curies":[{"name":"wp","href":"https:\/\/api.w.org\/{rel}","templated":true}]}}