{"id":996537,"date":"2023-02-24T13:05:26","date_gmt":"2023-02-24T13:05:26","guid":{"rendered":"https:\/\/isfelevator.com\/product\/semi-automatic-doors\/"},"modified":"2023-02-27T14:49:06","modified_gmt":"2023-02-27T14:49:06","slug":"halbautomatische-tueren","status":"publish","type":"product","link":"https:\/\/isfelevator.com\/de\/product\/halbautomatische-tueren\/","title":{"rendered":"Halbautomatische T\u00fcren"},"content":{"rendered":"<p><strong>Halbautomatische T\u00fcren<\/strong><\/p>\n<p>Die T\u00fcrsysteme werden f\u00fcr den Einsatz in Aufzugssystemen hergestellt. Halbautomatische T\u00fcrtypen werden manuell ge\u00f6ffnet. Es gibt zwei Arten, die als einfl\u00fcgelig (f\u00fcr Personenaufz\u00fcge) und zweifl\u00fcgelig (f\u00fcr Lastenaufz\u00fcge) bezeichnet werden. Automatische T\u00fcren k\u00f6nnen sich automatisch \u00f6ffnen und schlie\u00dfen.<\/p>\n","protected":false},"excerpt":{"rendered":"<p>Spezielles Griff- und Rahmendesign 120-Grad-\u00d6ffnungsfunktion Hohe Tragf\u00e4higkeit mit geschraubtem Stahlscharniersystem L\u00e4ngsverst\u00e4rktes St\u00fctzsystem Einfache Installation, problemloses Arbeiten A1-Stahlblech, lange Lebensdauer<\/p>\n","protected":false},"featured_media":992854,"comment_status":"open","ping_status":"closed","template":"","meta":[],"product_brand":[],"product_cat":[767],"product_tag":[],"class_list":{"0":"post-996537","1":"product","2":"type-product","3":"status-publish","4":"has-post-thumbnail","6":"product_cat-aufzugturen","8":"first","9":"instock","10":"shipping-taxable","11":"product-type-simple","12":"prodpage-style2"},"_links":{"self":[{"href":"https:\/\/isfelevator.com\/de\/wp-json\/wp\/v2\/product\/996537","targetHints":{"allow":["GET"]}}],"collection":[{"href":"https:\/\/isfelevator.com\/de\/wp-json\/wp\/v2\/product"}],"about":[{"href":"https:\/\/isfelevator.com\/de\/wp-json\/wp\/v2\/types\/product"}],"replies":[{"embeddable":true,"href":"https:\/\/isfelevator.com\/de\/wp-json\/wp\/v2\/comments?post=996537"}],"wp:featuredmedia":[{"embeddable":true,"href":"https:\/\/isfelevator.com\/de\/wp-json\/wp\/v2\/media\/992854"}],"wp:attachment":[{"href":"https:\/\/isfelevator.com\/de\/wp-json\/wp\/v2\/media?parent=996537"}],"wp:term":[{"taxonomy":"product_brand","embeddable":true,"href":"https:\/\/isfelevator.com\/de\/wp-json\/wp\/v2\/product_brand?post=996537"},{"taxonomy":"product_cat","embeddable":true,"href":"https:\/\/isfelevator.com\/de\/wp-json\/wp\/v2\/product_cat?post=996537"},{"taxonomy":"product_tag","embeddable":true,"href":"https:\/\/isfelevator.com\/de\/wp-json\/wp\/v2\/product_tag?post=996537"}],"curies":[{"name":"wp","href":"https:\/\/api.w.org\/{rel}","templated":true}]}}