{"id":996262,"date":"2023-02-24T13:06:17","date_gmt":"2023-02-24T13:06:17","guid":{"rendered":"https:\/\/isfelevator.com\/product\/belt-gearless-elevator-motors\/"},"modified":"2023-02-26T16:03:39","modified_gmt":"2023-02-26T16:03:39","slug":"gurtgetriebelose-aufzugsmotoren","status":"publish","type":"product","link":"https:\/\/isfelevator.com\/de\/product\/gurtgetriebelose-aufzugsmotoren\/","title":{"rendered":"Gurtgetriebelose Aufzugsmotoren"},"content":{"rendered":"<p><strong>Gurtgetriebelose Aufzugsmotoren<\/strong><\/p>\n<p>Erreicht die Tragf\u00e4higkeit von 1000 kg bei 2:1-Aufh\u00e4ngung. * Erm\u00f6glicht h\u00f6here Tragf\u00e4higkeit bei kleinerer Treibscheibe. * Polyurethan-Schutz der Stahldr\u00e4hte gegen Korrosion. * L\u00e4ngere Lebensdauer als Stahlseile. * Geringerer Energieverbrauch im Vergleich zu gleichwertigen getriebelosen Systemen. * Erm\u00f6glicht den Einsatz von weniger leistungsstarken Wechselrichtern. * Ger\u00e4uscharmer Motor. * Bietet ein hohes Ma\u00df an Komfort.<\/p>\n","protected":false},"excerpt":{"rendered":"<p><strong>Riemengetriebeloser Moto<\/strong>r Alle Motoren sind mit MR- und MRL-Systemen kompatibel. Die Motoren haben ein geringes Gewicht, einen gesch\u00fctzten Encoder und eine hohe Energieeffizienz bei h\u00f6chster Leistung. Alle Arten von Motoren sind in unserem Lager verf\u00fcgbar. Kontaktieren Sie uns einfach.<\/p>\n","protected":false},"featured_media":993148,"comment_status":"open","ping_status":"closed","template":"","meta":[],"product_brand":[],"product_cat":[839],"product_tag":[],"class_list":{"0":"post-996262","1":"product","2":"type-product","3":"status-publish","4":"has-post-thumbnail","6":"product_cat-aufzugsmotoren","8":"first","9":"instock","10":"shipping-taxable","11":"product-type-simple","12":"prodpage-style2"},"_links":{"self":[{"href":"https:\/\/isfelevator.com\/de\/wp-json\/wp\/v2\/product\/996262","targetHints":{"allow":["GET"]}}],"collection":[{"href":"https:\/\/isfelevator.com\/de\/wp-json\/wp\/v2\/product"}],"about":[{"href":"https:\/\/isfelevator.com\/de\/wp-json\/wp\/v2\/types\/product"}],"replies":[{"embeddable":true,"href":"https:\/\/isfelevator.com\/de\/wp-json\/wp\/v2\/comments?post=996262"}],"wp:featuredmedia":[{"embeddable":true,"href":"https:\/\/isfelevator.com\/de\/wp-json\/wp\/v2\/media\/993148"}],"wp:attachment":[{"href":"https:\/\/isfelevator.com\/de\/wp-json\/wp\/v2\/media?parent=996262"}],"wp:term":[{"taxonomy":"product_brand","embeddable":true,"href":"https:\/\/isfelevator.com\/de\/wp-json\/wp\/v2\/product_brand?post=996262"},{"taxonomy":"product_cat","embeddable":true,"href":"https:\/\/isfelevator.com\/de\/wp-json\/wp\/v2\/product_cat?post=996262"},{"taxonomy":"product_tag","embeddable":true,"href":"https:\/\/isfelevator.com\/de\/wp-json\/wp\/v2\/product_tag?post=996262"}],"curies":[{"name":"wp","href":"https:\/\/api.w.org\/{rel}","templated":true}]}}