{"id":996255,"date":"2023-02-24T13:06:17","date_gmt":"2023-02-24T13:06:17","guid":{"rendered":"https:\/\/isfelevator.com\/product\/geared-elevator-motor\/"},"modified":"2023-02-26T15:56:10","modified_gmt":"2023-02-26T15:56:10","slug":"aufzugsgetriebemotor","status":"publish","type":"product","link":"https:\/\/isfelevator.com\/de\/product\/aufzugsgetriebemotor\/","title":{"rendered":"Aufzugsgetriebemotor"},"content":{"rendered":"<p><strong><span style=\"vertical-align: inherit;\">Aufzugsgetriebemotor<\/span><\/strong><\/p>\n<p><strong><span style=\"vertical-align: inherit;\">Getriebemotoren<\/span><\/strong><span style=\"vertical-align: inherit;\"> Einfache Montage Der Ger\u00e4uschpegel liegt unter 50 dB und der Vibrationswert betr\u00e4gt 0,7 mm\/s, was beides unter den Standardwerten liegt<\/span><\/p>\n","protected":false},"excerpt":{"rendered":"<p><strong><span style=\"vertical-align: inherit;\">Motoren<\/span><\/strong><span style=\"vertical-align: inherit;\"> Alle Motoren, die mit MR- und MRL-Systemen kompatibel sind, f\u00fcr Getriebetypen. Motoren haben geringes Gewicht, gesch\u00fctzten Encoder und Energieeffizienz bei h\u00f6chster Leistung. Alle Arten von Motoren sind in unserem Bestand verf\u00fcgbar. Kontaktieren Sie uns einfach.<\/span><\/p>\n","protected":false},"featured_media":993118,"comment_status":"open","ping_status":"closed","template":"","meta":[],"product_brand":[],"product_cat":[839],"product_tag":[],"class_list":{"0":"post-996255","1":"product","2":"type-product","3":"status-publish","4":"has-post-thumbnail","6":"product_cat-aufzugsmotoren","8":"first","9":"instock","10":"shipping-taxable","11":"product-type-simple","12":"prodpage-style2"},"_links":{"self":[{"href":"https:\/\/isfelevator.com\/de\/wp-json\/wp\/v2\/product\/996255","targetHints":{"allow":["GET"]}}],"collection":[{"href":"https:\/\/isfelevator.com\/de\/wp-json\/wp\/v2\/product"}],"about":[{"href":"https:\/\/isfelevator.com\/de\/wp-json\/wp\/v2\/types\/product"}],"replies":[{"embeddable":true,"href":"https:\/\/isfelevator.com\/de\/wp-json\/wp\/v2\/comments?post=996255"}],"wp:featuredmedia":[{"embeddable":true,"href":"https:\/\/isfelevator.com\/de\/wp-json\/wp\/v2\/media\/993118"}],"wp:attachment":[{"href":"https:\/\/isfelevator.com\/de\/wp-json\/wp\/v2\/media?parent=996255"}],"wp:term":[{"taxonomy":"product_brand","embeddable":true,"href":"https:\/\/isfelevator.com\/de\/wp-json\/wp\/v2\/product_brand?post=996255"},{"taxonomy":"product_cat","embeddable":true,"href":"https:\/\/isfelevator.com\/de\/wp-json\/wp\/v2\/product_cat?post=996255"},{"taxonomy":"product_tag","embeddable":true,"href":"https:\/\/isfelevator.com\/de\/wp-json\/wp\/v2\/product_tag?post=996255"}],"curies":[{"name":"wp","href":"https:\/\/api.w.org\/{rel}","templated":true}]}}