{"id":996247,"date":"2023-02-24T13:06:17","date_gmt":"2023-02-24T13:06:17","guid":{"rendered":"https:\/\/isfelevator.com\/product\/gearless-elevator-motor\/"},"modified":"2023-02-26T15:46:33","modified_gmt":"2023-02-26T15:46:33","slug":"gearless-elevator-motor","status":"publish","type":"product","link":"https:\/\/isfelevator.com\/de\/product\/gearless-elevator-motor\/","title":{"rendered":"Getriebeloser Aufzugsmotor"},"content":{"rendered":"<p><strong>Getriebeloser Aufzugsmotor.<\/strong><\/p>\n<p><strong>Getriebeloser Motor<\/strong> Kompaktes Design f\u00fcr raumgebundene und raumlose Anwendungen von Aufzugssystemen. Maximaler Fahrkomfort und minimaler Ger\u00e4uschpegel in der Kabine. 40% Energieeinsparung. Umweltfreundlich, da kein \u00d6l ben\u00f6tigt wird.<\/p>\n","protected":false},"excerpt":{"rendered":"<p><strong>Motoren<\/strong> Alle Motoren sind kompatibel mit MR- und MRL-Systemen, f\u00fcr getriebelose \u00dcbertragungsarten. Die Motoren haben ein geringes Gewicht, einen gesch\u00fctzten Geber und eine hohe Energieeffizienz bei h\u00f6chster Leistung. Alle Arten von Motoren sind in unserem Lager verf\u00fcgbar. Kontaktieren Sie uns einfach.<\/p>\n","protected":false},"featured_media":993070,"comment_status":"open","ping_status":"closed","template":"","meta":[],"product_brand":[],"product_cat":[839],"product_tag":[],"class_list":{"0":"post-996247","1":"product","2":"type-product","3":"status-publish","4":"has-post-thumbnail","6":"product_cat-aufzugsmotoren","8":"first","9":"instock","10":"shipping-taxable","11":"product-type-simple","12":"prodpage-style2"},"_links":{"self":[{"href":"https:\/\/isfelevator.com\/de\/wp-json\/wp\/v2\/product\/996247","targetHints":{"allow":["GET"]}}],"collection":[{"href":"https:\/\/isfelevator.com\/de\/wp-json\/wp\/v2\/product"}],"about":[{"href":"https:\/\/isfelevator.com\/de\/wp-json\/wp\/v2\/types\/product"}],"replies":[{"embeddable":true,"href":"https:\/\/isfelevator.com\/de\/wp-json\/wp\/v2\/comments?post=996247"}],"wp:featuredmedia":[{"embeddable":true,"href":"https:\/\/isfelevator.com\/de\/wp-json\/wp\/v2\/media\/993070"}],"wp:attachment":[{"href":"https:\/\/isfelevator.com\/de\/wp-json\/wp\/v2\/media?parent=996247"}],"wp:term":[{"taxonomy":"product_brand","embeddable":true,"href":"https:\/\/isfelevator.com\/de\/wp-json\/wp\/v2\/product_brand?post=996247"},{"taxonomy":"product_cat","embeddable":true,"href":"https:\/\/isfelevator.com\/de\/wp-json\/wp\/v2\/product_cat?post=996247"},{"taxonomy":"product_tag","embeddable":true,"href":"https:\/\/isfelevator.com\/de\/wp-json\/wp\/v2\/product_tag?post=996247"}],"curies":[{"name":"wp","href":"https:\/\/api.w.org\/{rel}","templated":true}]}}